{"id":1132,"date":"2025-03-24T15:34:10","date_gmt":"2025-03-24T07:34:10","guid":{"rendered":"https:\/\/www.smmarbleinlay.com\/?post_type=product&#038;p=1132"},"modified":"2025-04-10T14:43:36","modified_gmt":"2025-04-10T06:43:36","slug":"luxury-marble-inlay-medallion-designer-floors","status":"publish","type":"product","link":"https:\/\/www.smmarbleinlay.com\/de\/produkt\/luxury-marble-inlay-medallion-designer-floors\/","title":{"rendered":"Luxus-Marmor-Intarsien-Medaillon-Designerb\u00f6den"},"content":{"rendered":"<h2>Luxuri\u00f6se Marmor-Intarsien-Designerb\u00f6den f\u00fcr repr\u00e4sentative R\u00e4ume<\/h2>\n<p>Dieser Designboden mit Marmorintarsien ist f\u00fcr luxuri\u00f6se Eingangsbereiche, gro\u00dfe Foyers und formelle Empfangsbereiche in gehobenen Wohnh\u00e4usern gedacht.<\/p>\n<p>Seine klassischen und aristokratischen Designerb\u00f6den verleihen ihm einen Hauch von Erhabenheit und machen ihn zur idealen Wahl f\u00fcr Villen, Herrenh\u00e4user und palast\u00e4hnliche Anwesen.<\/p>\n<p>Die symmetrischen, ornamentalen Muster vermitteln ein Gef\u00fchl von Raffinesse und Exklusivit\u00e4t.<\/p>\n<h2>Designer-Fu\u00dfb\u00f6den Raffinierte Farbpalette f\u00fcr eine anspruchsvolle Anmutung<\/h2>\n<p>Das Medaillon f\u00fcr Designerb\u00f6den zeichnet sich durch eine elegante Kombination aus warmem Gold, zartem Elfenbein, sattem Gr\u00fcn und tiefem Rot aus und harmoniert mit neoklassizistischen und barocken Interieurs.<\/p>\n<p>Die kunstvollen Schn\u00f6rkel und floralen Motive der Designerb\u00f6den verleihen dem Raum einen Hauch von k\u00fcnstlerischer Raffinesse und erg\u00e4nzen die luxuri\u00f6se Umgebung mit einem k\u00f6niglichen und doch einladenden Ambiente.<\/p>\n<h2>Hochwertige Marmorauswahl f\u00fcr dauerhafte Sch\u00f6nheit<\/h2>\n<p>Dieses aus hochwertigem Marmor gefertigte Medaillon f\u00fcr den Boden bietet eine au\u00dfergew\u00f6hnliche Haltbarkeit und eine hochglanzpolierte Oberfl\u00e4che, die die Brillanz der einzelnen Farben hervorhebt.<\/p>\n<p>Die Maserung des Natursteins und die komplizierten Muster sorgen daf\u00fcr, dass keine zwei Entw\u00fcrfe identisch sind, was jeder Installation eine individuelle Note verleiht.<\/p>\n<h2>Klassischer und luxuri\u00f6ser Design-Einfluss<\/h2>\n<p>Inspiriert von der klassischen europ\u00e4ischen Kunst, zeigt diese Marmorintarsie ein kunstvolles Pietra dure-Muster, das sorgf\u00e4ltig aus pr\u00e4zisionsgeschliffenen Steinen zusammengesetzt ist.<\/p>\n<p>Das Gleichgewicht zwischen floralen und geometrischen Elementen schafft ein zeitloses Meisterwerk, das die Eleganz und Erhabenheit des Bodens unterstreicht.<\/p>\n<h2>R\u00e4ume mit majest\u00e4tischer Pr\u00e4senz umgestalten<\/h2>\n<p>Ideal f\u00fcr Eingangsbereiche, Foyers, Korridore und Empfangshallen. Dieses Medaillon aus Intarsienmarmor ist ein Blickfang, der den Raum mit architektonischem Reichtum aufwertet.<\/p>\n<p>Ob als Mittelst\u00fcck eines Marmorbodens oder in Kombination mit Bord\u00fcrenintarsien, seine Pr\u00e4senz sorgt f\u00fcr eine beeindruckende optische Wirkung.<\/p>\n<h2>Ma\u00dfgeschneiderte Anpassungen f\u00fcr einzigartige Kreationen<\/h2>\n<p>Bei Stone Master bieten wir vollst\u00e4ndig anpassbare Medaillons aus Marmor an, die es dem Kunden erm\u00f6glichen, Gr\u00f6\u00dfe, Materialauswahl und Farbschemata zu \u00e4ndern, um sie an die \u00c4sthetik seiner Inneneinrichtung anzupassen.<\/p>\n<p>Unsere geschulten Handwerker sorgen f\u00fcr eine nahtlose Integration in die bestehende Einrichtung und verleihen jedem Projekt eine ganz pers\u00f6nliche Eleganz.<\/p>","protected":false},"excerpt":{"rendered":"<p><strong><b>Artikel Nummer: <\/b><\/strong>FL5H001<\/p>\n<p><strong>Material:<\/strong>\u00a0Mable, Edelstein. (Marmor Inlay Boden Design Materialien k\u00f6nnen angepasst werden)<\/p>\n<p><strong>Gr\u00f6\u00dfe:<\/strong>\u00a0Ma\u00dfgeschneiderte Gr\u00f6\u00dfe (benutzerdefinierte Gr\u00f6\u00dfe des Marmordesigns)<\/p>\n<p><strong>Entwurf:<\/strong>\u00a0Standard-Marmorb\u00f6den mit Intarsien oder individuell gestaltete Marmorintarsien<\/p>\n<p><strong>Anwendung:<\/strong>\u00a0Luxusvillen und -wohnungen, Hotels und Resorts, Gesch\u00e4ftsr\u00e4ume,<\/p>\n<p>\u00d6ffentliche R\u00e4ume, Treppenh\u00e4user &amp; Flure, Eingang &amp; Foyer, Pietra Dura Art Floor,<\/p>\n<p>High-End-Clubs und Privatclubs, Showrooms und Ausstellungsr\u00e4ume,<\/p>\n<p>Boutiquen, Museum, Kirche, Moschee, etc.<\/p>","protected":false},"featured_media":1186,"template":"","meta":{"_joinchat":[]},"product_brand":[],"product_cat":[20],"product_tag":[],"class_list":{"0":"post-1132","1":"product","2":"type-product","3":"status-publish","4":"has-post-thumbnail","6":"product_cat-classic-marble-inlay-flooring","8":"first","9":"instock","10":"shipping-taxable","11":"product-type-simple"},"_links":{"self":[{"href":"https:\/\/www.smmarbleinlay.com\/de\/wp-json\/wp\/v2\/product\/1132","targetHints":{"allow":["GET"]}}],"collection":[{"href":"https:\/\/www.smmarbleinlay.com\/de\/wp-json\/wp\/v2\/product"}],"about":[{"href":"https:\/\/www.smmarbleinlay.com\/de\/wp-json\/wp\/v2\/types\/product"}],"wp:featuredmedia":[{"embeddable":true,"href":"https:\/\/www.smmarbleinlay.com\/de\/wp-json\/wp\/v2\/media\/1186"}],"wp:attachment":[{"href":"https:\/\/www.smmarbleinlay.com\/de\/wp-json\/wp\/v2\/media?parent=1132"}],"wp:term":[{"taxonomy":"product_brand","embeddable":true,"href":"https:\/\/www.smmarbleinlay.com\/de\/wp-json\/wp\/v2\/product_brand?post=1132"},{"taxonomy":"product_cat","embeddable":true,"href":"https:\/\/www.smmarbleinlay.com\/de\/wp-json\/wp\/v2\/product_cat?post=1132"},{"taxonomy":"product_tag","embeddable":true,"href":"https:\/\/www.smmarbleinlay.com\/de\/wp-json\/wp\/v2\/product_tag?post=1132"}],"curies":[{"name":"wp","href":"https:\/\/api.w.org\/{rel}","templated":true}]}}