{"id":1142,"date":"2025-03-24T15:41:14","date_gmt":"2025-03-24T07:41:14","guid":{"rendered":"https:\/\/www.smmarbleinlay.com\/?post_type=product&#038;p=1142"},"modified":"2025-04-09T16:35:42","modified_gmt":"2025-04-09T08:35:42","slug":"luxury-marble-inlay-dining-table-top","status":"publish","type":"product","link":"https:\/\/www.smmarbleinlay.com\/de\/produkt\/luxury-marble-inlay-dining-table-top\/","title":{"rendered":"Luxuri\u00f6se Marmorintarsien-Esstischplatte"},"content":{"rendered":"<h2>Luxus-Marmor-Intarsien-Esstischplatte M\u00f6bel<\/h2>\n<p>Dieser Tisch mit Marmorintarsien ist ein Meisterwerk der Handwerkskunst, das einen klassischen Marmortisch mit einem komplizierten Intarsien-Design kombiniert.<\/p>\n<p>Der ma\u00dfgefertigte Marmortisch zeigt ein atemberaubendes botanisches Motiv, das mit pr\u00e4zisen Wasserstrahltechniken aus hochwertigem Naturstein gefertigt wurde.<\/p>\n<p>Der reiche Kontrast zwischen dem tiefschwarzen Marmor und den lebendigen, handverlesenen Einlegearbeiten schafft eine zeitlose \u00c4sthetik.<\/p>\n<h2>Anwendung des luxuri\u00f6sen Esstisches mit Marmorintarsien f\u00fcr luxuri\u00f6se R\u00e4ume<\/h2>\n<p>Diese Tischplatte mit Intarsien ist sowohl elegant als auch langlebig und damit der perfekte Mittelpunkt f\u00fcr Luxuswohnungen, gehobene Restaurants und exklusive Veranstaltungsorte.<\/p>\n<p>Speziell angefertigte Medaillons und aufw\u00e4ndige Marmorintarsien unterstreichen die anspruchsvolle Ausstrahlung.<\/p>","protected":false},"excerpt":{"rendered":"<p><strong><b>Artikel Nummer: <\/b><\/strong>TA4G001<\/p>\n<p><strong>Material:<\/strong>\u00a0Mable, Edelstein. (Marmor Inlay Tabelle Material kann angepasst werden)<\/p>\n<p><strong>Gr\u00f6\u00dfe:<\/strong>\u00a0Ma\u00dfgeschneiderte Gr\u00f6\u00dfe<\/p>\n<p><strong>Entwurf:<\/strong>\u00a0Standard- oder kundenspezifische Marmorintarsien-Tischdesigns<\/p>\n<p><strong>Anwendung:<\/strong>\u00a0Luxusvillen und -wohnungen, Hotels und Resorts, Gesch\u00e4ftsr\u00e4ume,<\/p>\n<p>Esszimmertisch mit Marmorintarsien, Pietra Dura Couchtisch, Esszimmertischplatte,<\/p>\n<p>Luxuri\u00f6se Esszimmer, klassische Wohnr\u00e4ume oder hochwertige B\u00fcroeinrichtungen,<\/p>\n<p>Marqueterie Kunst Intarsien Marmor Tisch, Marmor Intarsien M\u00f6bel,<\/p>\n<p>\u00d6ffentliche R\u00e4ume, High-End-Clubs und Privatclubs,<\/p>\n<p>Ausstellungs- und Ausstellungsr\u00e4ume, Boutiquen, Museen, Kirchen, Moscheen, usw.<\/p>","protected":false},"featured_media":1405,"template":"","meta":{"_joinchat":[]},"product_brand":[],"product_cat":[23],"product_tag":[],"class_list":{"0":"post-1142","1":"product","2":"type-product","3":"status-publish","4":"has-post-thumbnail","6":"product_cat-marble-inlay-table","8":"first","9":"instock","10":"shipping-taxable","11":"product-type-simple"},"_links":{"self":[{"href":"https:\/\/www.smmarbleinlay.com\/de\/wp-json\/wp\/v2\/product\/1142","targetHints":{"allow":["GET"]}}],"collection":[{"href":"https:\/\/www.smmarbleinlay.com\/de\/wp-json\/wp\/v2\/product"}],"about":[{"href":"https:\/\/www.smmarbleinlay.com\/de\/wp-json\/wp\/v2\/types\/product"}],"wp:featuredmedia":[{"embeddable":true,"href":"https:\/\/www.smmarbleinlay.com\/de\/wp-json\/wp\/v2\/media\/1405"}],"wp:attachment":[{"href":"https:\/\/www.smmarbleinlay.com\/de\/wp-json\/wp\/v2\/media?parent=1142"}],"wp:term":[{"taxonomy":"product_brand","embeddable":true,"href":"https:\/\/www.smmarbleinlay.com\/de\/wp-json\/wp\/v2\/product_brand?post=1142"},{"taxonomy":"product_cat","embeddable":true,"href":"https:\/\/www.smmarbleinlay.com\/de\/wp-json\/wp\/v2\/product_cat?post=1142"},{"taxonomy":"product_tag","embeddable":true,"href":"https:\/\/www.smmarbleinlay.com\/de\/wp-json\/wp\/v2\/product_tag?post=1142"}],"curies":[{"name":"wp","href":"https:\/\/api.w.org\/{rel}","templated":true}]}}