{"id":1143,"date":"2025-03-24T15:42:07","date_gmt":"2025-03-24T07:42:07","guid":{"rendered":"https:\/\/www.smmarbleinlay.com\/?post_type=product&#038;p=1143"},"modified":"2025-04-09T16:17:37","modified_gmt":"2025-04-09T08:17:37","slug":"elegant-marble-inlay-dining-table","status":"publish","type":"product","link":"https:\/\/www.smmarbleinlay.com\/de\/produkt\/elegant-marble-inlay-dining-table\/","title":{"rendered":"Elegante Marmorintarsien-Esstischplatte"},"content":{"rendered":"<h2>Elegante Marmorintarsien f\u00fcr Esstischplatten M\u00f6bel<\/h2>\n<p>Diese Tischplatte mit Marmorintarsien ist eine perfekte Mischung aus k\u00fcnstlerischer Perfektion und Langlebigkeit.<\/p>\n<p>Sie ist aus hochwertigem klassischem Marmor gefertigt und weist ein aufwendiges Pietra dure-Design mit lebhaften floralen und botanischen Motiven auf.<\/p>\n<h2>Einzigartiges Design von Marmorintarsien Esstischplatten M\u00f6bel<\/h2>\n<p>Mit Hilfe fortschrittlicher Wasserstrahltechniken wird jedes Element der Einlegearbeit pr\u00e4zise geschnitten und zusammengesetzt, wodurch ein nahtloses, luxuri\u00f6ses Aussehen entsteht.<\/p>\n<p>Der k\u00fchne Kontrast zwischen dem schwarzen Marmorhintergrund und den farbenfrohen Einlegearbeiten unterstreicht seine Raffinesse.<\/p>\n<h2>Anwendung von Marmor Intarsien Esstisch M\u00f6bel<\/h2>\n<p>Dieser ma\u00dfgefertigte Medaillontisch ist ideal f\u00fcr gehobene Essbereiche, Luxusresidenzen und gehobene Gastlichkeit. Er zeigt die zeitlose Sch\u00f6nheit von Marmorintarsien und ist ein echtes Statement.<\/p>","protected":false},"excerpt":{"rendered":"<p><strong><b>Artikel Nummer: <\/b><\/strong>TA5E001<\/p>\n<p><strong>Material:<\/strong>\u00a0Mable, Edelstein. (Marmor Inlay Tabelle Material kann angepasst werden)<\/p>\n<p><strong>Gr\u00f6\u00dfe:<\/strong>\u00a0Ma\u00dfgeschneiderte Gr\u00f6\u00dfe<\/p>\n<p><strong>Entwurf:<\/strong>\u00a0Standard- oder kundenspezifische Marmorintarsien-Tischdesigns<\/p>\n<p><strong>Anwendung:<\/strong>\u00a0Luxusvillen und -wohnungen, Hotels und Resorts, Gesch\u00e4ftsr\u00e4ume,<\/p>\n<p>Esszimmertisch mit Marmorintarsien, Pietra Dura Couchtisch, Esszimmertischplatte,<\/p>\n<p>Luxuri\u00f6se Esszimmer, klassische Wohnr\u00e4ume oder hochwertige B\u00fcroeinrichtungen,<\/p>\n<p>Marqueterie Kunst Intarsien Marmor Tisch, Marmor Intarsien M\u00f6bel,<\/p>\n<p>\u00d6ffentliche R\u00e4ume, High-End-Clubs und Privatclubs,<\/p>\n<p>Ausstellungs- und Ausstellungsr\u00e4ume, Boutiquen, Museen, Kirchen, Moscheen, usw.<\/p>","protected":false},"featured_media":1408,"template":"","meta":{"_joinchat":[]},"product_brand":[],"product_cat":[23],"product_tag":[],"class_list":{"0":"post-1143","1":"product","2":"type-product","3":"status-publish","4":"has-post-thumbnail","6":"product_cat-marble-inlay-table","8":"first","9":"instock","10":"shipping-taxable","11":"product-type-simple"},"_links":{"self":[{"href":"https:\/\/www.smmarbleinlay.com\/de\/wp-json\/wp\/v2\/product\/1143","targetHints":{"allow":["GET"]}}],"collection":[{"href":"https:\/\/www.smmarbleinlay.com\/de\/wp-json\/wp\/v2\/product"}],"about":[{"href":"https:\/\/www.smmarbleinlay.com\/de\/wp-json\/wp\/v2\/types\/product"}],"wp:featuredmedia":[{"embeddable":true,"href":"https:\/\/www.smmarbleinlay.com\/de\/wp-json\/wp\/v2\/media\/1408"}],"wp:attachment":[{"href":"https:\/\/www.smmarbleinlay.com\/de\/wp-json\/wp\/v2\/media?parent=1143"}],"wp:term":[{"taxonomy":"product_brand","embeddable":true,"href":"https:\/\/www.smmarbleinlay.com\/de\/wp-json\/wp\/v2\/product_brand?post=1143"},{"taxonomy":"product_cat","embeddable":true,"href":"https:\/\/www.smmarbleinlay.com\/de\/wp-json\/wp\/v2\/product_cat?post=1143"},{"taxonomy":"product_tag","embeddable":true,"href":"https:\/\/www.smmarbleinlay.com\/de\/wp-json\/wp\/v2\/product_tag?post=1143"}],"curies":[{"name":"wp","href":"https:\/\/api.w.org\/{rel}","templated":true}]}}