{"id":1149,"date":"2025-03-24T15:49:47","date_gmt":"2025-03-24T07:49:47","guid":{"rendered":"https:\/\/www.smmarbleinlay.com\/?post_type=product&#038;p=1149"},"modified":"2025-04-09T16:56:21","modified_gmt":"2025-04-09T08:56:21","slug":"minimalist-marble-inlay-flooring-premium-marble-material-modern","status":"publish","type":"product","link":"https:\/\/www.smmarbleinlay.com\/de\/produkt\/minimalist-marble-inlay-flooring-premium-marble-material-modern\/","title":{"rendered":"Minimalistischer Marmor-Intarsien-Bodenbelag Hochwertiges Marmor-Material Modern"},"content":{"rendered":"<h2><strong><b>Pr\u00e4mie <\/b><\/strong><strong><b>Marmor-Inlay <\/b><\/strong><strong><b>Material: Minimalistischer Marmor-Intarsien-Bodenbelag<\/b><\/strong><\/h2>\n<p>Minimalistische Marmor-Intarsienb\u00f6den aus hochwertigem, modernem Marmor sind f\u00fcr luxuri\u00f6se Innenr\u00e4ume geeignet.<\/p>\n<p>Dieser aus hochwertigem Marmor gefertigte Bodenbelag garantiert Langlebigkeit und einen luxuri\u00f6sen Touch.<\/p>\n<p>Die Natursteinoberfl\u00e4che ist nicht nur elegant, sondern auch verschlei\u00dffest und damit ideal f\u00fcr stark frequentierte Bereiche.<\/p>\n<h2><strong><b>Anspruchsvolle Farbkombination<\/b><\/strong><\/h2>\n<p>Der minimalistische Bodenbelag mit Marmorintarsien ist in einem zeitlosen Schwarz-Wei\u00df-Farbschema gehalten und bietet einen starken Kontrast, der jeden Raum aufwertet.<\/p>\n<p>Diese klassische Farbpalette passt zu verschiedenen Einrichtungsstilen, von modern bis traditionell.<\/p>\n<h2><strong><b>Elegantes Musterdesign<\/b><\/strong><\/h2>\n<p>Das geometrische, kreisf\u00f6rmige Muster verleiht dem Boden ein Gef\u00fchl von Rhythmus und Bewegung und schafft so einen visuell ansprechenden Boden.<\/p>\n<p>Die pr\u00e4zise geschliffenen Intarsien unterstreichen die feine Handwerkskunst und machen jedes St\u00fcck zu einem Kunstwerk.<\/p>\n<h2><strong><b>Vielseitige Anwendungen<\/b><\/strong><\/h2>\n<p>Dieser Marmorboden ist ideal f\u00fcr Luxuswohnungen, Spitzenrestaurants, Boutique-Hotels und stilvolle Caf\u00e9s und verleiht R\u00e4umen Raffinesse.<\/p>\n<p>Er eignet sich hervorragend f\u00fcr Eingangsbereiche, Lounges und offene Barbereiche und verleiht ihnen Charakter und Charme.<\/p>","protected":false},"excerpt":{"rendered":"<p><strong>Modernes Design f\u00fcr Intarsienb\u00f6den aus Marmor<\/strong><\/p>\n<p><strong><b>Artikel Nummer: <\/b><\/strong>FLM4G001<\/p>\n<p><strong>Material:<\/strong>\u00a0Mable, Edelstein. (Marmor Inlay Boden Design Materialien k\u00f6nnen angepasst werden)<\/p>\n<p><strong>Gr\u00f6\u00dfe:<\/strong>\u00a0Ma\u00dfgeschneiderte Gr\u00f6\u00dfe (individuelle Gr\u00f6\u00dfe der Marmorintarsien im Bodendesign)<\/p>\n<p><strong>Entwurf:<\/strong>\u00a0Standard- oder kundenspezifisches Design f\u00fcr Marmorintarsienb\u00f6den<\/p>\n<p><strong>Anwendung:<\/strong>\u00a0Luxusvillen und -wohnungen, Hotels und Resorts, Gesch\u00e4ftsr\u00e4ume,<\/p>\n<p>\u00d6ffentliche R\u00e4ume, Treppenh\u00e4user &amp; Flure, Eingang &amp; Foyer, Pietra Dura Art Floor,<\/p>\n<p>High-End-Clubs und Privatclubs, Showrooms und Ausstellungsr\u00e4ume,<\/p>\n<p>Boutiquen, Museum, Kirche, Moschee, etc.<\/p>","protected":false},"featured_media":1849,"template":"","meta":{"_joinchat":[]},"product_brand":[],"product_cat":[21],"product_tag":[],"class_list":{"0":"post-1149","1":"product","2":"type-product","3":"status-publish","4":"has-post-thumbnail","6":"product_cat-contemporary-marble-inlay-flooring","8":"first","9":"instock","10":"shipping-taxable","11":"product-type-simple"},"_links":{"self":[{"href":"https:\/\/www.smmarbleinlay.com\/de\/wp-json\/wp\/v2\/product\/1149","targetHints":{"allow":["GET"]}}],"collection":[{"href":"https:\/\/www.smmarbleinlay.com\/de\/wp-json\/wp\/v2\/product"}],"about":[{"href":"https:\/\/www.smmarbleinlay.com\/de\/wp-json\/wp\/v2\/types\/product"}],"wp:featuredmedia":[{"embeddable":true,"href":"https:\/\/www.smmarbleinlay.com\/de\/wp-json\/wp\/v2\/media\/1849"}],"wp:attachment":[{"href":"https:\/\/www.smmarbleinlay.com\/de\/wp-json\/wp\/v2\/media?parent=1149"}],"wp:term":[{"taxonomy":"product_brand","embeddable":true,"href":"https:\/\/www.smmarbleinlay.com\/de\/wp-json\/wp\/v2\/product_brand?post=1149"},{"taxonomy":"product_cat","embeddable":true,"href":"https:\/\/www.smmarbleinlay.com\/de\/wp-json\/wp\/v2\/product_cat?post=1149"},{"taxonomy":"product_tag","embeddable":true,"href":"https:\/\/www.smmarbleinlay.com\/de\/wp-json\/wp\/v2\/product_tag?post=1149"}],"curies":[{"name":"wp","href":"https:\/\/api.w.org\/{rel}","templated":true}]}}