{"id":1170,"date":"2025-03-25T11:01:00","date_gmt":"2025-03-25T03:01:00","guid":{"rendered":"https:\/\/www.smmarbleinlay.com\/?post_type=product&#038;p=1170"},"modified":"2025-04-09T16:08:43","modified_gmt":"2025-04-09T08:08:43","slug":"custom-marble-table-top","status":"publish","type":"product","link":"https:\/\/www.smmarbleinlay.com\/de\/produkt\/custom-marble-table-top\/","title":{"rendered":"Ma\u00dfgeschneiderte Marmortischplatte - zeitlose Eleganz und Langlebigkeit"},"content":{"rendered":"<h2>Exquisite Marmor-Tischplatte nach Ma\u00df<\/h2>\n<p>Die Tischplatte mit Marmorintarsien ist eine perfekte Mischung aus Handwerkskunst und Eleganz.<\/p>\n<p>Diese aus hochwertigem Naturmarmor gefertigte Marmorplatte zeigt die feinste Kunst der Pietra Dure, einer antiken dekorativen Technik, die f\u00fcr ihre komplizierten Steineinlegearbeiten bekannt ist.<\/p>\n<h2>Einzigartige Tischplatte aus Marmor<\/h2>\n<p>Das Design der Intarsien-Tischplatten wird sorgf\u00e4ltig im Wasserstrahlverfahren hergestellt, was Pr\u00e4zision und komplizierte Details gew\u00e4hrleistet.<\/p>\n<p>Die Intarsien-Tischplatten weisen klassische Marmor-Intarsienmuster auf, die geometrische Symmetrie und florale Motive kombinieren, um ihre \u00c4sthetik zu unterstreichen.<\/p>\n<p>Jede Intarsien-Tischplatte ist ein Meisterwerk, das eine reiche Palette von Natursteinfarben enth\u00e4lt und jedem Raum Tiefe und Lebendigkeit verleiht.<\/p>\n<h2>Anwendung der individuellen Marmortischplatte f\u00fcr luxuri\u00f6se R\u00e4ume<\/h2>\n<p>Diese Tischplatte mit Intarsien aus Marmor passt sowohl zu modernen als auch zu klassischen Interieurs und eignet sich ideal f\u00fcr luxuri\u00f6se Speises\u00e4le, stilvolle Caf\u00e9s und elegante Teesalons.<\/p>\n<p>Ob in einer gehobenen Wohnung oder in einem gehobenen Gesch\u00e4ftsraum, dieser Tisch setzt einen raffinierten Akzent und bietet sowohl Haltbarkeit als auch zeitlose Sch\u00f6nheit.<\/p>\n<p>Erleben Sie den Charme feiner Marmorhandwerkskunst mit unserem hochwertigen Tisch mit Marmorintarsien, ein wahres Statement von Eleganz und Luxus.<\/p>","protected":false},"excerpt":{"rendered":"<p><strong>Artikel Nummer: <\/strong>TA4G002<\/p>\n<p><strong>Material:<\/strong>\u00a0Mable, Edelstein. (Marmor Inlay Tabelle Material kann angepasst werden)<\/p>\n<p><strong>Gr\u00f6\u00dfe:<\/strong>\u00a0Ma\u00dfgeschneiderte Gr\u00f6\u00dfe<\/p>\n<p><strong>Entwurf:<\/strong>\u00a0Standard- oder kundenspezifische Marmorintarsien-Tischdesigns<\/p>\n<p><strong>Anwendung:<\/strong>\u00a0Luxusvillen und -wohnungen, Hotels und Resorts, Gesch\u00e4ftsr\u00e4ume,<\/p>\n<p>Esszimmertisch mit Marmorintarsien, Pietra Dura Couchtisch, Esszimmertischplatte,<\/p>\n<p>Luxuri\u00f6se Esszimmer, klassische Wohnr\u00e4ume oder hochwertige B\u00fcroeinrichtungen,<\/p>\n<p>Marqueterie Kunst Intarsien Marmor Tisch, Marmor Intarsien M\u00f6bel,<\/p>\n<p>\u00d6ffentliche R\u00e4ume, High-End-Clubs und Privatclubs,<\/p>\n<p>Ausstellungs- und Ausstellungsr\u00e4ume, Boutiquen, Museen, Kirchen, Moscheen, usw.<\/p>","protected":false},"featured_media":1412,"template":"","meta":{"_joinchat":[]},"product_brand":[],"product_cat":[23],"product_tag":[],"class_list":{"0":"post-1170","1":"product","2":"type-product","3":"status-publish","4":"has-post-thumbnail","6":"product_cat-marble-inlay-table","8":"first","9":"instock","10":"shipping-taxable","11":"product-type-simple"},"_links":{"self":[{"href":"https:\/\/www.smmarbleinlay.com\/de\/wp-json\/wp\/v2\/product\/1170","targetHints":{"allow":["GET"]}}],"collection":[{"href":"https:\/\/www.smmarbleinlay.com\/de\/wp-json\/wp\/v2\/product"}],"about":[{"href":"https:\/\/www.smmarbleinlay.com\/de\/wp-json\/wp\/v2\/types\/product"}],"wp:featuredmedia":[{"embeddable":true,"href":"https:\/\/www.smmarbleinlay.com\/de\/wp-json\/wp\/v2\/media\/1412"}],"wp:attachment":[{"href":"https:\/\/www.smmarbleinlay.com\/de\/wp-json\/wp\/v2\/media?parent=1170"}],"wp:term":[{"taxonomy":"product_brand","embeddable":true,"href":"https:\/\/www.smmarbleinlay.com\/de\/wp-json\/wp\/v2\/product_brand?post=1170"},{"taxonomy":"product_cat","embeddable":true,"href":"https:\/\/www.smmarbleinlay.com\/de\/wp-json\/wp\/v2\/product_cat?post=1170"},{"taxonomy":"product_tag","embeddable":true,"href":"https:\/\/www.smmarbleinlay.com\/de\/wp-json\/wp\/v2\/product_tag?post=1170"}],"curies":[{"name":"wp","href":"https:\/\/api.w.org\/{rel}","templated":true}]}}