{"id":1211,"date":"2025-03-25T16:37:40","date_gmt":"2025-03-25T08:37:40","guid":{"rendered":"https:\/\/www.smmarbleinlay.com\/?post_type=product&#038;p=1211"},"modified":"2025-04-10T10:26:12","modified_gmt":"2025-04-10T02:26:12","slug":"luxurious-inlaid-marble-flooring-square-medallion","status":"publish","type":"product","link":"https:\/\/www.smmarbleinlay.com\/de\/produkt\/luxurious-inlaid-marble-flooring-square-medallion\/","title":{"rendered":"Luxuri\u00f6ser Intarsien-Marmorfu\u00dfboden Quadratisches Medaillon"},"content":{"rendered":"<h2>Eingelegter Marmorfu\u00dfboden Quadratisches Medaillon f\u00fcr luxuri\u00f6se R\u00e4ume<\/h2>\n<p>Dieses Medaillon aus eingelegtem Marmor ist ein wahrer Ausdruck von Luxus und Raffinesse. Es wurde sorgf\u00e4ltig hergestellt, um die Erhabenheit von hochwertigen Wohnr\u00e4umen zu unterstreichen.<\/p>\n<p>Mit seinem exquisiten Medaillondesign mit eingelegtem Marmorboden verk\u00f6rpert dieses ma\u00dfgefertigte Marmordesignst\u00fcck die Kunst des eingelegten Marmors und ist damit die perfekte Wahl f\u00fcr opulente Residenzen, gro\u00dfe Hotellobbys und luxuri\u00f6se Lounges.<\/p>\n<h2>Luxuri\u00f6se Intarsienb\u00f6den aus Marmor - Material und Handwerkskunst<\/h2>\n<p>Diese aus feinstem Naturmarmor gefertigte Marmorintarsie wird mit modernster Wasserstrahlschneidetechnik hergestellt, die Pr\u00e4zision in jedem Detail gew\u00e4hrleistet.<\/p>\n<p>Die nahtlose Intarsienarbeit zeigt das handwerkliche K\u00f6nnen erfahrener Kunsthandwerker und verbindet \u00c4sthetik mit Langlebigkeit.<\/p>\n<h2>Luxuri\u00f6ser Intarsien-Marmorboden Farbpalette &amp; Design-\u00c4sthetik<\/h2>\n<p>Der Bodenbelag besteht aus cremewei\u00dfem Marmor, der den Raum erhellt und ein luxuri\u00f6ses Ambiente schafft.<\/p>\n<p>Das Design wird durch elegante Gold-, Burgunder- und erdige Gr\u00fcnt\u00f6ne akzentuiert, die komplizierte Blumen- und Schn\u00f6rkelmuster bilden.<\/p>\n<p>Eine reiche Marmoreinfassung mit kontrastierenden Farbt\u00f6nen umrahmt das Design und verst\u00e4rkt seine k\u00f6nigliche Ausstrahlung.<\/p>\n<p>Das symmetrische Bodenmarmormedaillon in der Mitte dient als Blickfang und verleiht dem Raum Tiefe und Erhabenheit.<\/p>\n<h2>Luxuri\u00f6ser Intarsien-Marmorfu\u00dfboden Kunstvolles Musterdesign<\/h2>\n<h3>Dieses Marmorintarsien-Design ist von klassischen europ\u00e4ischen Motiven inspiriert, die florale Schn\u00f6rkel im Barockstil mit geometrischer Symmetrie kombinieren.<\/h3>\n<p>Die vierfache Verspiegelung sorgt f\u00fcr einen harmonischen Fluss und l\u00e4sst den Boden wie einen filigranen, aus Marmor gewebten Teppich erscheinen.<\/p>\n<p>Die feinen Kurven und Schn\u00f6rkel spiegeln die filigrane Kunst der Pietra dure wider und schaffen einen eleganten visuellen Rhythmus, der die Erhabenheit jedes Interieurs unterstreicht.<\/p>\n<p>Das zentrale Medaillon ist subtil definiert und f\u00fcgt sich nahtlos in die umgebenden Muster ein, um eine ausgewogene, luxuri\u00f6se \u00c4sthetik zu erhalten.<\/p>\n<p>Die verzierte Umrandung dient sowohl als Rahmen als auch als \u00dcbergang und sorgt daf\u00fcr, dass das Design hervorsticht und gleichzeitig die architektonischen Elemente des Raumes erg\u00e4nzt.<\/p>\n<h2>Luxuri\u00f6se Intarsienb\u00f6den aus Marmor Anwendungen &amp; ideale R\u00e4ume<\/h2>\n<h3>Dieser raffinierte Bodenbelag mit Marmorintarsien ist ideal f\u00fcr:<\/h3>\n<ul>\n<li>Luxusvillen und Herrenh\u00e4user - Erh\u00f6hte Wohnr\u00e4ume, gro\u00dfe Foyers und Flure.<\/li>\n<li>Prestigetr\u00e4chtige Hotels und Pal\u00e4ste - Verleiht Lobbys und Suiten einen Hauch von zeitloser Eleganz.<\/li>\n<li>Boutique-Gesch\u00e4fte und Designer-Showrooms - Schaffen eine Atmosph\u00e4re von Exklusivit\u00e4t und Raffinesse.<\/li>\n<li>Banketts\u00e4le und hochwertige B\u00fcros - eine majest\u00e4tische Grundlage f\u00fcr elegante Innenr\u00e4ume.<\/li>\n<\/ul>\n<h2>Luxuri\u00f6ser Intarsien-Marmorfu\u00dfboden Anpassung &amp; Personalisierung<\/h2>\n<p>Stone Master bietet vollst\u00e4ndig anpassbare Optionen, die es den Kunden erm\u00f6glichen, aus einer Vielzahl von Marmorarten, -farben, -mustern und -gr\u00f6\u00dfen zu w\u00e4hlen, die ihren Designvorstellungen entsprechen.<\/p>\n<p>Unser fachkundiges Designteam bietet individuelle L\u00f6sungen f\u00fcr Marmorintarsien an und sorgt daf\u00fcr, dass jedes Projekt den einzigartigen Stil und die Vorlieben des Kunden widerspiegelt.<\/p>\n<p>Mit seiner unvergleichlichen Handwerkskunst und seinen luxuri\u00f6sen Details verwandelt dieses Bodenmarmor-Medaillon jeden Raum in ein Meisterwerk der raffinierten Eleganz.<\/p>","protected":false},"excerpt":{"rendered":"<p><strong>Artikel Nummer: <\/strong>FL5H005<\/p>\n<p><strong>Material:<\/strong>\u00a0Mable, Edelstein. (Marmor Inlay Boden Design Materialien k\u00f6nnen angepasst werden)<\/p>\n<p><strong>Gr\u00f6\u00dfe:<\/strong>\u00a0Ma\u00dfgeschneiderte Gr\u00f6\u00dfe (benutzerdefinierte Gr\u00f6\u00dfe des Marmordesigns)<\/p>\n<p><strong>Entwurf:<\/strong>\u00a0Standard-Marmorb\u00f6den mit Intarsien oder individuell gestaltete Marmorintarsien<\/p>\n<p><strong>Anwendung:<\/strong>\u00a0Luxusvillen und -wohnungen, Hotels und Resorts, Gesch\u00e4ftsr\u00e4ume,<\/p>\n<p>\u00d6ffentliche R\u00e4ume, Treppenh\u00e4user &amp; Flure, Eingang &amp; Foyer, Pietra Dura Art Floor,<\/p>\n<p>High-End-Clubs und Privatclubs, Showrooms und Ausstellungsr\u00e4ume,<\/p>\n<p>Boutiquen, Museum, Kirche, Moschee, etc.<\/p>","protected":false},"featured_media":1212,"template":"","meta":{"_joinchat":[]},"product_brand":[],"product_cat":[20],"product_tag":[],"class_list":{"0":"post-1211","1":"product","2":"type-product","3":"status-publish","4":"has-post-thumbnail","6":"product_cat-classic-marble-inlay-flooring","8":"first","9":"instock","10":"shipping-taxable","11":"product-type-simple"},"_links":{"self":[{"href":"https:\/\/www.smmarbleinlay.com\/de\/wp-json\/wp\/v2\/product\/1211","targetHints":{"allow":["GET"]}}],"collection":[{"href":"https:\/\/www.smmarbleinlay.com\/de\/wp-json\/wp\/v2\/product"}],"about":[{"href":"https:\/\/www.smmarbleinlay.com\/de\/wp-json\/wp\/v2\/types\/product"}],"wp:featuredmedia":[{"embeddable":true,"href":"https:\/\/www.smmarbleinlay.com\/de\/wp-json\/wp\/v2\/media\/1212"}],"wp:attachment":[{"href":"https:\/\/www.smmarbleinlay.com\/de\/wp-json\/wp\/v2\/media?parent=1211"}],"wp:term":[{"taxonomy":"product_brand","embeddable":true,"href":"https:\/\/www.smmarbleinlay.com\/de\/wp-json\/wp\/v2\/product_brand?post=1211"},{"taxonomy":"product_cat","embeddable":true,"href":"https:\/\/www.smmarbleinlay.com\/de\/wp-json\/wp\/v2\/product_cat?post=1211"},{"taxonomy":"product_tag","embeddable":true,"href":"https:\/\/www.smmarbleinlay.com\/de\/wp-json\/wp\/v2\/product_tag?post=1211"}],"curies":[{"name":"wp","href":"https:\/\/api.w.org\/{rel}","templated":true}]}}