{"id":1217,"date":"2025-03-25T16:44:53","date_gmt":"2025-03-25T08:44:53","guid":{"rendered":"https:\/\/www.smmarbleinlay.com\/?post_type=product&#038;p=1217"},"modified":"2025-04-10T10:18:20","modified_gmt":"2025-04-10T02:18:20","slug":"mosaic-carpet-medallion-marble-inlay-flooring","status":"publish","type":"product","link":"https:\/\/www.smmarbleinlay.com\/de\/produkt\/mosaic-carpet-medallion-marble-inlay-flooring\/","title":{"rendered":"Luxus-Mosaik-Teppich Medaillon Marmor-Intarsien-Bodenbelag"},"content":{"rendered":"<h2>Luxus-Mosaik-Teppich Medaillon Marmor-Inlay Bodenbelag Material &amp; Handwerkskunst<\/h2>\n<p>Dieser atemberaubende Mosaikteppich mit Medaillon-Marmorintarsien ist aus hochwertigem Marmor gefertigt und garantiert Langlebigkeit und eine zeitlose Ausstrahlung.<\/p>\n<p>Die komplizierten Mosaikteppichmedaillons mit Marmorintarsien zeigen die hohe Kunst der Marmorintarsien, eine Technik, die Naturstein mit pr\u00e4ziser Handwerkskunst verbindet.<\/p>\n<p>Die polierte Oberfl\u00e4che von Mosaikteppichmedaillons mit Marmorintarsien unterstreicht die nat\u00fcrliche Sch\u00f6nheit des Marmors und macht ihn sowohl elegant als auch langlebig.<\/p>\n<h2>Klassischer Marmorboden Farbpalette &amp; Design<\/h2>\n<p>Der klassische Mosaikboden im Marmordesign zeichnet sich durch eine harmonische Mischung aus warmen Gold-, tiefen Rot- und sanften Beiget\u00f6nen aus, die eine opulente \u00c4sthetik schaffen.<\/p>\n<p>Die detaillierten floralen und ornamentalen Muster sorgen f\u00fcr ein Gef\u00fchl der Erhabenheit und machen dieses individuelle Marmormosaikdesign perfekt f\u00fcr luxuri\u00f6se R\u00e4ume.<\/p>\n<p>Die Marmormosaikmedaillons sind mit traditionellen Motiven versehen, die Raffinesse und Tradition ausstrahlen.<\/p>\n<h2>Ideale Anwendungen f\u00fcr High-End-Innenr\u00e4ume<\/h2>\n<h3>Dieses Marmor-Medaillon ist die ideale Wahl f\u00fcr eine Vielzahl von gehobenen Einrichtungen, darunter:<\/h3>\n<ul>\n<li>Hotel Lobbies &amp; Grand Entrances - Verbesserung des ersten Eindrucks durch einen markanten Blickfang.<\/li>\n<li>Luxuri\u00f6se Villen und Herrenh\u00e4user - Sie verleihen gro\u00dfen Fluren und Balls\u00e4len einen aristokratischen Touch.<\/li>\n<li>Banketts\u00e4le und Empfangsbereiche - Schaffen Sie eine k\u00f6nigliche Atmosph\u00e4re f\u00fcr prestigetr\u00e4chtige Veranstaltungen.<\/li>\n<li>Pal\u00e4ste und High-End-Clubs - Aufwertung der Innenr\u00e4ume durch zeitlose Eleganz und Luxus.<\/li>\n<\/ul>\n<h2>Marmorfu\u00dfboden-Anpassung und ma\u00dfgeschneiderte Design-Dienstleistungen<\/h2>\n<p>Bei Stone Master bieten wir ma\u00dfgeschneiderte Marmordesigns an, um Intarsienmuster, Farben und Materialien an Ihre einzigartigen \u00e4sthetischen Vorstellungen anzupassen.<\/p>\n<p>Durch den Einsatz fortschrittlicher Wasserstrahlschneidetechniken in Kombination mit traditionellen Handarbeitstechniken stellen wir sicher, dass jedes St\u00fcck mit Pr\u00e4zision und k\u00fcnstlerischer Exzellenz gefertigt wird.<\/p>\n<p>Ganz gleich, ob Sie einen ma\u00dfgeschneiderten Marmorfu\u00dfboden f\u00fcr eine Privatwohnung oder ein Gro\u00dfprojekt w\u00fcnschen, unser Team kann Ihre Vision mit unvergleichlicher Handwerkskunst zum Leben erwecken.<\/p>\n<p>Veredeln Sie Ihren Raum mit dem Luxus von Marmorintarsien - einer perfekten Kombination aus klassischem Design, exquisiter Handwerkskunst und zeitloser Sch\u00f6nheit.<\/p>","protected":false},"excerpt":{"rendered":"<p><strong>Artikel Nummer: <\/strong>FL6I002<\/p>\n<p><strong>Material:<\/strong>\u00a0Mable, Edelstein. (Material kann angepasst werden)<\/p>\n<p><strong>Gr\u00f6\u00dfe:<\/strong>\u00a0Ma\u00dfgeschneiderte Gr\u00f6\u00dfe<\/p>\n<p><strong>Entwurf:<\/strong>\u00a0Standard- oder kundenspezifische Ausf\u00fchrungen<\/p>\n<p><strong>Anwendung:<\/strong>\u00a0Luxusvillen und -wohnungen, Hotels und Resorts, Gesch\u00e4ftsr\u00e4ume,<\/p>\n<p>\u00d6ffentliche R\u00e4ume, Treppenh\u00e4user und Flure, Eingang und Foyer,<\/p>\n<p>High-End-Clubs und Privatclubs, Showrooms und Ausstellungsr\u00e4ume,<\/p>\n<p>Boutiquen, Museum, Kirche, Moschee, etc.<\/p>","protected":false},"featured_media":1218,"template":"","meta":{"_joinchat":[]},"product_brand":[],"product_cat":[20],"product_tag":[],"class_list":{"0":"post-1217","1":"product","2":"type-product","3":"status-publish","4":"has-post-thumbnail","6":"product_cat-classic-marble-inlay-flooring","8":"first","9":"instock","10":"shipping-taxable","11":"product-type-simple"},"_links":{"self":[{"href":"https:\/\/www.smmarbleinlay.com\/de\/wp-json\/wp\/v2\/product\/1217","targetHints":{"allow":["GET"]}}],"collection":[{"href":"https:\/\/www.smmarbleinlay.com\/de\/wp-json\/wp\/v2\/product"}],"about":[{"href":"https:\/\/www.smmarbleinlay.com\/de\/wp-json\/wp\/v2\/types\/product"}],"wp:featuredmedia":[{"embeddable":true,"href":"https:\/\/www.smmarbleinlay.com\/de\/wp-json\/wp\/v2\/media\/1218"}],"wp:attachment":[{"href":"https:\/\/www.smmarbleinlay.com\/de\/wp-json\/wp\/v2\/media?parent=1217"}],"wp:term":[{"taxonomy":"product_brand","embeddable":true,"href":"https:\/\/www.smmarbleinlay.com\/de\/wp-json\/wp\/v2\/product_brand?post=1217"},{"taxonomy":"product_cat","embeddable":true,"href":"https:\/\/www.smmarbleinlay.com\/de\/wp-json\/wp\/v2\/product_cat?post=1217"},{"taxonomy":"product_tag","embeddable":true,"href":"https:\/\/www.smmarbleinlay.com\/de\/wp-json\/wp\/v2\/product_tag?post=1217"}],"curies":[{"name":"wp","href":"https:\/\/api.w.org\/{rel}","templated":true}]}}