{"id":1223,"date":"2025-03-25T16:51:13","date_gmt":"2025-03-25T08:51:13","guid":{"rendered":"https:\/\/www.smmarbleinlay.com\/?post_type=product&#038;p=1223"},"modified":"2025-04-10T10:13:32","modified_gmt":"2025-04-10T02:13:32","slug":"luxury-round-marble-inlay-medallion-circle","status":"publish","type":"product","link":"https:\/\/www.smmarbleinlay.com\/de\/produkt\/luxury-round-marble-inlay-medallion-circle\/","title":{"rendered":"Luxuri\u00f6se runde Marmorintarsie Medaillon Kreis"},"content":{"rendered":"<h2>Kreisf\u00f6rmiges Medaillon Premium Rundes Marmor-Inlay Medaillon Kreis<\/h2>\n<p>Dieser runde, kreisf\u00f6rmige Bodenbelag mit Marmorintarsien ist fachm\u00e4nnisch aus hochwertigem Naturmarmor gefertigt und garantiert Langlebigkeit und zeitlose Eleganz.<\/p>\n<p>Mithilfe der fortschrittlichen Wasserstrahlschneidetechnik wird jedes komplizierte runde Marmorintarsien-Medaillon mit kreisf\u00f6rmigem Muster pr\u00e4zise eingelegt, um ein makelloses Steinmedaillon zu schaffen, das jeden Raum mit Erhabenheit aufwertet.<\/p>\n<p>Die polierte, runde Oberfl\u00e4che mit Marmorintarsien reflektiert nicht nur das Licht wundersch\u00f6n, sondern bietet auch eine luxuri\u00f6se Oberfl\u00e4che, die Generationen \u00fcberdauert.<\/p>\n<h2>Elegante Farbpalette und k\u00fcnstlerisches Design<\/h2>\n<p>Der runde, kreisf\u00f6rmige Bodenbelag mit Marmorintarsien besteht aus einer raffinierten Kombination von Beige-, Gold-, Rot- und Gr\u00fcnt\u00f6nen, die ein raffiniertes, von Blumen inspiriertes Motiv bilden.<\/p>\n<p>Das strahlenf\u00f6rmige Design umfasst ornamentale Verzierungen und klassische Details, die der Komposition Tiefe und Bewegung verleihen.<\/p>\n<p>Eingefasst in eine dekorative kreisf\u00f6rmige Umrandung f\u00fcgt sich dieser Marmormosaikboden nahtlos in opulente Interieurs ein und ist damit ein perfekter Bodenbelag f\u00fcr gehobene R\u00e4ume.<\/p>\n<h2>Ideal f\u00fcr luxuri\u00f6se R\u00e4ume<\/h2>\n<p>Dieses Fliesenmedaillon f\u00fcr den Eingangsbereich ist so konzipiert, dass es einen beeindruckenden ersten Eindruck hinterl\u00e4sst und ein hochwertiges Interieur aufwertet, wodurch es sich ideal f\u00fcr den Einsatz im Eingangsbereich eignet:<\/p>\n<ul>\n<li>Foyers und Eing\u00e4nge aus Marmor - Eleganz und Exklusivit\u00e4t f\u00fcr gro\u00dfe Eing\u00e4nge.<\/li>\n<li>Luxuri\u00f6se Villen und Residenzen - mit raffiniertem Geschmack und handwerklichem K\u00f6nnen in den Wohnr\u00e4umen.<\/li>\n<li>Hotellobbys und Empfangsbereiche - Aufwertung des Ambientes in gehobenen Gastst\u00e4tten.<\/li>\n<li>Pal\u00e4ste und exklusive Clubs - Schaffung einer k\u00f6niglichen und zeitlosen \u00c4sthetik in vornehmen R\u00e4umen.<\/li>\n<\/ul>\n<h2>Individuelles Marmordesign &amp; Personalisierung<\/h2>\n<p>Wir bieten ma\u00dfgeschneiderte L\u00f6sungen f\u00fcr Medaillonb\u00f6den an, die es den Kunden erm\u00f6glichen, das Design an ihre architektonischen Vorstellungen anzupassen.<\/p>\n<p>Ob es darum geht, Farben zu \u00e4ndern, Muster zu modifizieren oder ein einzigartiges Herzst\u00fcck f\u00fcr ein Foyer aus Marmor zu schaffen - unsere erfahrenen Handwerker bieten ma\u00dfgeschneiderte L\u00f6sungen f\u00fcr Marmorintarsien.<\/p>\n<p>Jedes Design wird in sorgf\u00e4ltiger Handarbeit hergestellt, um Ihren Boden in ein Kunstwerk zu verwandeln.<\/p>\n<p>Dieser runde Marmorboden mit Intarsien bringt klassische Eleganz und Kunstfertigkeit in Ihren Raum - eine perfekte Mischung aus Luxus und Handwerkskunst.<\/p>","protected":false},"excerpt":{"rendered":"<p><strong>Artikel Nummer: <\/strong>FL5H006<\/p>\n<p><strong>Material:<\/strong>\u00a0Mable, Edelstein. (Material kann angepasst werden)<\/p>\n<p><strong>Gr\u00f6\u00dfe:<\/strong>\u00a0Ma\u00dfgeschneiderte Gr\u00f6\u00dfe<\/p>\n<p><strong>Entwurf:<\/strong>\u00a0Standard- oder kundenspezifische Ausf\u00fchrungen<\/p>\n<p><strong>Anwendung:<\/strong>\u00a0Luxusvillen und -wohnungen, Hotels und Resorts, Gesch\u00e4ftsr\u00e4ume,<\/p>\n<p>\u00d6ffentliche R\u00e4ume, Treppenh\u00e4user und Flure, Eingang und Foyer,<\/p>\n<p>High-End-Clubs und Privatclubs, Showrooms und Ausstellungsr\u00e4ume,<\/p>\n<p>Boutiquen, Museum, Kirche, Moschee, etc.<\/p>","protected":false},"featured_media":1224,"template":"","meta":{"_joinchat":[]},"product_brand":[],"product_cat":[20],"product_tag":[],"class_list":{"0":"post-1223","1":"product","2":"type-product","3":"status-publish","4":"has-post-thumbnail","6":"product_cat-classic-marble-inlay-flooring","8":"first","9":"instock","10":"shipping-taxable","11":"product-type-simple"},"_links":{"self":[{"href":"https:\/\/www.smmarbleinlay.com\/de\/wp-json\/wp\/v2\/product\/1223","targetHints":{"allow":["GET"]}}],"collection":[{"href":"https:\/\/www.smmarbleinlay.com\/de\/wp-json\/wp\/v2\/product"}],"about":[{"href":"https:\/\/www.smmarbleinlay.com\/de\/wp-json\/wp\/v2\/types\/product"}],"wp:featuredmedia":[{"embeddable":true,"href":"https:\/\/www.smmarbleinlay.com\/de\/wp-json\/wp\/v2\/media\/1224"}],"wp:attachment":[{"href":"https:\/\/www.smmarbleinlay.com\/de\/wp-json\/wp\/v2\/media?parent=1223"}],"wp:term":[{"taxonomy":"product_brand","embeddable":true,"href":"https:\/\/www.smmarbleinlay.com\/de\/wp-json\/wp\/v2\/product_brand?post=1223"},{"taxonomy":"product_cat","embeddable":true,"href":"https:\/\/www.smmarbleinlay.com\/de\/wp-json\/wp\/v2\/product_cat?post=1223"},{"taxonomy":"product_tag","embeddable":true,"href":"https:\/\/www.smmarbleinlay.com\/de\/wp-json\/wp\/v2\/product_tag?post=1223"}],"curies":[{"name":"wp","href":"https:\/\/api.w.org\/{rel}","templated":true}]}}