{"id":1226,"date":"2025-03-25T16:58:41","date_gmt":"2025-03-25T08:58:41","guid":{"rendered":"https:\/\/www.smmarbleinlay.com\/?post_type=product&#038;p=1226"},"modified":"2025-04-10T10:04:23","modified_gmt":"2025-04-10T02:04:23","slug":"luxurious-rectangular-custom-marble-design","status":"publish","type":"product","link":"https:\/\/www.smmarbleinlay.com\/de\/produkt\/luxurious-rectangular-custom-marble-design\/","title":{"rendered":"Luxuri\u00f6ses, rechteckiges Design aus Marmor"},"content":{"rendered":"<h2>Luxuri\u00f6ser rechteckiger Design-Marmor-Inlay-Bodenbelag - ein Statement der Eleganz<\/h2>\n<p>Dieses exquisite individuelle Marmordesign oder die Intarsien in Marmorb\u00f6den sind ein wahres Meisterwerk, das komplizierte Muster, satte Farben und hochwertigen Naturstein miteinander verbindet.<\/p>\n<p>Das ma\u00dfgeschneiderte Marmordesign wurde f\u00fcr gro\u00dfe Innenr\u00e4ume entwickelt und wertet Wohnzimmer, Hotellobbys, Flure und andere hochwertige R\u00e4ume auf.<\/p>\n<h2>Hochwertige Marmor-Materialien und -Handwerkskunst<\/h2>\n<p>Dieses aus feinstem Marmor gefertigte rechteckige Medaillon mit individuellem Marmordesign besteht aus einer harmonischen Mischung aus hellbeigem Marmor als Basis, kontrastiert mit dunkelbraunen, goldenen und lebhaften floralen Intarsien.<\/p>\n<p>Die Technik des Wasserstrahlschneidens sorgt f\u00fcr Pr\u00e4zision und makellose Integration komplizierter Details, die den Reichtum des Natursteins zur Geltung bringen und gleichzeitig Haltbarkeit und Langlebigkeit gew\u00e4hrleisten.<\/p>\n<h2>Anspruchsvolle Farbpalette und ornamentales Design<\/h2>\n<p>Das ma\u00dfgeschneiderte Marmordesign zeigt eine k\u00f6nigliche Komposition mit einem eleganten Blumenmotiv in der Mitte, umrahmt von ornamentalem Schn\u00f6rkelwerk und komplizierten Details in Gold-, Gr\u00fcn- und Erdt\u00f6nen.<\/p>\n<p>Die Umrandung ist mit einem opulenten dunkelbraunen Marmorrahmen verziert, der dem Design Tiefe und Kontrast verleiht.<\/p>\n<p>Die raffinierte Farbabstimmung unterstreicht das Gef\u00fchl von Luxus und Raffinesse und macht ihn zu einem perfekten Begleiter f\u00fcr klassische und moderne Innenr\u00e4ume gleicherma\u00dfen.<\/p>\n<h2>Intarsienmarmor Ideale Anwendungen &amp; R\u00e4ume<\/h2>\n<p>Dieses Medaillon mit Marmorintarsien ist ideal f\u00fcr:<\/p>\n<ul>\n<li>Gro\u00dfe Wohnzimmer und Lounges - Verst\u00e4rkung der Opulenz von hochwertigen Innenr\u00e4umen.<\/li>\n<li>Hotellobbys und Korridore - Die Atmosph\u00e4re wird durch k\u00fcnstlerische Eleganz aufgewertet.<\/li>\n<li>Luxusresidenzen und Villen - Ein exquisites Meisterwerk der Bodengestaltung.<\/li>\n<li>Repr\u00e4sentative Flure und Foyers - Der erste Eindruck ist entscheidend.<\/li>\n<\/ul>\n<h2>Luxuri\u00f6se Marmoranpassung &amp; Personalisierung<\/h2>\n<p>Stone Master bietet vollst\u00e4ndig anpassbare Bodenmedaillons und Marmorintarsien-Designs an, die es den Kunden erm\u00f6glichen, die Gr\u00f6\u00dfe, die Farbkombinationen und die komplizierten Details nach ihren spezifischen \u00e4sthetischen und architektonischen Vorstellungen zu gestalten.<\/p>\n<p>Ob klassisch europ\u00e4isch, modern luxuri\u00f6s oder ma\u00dfgeschneidert k\u00fcnstlerisch, unsere erfahrenen Designer sorgen daf\u00fcr, dass jedes Projekt ein einzigartiger Ausdruck von Eleganz ist.<\/p>\n<p>Dieses rechteckige Medaillon ist nicht nur ein Bodenbelagselement, sondern ein Statement der Erhabenheit, das nahtlos Kunstfertigkeit mit zeitlosem Marmorhandwerk verbindet.<\/p>","protected":false},"excerpt":{"rendered":"<p><strong>Artikel Nummer: <\/strong>FL4G005<\/p>\n<p><strong>Material:<\/strong>\u00a0Mable, Edelstein. (Marmor Inlay Boden Design Materialien k\u00f6nnen angepasst werden)<\/p>\n<p><strong>Gr\u00f6\u00dfe:<\/strong>\u00a0Ma\u00dfgeschneiderte Gr\u00f6\u00dfe (benutzerdefinierte Gr\u00f6\u00dfe des Marmordesigns)<\/p>\n<p><strong>Entwurf:<\/strong>\u00a0Standard-Marmorb\u00f6den mit Intarsien oder individuell gestaltete Marmorintarsien<\/p>\n<p><strong>Anwendung:<\/strong>\u00a0Luxusvillen und -wohnungen, Hotels und Resorts, Gesch\u00e4ftsr\u00e4ume,<\/p>\n<p>\u00d6ffentliche R\u00e4ume, Treppenh\u00e4user &amp; Flure, Eingang &amp; Foyer, Pietra Dura Art Floor,<\/p>\n<p>High-End-Clubs und Privatclubs, Showrooms und Ausstellungsr\u00e4ume,<\/p>\n<p>Boutiquen, Museum, Kirche, Moschee, etc.<\/p>","protected":false},"featured_media":1227,"template":"","meta":{"_joinchat":[]},"product_brand":[],"product_cat":[20],"product_tag":[],"class_list":{"0":"post-1226","1":"product","2":"type-product","3":"status-publish","4":"has-post-thumbnail","6":"product_cat-classic-marble-inlay-flooring","8":"first","9":"instock","10":"shipping-taxable","11":"product-type-simple"},"_links":{"self":[{"href":"https:\/\/www.smmarbleinlay.com\/de\/wp-json\/wp\/v2\/product\/1226","targetHints":{"allow":["GET"]}}],"collection":[{"href":"https:\/\/www.smmarbleinlay.com\/de\/wp-json\/wp\/v2\/product"}],"about":[{"href":"https:\/\/www.smmarbleinlay.com\/de\/wp-json\/wp\/v2\/types\/product"}],"wp:featuredmedia":[{"embeddable":true,"href":"https:\/\/www.smmarbleinlay.com\/de\/wp-json\/wp\/v2\/media\/1227"}],"wp:attachment":[{"href":"https:\/\/www.smmarbleinlay.com\/de\/wp-json\/wp\/v2\/media?parent=1226"}],"wp:term":[{"taxonomy":"product_brand","embeddable":true,"href":"https:\/\/www.smmarbleinlay.com\/de\/wp-json\/wp\/v2\/product_brand?post=1226"},{"taxonomy":"product_cat","embeddable":true,"href":"https:\/\/www.smmarbleinlay.com\/de\/wp-json\/wp\/v2\/product_cat?post=1226"},{"taxonomy":"product_tag","embeddable":true,"href":"https:\/\/www.smmarbleinlay.com\/de\/wp-json\/wp\/v2\/product_tag?post=1226"}],"curies":[{"name":"wp","href":"https:\/\/api.w.org\/{rel}","templated":true}]}}