{"id":1229,"date":"2025-03-25T17:02:39","date_gmt":"2025-03-25T09:02:39","guid":{"rendered":"https:\/\/www.smmarbleinlay.com\/?post_type=product&#038;p=1229"},"modified":"2025-04-10T10:01:07","modified_gmt":"2025-04-10T02:01:07","slug":"luxurious-rectangular-marble-inlay-flooring-design","status":"publish","type":"product","link":"https:\/\/www.smmarbleinlay.com\/de\/produkt\/luxurious-rectangular-marble-inlay-flooring-design\/","title":{"rendered":"Luxuri\u00f6ser rechteckiger Marmorintarsien-Bodenbelag"},"content":{"rendered":"<h2>Exquisit Rechteckige Marmorintarsien Bodenbelag Design<\/h2>\n<p>Dieser exquisite rechteckige Marmorboden mit Intarsien ist ein wahres Meisterwerk, das komplizierte Muster, satte Farben und hochwertigen Naturstein miteinander verbindet.<\/p>\n<p>Der rechteckige Marmorboden mit Intarsien veredelt den Luxus von Wohnr\u00e4umen, Hotellobbys, Fluren und anderen hochwertigen R\u00e4umen.<\/p>\n<h2>Hochwertige Marmor-Materialien und -Handwerkskunst<\/h2>\n<p>Dieses aus feinstem Marmor gefertigte rechteckige Medaillon mit Marmorintarsien besteht aus einer harmonischen Mischung aus hellbeigem Marmor als Basis, kontrastiert mit tiefbraunen, goldenen und lebhaften Blumenintarsien.<\/p>\n<p>Die Technik des Wasserstrahlschneidens sorgt f\u00fcr Pr\u00e4zision und makellose Integration komplizierter Details, die den Reichtum des Natursteins zur Geltung bringen und gleichzeitig Haltbarkeit und Langlebigkeit gew\u00e4hrleisten.<\/p>\n<h2>Anspruchsvolle Farbpalette und ornamentales Design<\/h2>\n<p>Das ma\u00dfgeschneiderte Marmordesign zeigt eine k\u00f6nigliche Komposition mit einem eleganten Blumenmotiv in der Mitte, umrahmt von ornamentalem Schn\u00f6rkelwerk und komplizierten Details in Gold-, Gr\u00fcn- und Erdt\u00f6nen.<\/p>\n<p>Die Umrandung ist mit einem opulenten dunkelbraunen Marmorrahmen verziert, der dem Design Tiefe und Kontrast verleiht.<\/p>\n<p>Die raffinierte Farbabstimmung unterstreicht das Gef\u00fchl von Luxus und Raffinesse und macht ihn zu einem perfekten Begleiter f\u00fcr klassische und moderne Innenr\u00e4ume gleicherma\u00dfen.<\/p>\n<h2>Ideale Anwendungen &amp; R\u00e4ume Inlay Marmorboden Design<\/h2>\n<h3>Dieses Medaillon mit Marmorintarsien ist ideal f\u00fcr:<\/h3>\n<ul>\n<li>Gro\u00dfe Wohnzimmer und Lounges - Verst\u00e4rkung der Opulenz von hochwertigen Innenr\u00e4umen.<\/li>\n<li>Hotellobbys und Korridore - Die Atmosph\u00e4re wird durch k\u00fcnstlerische Eleganz aufgewertet.<\/li>\n<li>Luxusresidenzen und Villen - Ein exquisites Meisterwerk der Bodengestaltung.<\/li>\n<li>Repr\u00e4sentative Flure und Foyers - Der erste Eindruck ist entscheidend.<\/li>\n<\/ul>\n<h2>Anpassung &amp; Personalisierung Einlegearbeiten Marmorfu\u00dfboden Design<\/h2>\n<p>Stone Master bietet vollst\u00e4ndig anpassbare Bodenmedaillons und Marmorintarsien-Designs an, die es den Kunden erm\u00f6glichen, die Gr\u00f6\u00dfe, die Farbkombinationen und die komplizierten Details nach ihren spezifischen \u00e4sthetischen und architektonischen Vorstellungen zu gestalten.<\/p>\n<p>Ob klassisch europ\u00e4isch, modern luxuri\u00f6s oder ma\u00dfgeschneidert k\u00fcnstlerisch, unsere erfahrenen Designer sorgen daf\u00fcr, dass jedes Projekt ein einzigartiger Ausdruck von Eleganz ist.<\/p>","protected":false},"excerpt":{"rendered":"<p><strong>Artikel Nummer: <\/strong>FL5H007<\/p>\n<p><strong>Material:<\/strong>\u00a0Mable, Edelstein. (Material kann angepasst werden)<\/p>\n<p><strong>Gr\u00f6\u00dfe:<\/strong>\u00a0Ma\u00dfgeschneiderte Gr\u00f6\u00dfe<\/p>\n<p><strong>Entwurf:<\/strong>\u00a0Standard- oder kundenspezifische Ausf\u00fchrungen<\/p>\n<p><strong>Anwendung:<\/strong>\u00a0Luxusvillen und -wohnungen, Hotels und Resorts, Gesch\u00e4ftsr\u00e4ume,<\/p>\n<p>\u00d6ffentliche R\u00e4ume, Treppenh\u00e4user und Flure, Eingang und Foyer,<\/p>\n<p>High-End-Clubs und Privatclubs, Showrooms und Ausstellungsr\u00e4ume,<\/p>\n<p>Boutiquen, Museum, Kirche, Moschee, etc.<\/p>","protected":false},"featured_media":1230,"template":"","meta":{"_joinchat":[]},"product_brand":[],"product_cat":[20],"product_tag":[],"class_list":{"0":"post-1229","1":"product","2":"type-product","3":"status-publish","4":"has-post-thumbnail","6":"product_cat-classic-marble-inlay-flooring","8":"first","9":"instock","10":"shipping-taxable","11":"product-type-simple"},"_links":{"self":[{"href":"https:\/\/www.smmarbleinlay.com\/de\/wp-json\/wp\/v2\/product\/1229","targetHints":{"allow":["GET"]}}],"collection":[{"href":"https:\/\/www.smmarbleinlay.com\/de\/wp-json\/wp\/v2\/product"}],"about":[{"href":"https:\/\/www.smmarbleinlay.com\/de\/wp-json\/wp\/v2\/types\/product"}],"wp:featuredmedia":[{"embeddable":true,"href":"https:\/\/www.smmarbleinlay.com\/de\/wp-json\/wp\/v2\/media\/1230"}],"wp:attachment":[{"href":"https:\/\/www.smmarbleinlay.com\/de\/wp-json\/wp\/v2\/media?parent=1229"}],"wp:term":[{"taxonomy":"product_brand","embeddable":true,"href":"https:\/\/www.smmarbleinlay.com\/de\/wp-json\/wp\/v2\/product_brand?post=1229"},{"taxonomy":"product_cat","embeddable":true,"href":"https:\/\/www.smmarbleinlay.com\/de\/wp-json\/wp\/v2\/product_cat?post=1229"},{"taxonomy":"product_tag","embeddable":true,"href":"https:\/\/www.smmarbleinlay.com\/de\/wp-json\/wp\/v2\/product_tag?post=1229"}],"curies":[{"name":"wp","href":"https:\/\/api.w.org\/{rel}","templated":true}]}}