{"id":1236,"date":"2025-03-25T20:42:16","date_gmt":"2025-03-25T12:42:16","guid":{"rendered":"https:\/\/www.smmarbleinlay.com\/?post_type=product&#038;p=1236"},"modified":"2025-04-09T17:43:03","modified_gmt":"2025-04-09T09:43:03","slug":"grand-marble-inlay-medallion-luxury-flooring","status":"publish","type":"product","link":"https:\/\/www.smmarbleinlay.com\/de\/produkt\/grand-marble-inlay-medallion-luxury-flooring\/","title":{"rendered":"Grand Marmor Intarsien Medaillon Luxus Bodenbelag"},"content":{"rendered":"<h2>Grand Marmor Intarsien Medaillon Luxus Bodenbelag Design<\/h2>\n<p>Dieses gro\u00dfartige Medaillon mit Marmorintarsien ist eine atemberaubende Darstellung von Eleganz und Raffinesse, die die Erhabenheit luxuri\u00f6ser Innenr\u00e4ume unterstreicht.<\/p>\n<p>Das aufw\u00e4ndige Medaillondesign mit Marmorintarsien, die reiche Farbpalette und die hochwertigen Materialien machen ihn zur perfekten Wahl f\u00fcr Villen, k\u00f6nigliche Residenzen und gehobene Gastst\u00e4tten.<\/p>\n<h2>Exquisit eingelegter Marmor Luxusfu\u00dfboden Design Materialien &amp; Handwerkskunst<\/h2>\n<p>Das aus hochwertigem Naturmarmor gefertigte Bodenmedaillon zeigt einen makellosen beigen Grundton, kombiniert mit tiefgoldenen, braunen und schwarzen Akzenten.<\/p>\n<p>Die kunstvollen Schn\u00f6rkel werden mit der Wasserstrahlschneidetechnik pr\u00e4zise gefertigt, so dass sich jedes Marmorteil nahtlos einf\u00fcgt.<\/p>\n<p>Die polierte Marmorintarsie unterstreicht die nat\u00fcrliche Sch\u00f6nheit des Steins und verleiht dem Design Tiefe und Brillanz.<\/p>\n<h2>Regal Farbkombination &amp; ornamentales Design<\/h2>\n<p>Dieses ma\u00dfgeschneiderte Marmordesign zeigt ein majest\u00e4tisches rundes Medaillon in der Mitte, das von einem eleganten rechteckigen Medaillonrand umgeben ist.<\/p>\n<p>Die wirbelnden floralen Motive, die mit goldenen und schwarzen Marmorintarsien akzentuiert sind, schaffen eine zeitlose \u00c4sthetik.<\/p>\n<p>Die kunstvollen Verzierungen an den Ecken und die aufw\u00e4ndigen Details vermitteln ein Gef\u00fchl von klassischem europ\u00e4ischem Luxus und machen dieses Design zu einem Markenzeichen f\u00fcr raffinierte Handwerkskunst.<\/p>\n<h2>Ideale Anwendungen &amp; Grand Interiors<\/h2>\n<h3>Dieses Medaillon mit Marmorintarsien ist ideal f\u00fcr:<\/h3>\n<ul>\n<li>Luxuri\u00f6se Villen und Pal\u00e4ste - Schaffung eines opulenten und zeitlosen Ambientes.<\/li>\n<li>High-End-Hotel-Lobbys &amp; VIP-Lounges - Erh\u00f6hen Sie die \u00c4sthetik mit k\u00f6niglichem Charme.<\/li>\n<li>Formelle Wohnzimmer und gro\u00dfe Foyers - Ein k\u00fchnes und anspruchsvolles Statement.<\/li>\n<li>Prestigetr\u00e4chtige Banketts\u00e4le und Balls\u00e4le, die die Atmosph\u00e4re mit unvergleichlicher Eleganz bereichern.<\/li>\n<\/ul>\n<h2>Anpassung und Personalisierung von Dienstleistungen<\/h2>\n<p>Wir von Stone Master haben uns auf individuelle Marmordesigns spezialisiert und bieten eine Vielzahl von Optionen in Bezug auf Gr\u00f6\u00dfen, Farben und komplizierte Muster, um verschiedene architektonische Stile zu erg\u00e4nzen.<\/p>\n<p>Ganz gleich, ob Sie auf der Suche nach einem ma\u00dfgeschneiderten k\u00f6niglichen Bodenbelag oder einem ma\u00dfgeschneiderten Villenboden sind, unsere fachkundigen Designer k\u00f6nnen ein einzigartiges Meisterwerk nach Ihren Vorstellungen entwerfen.<\/p>\n<p>Diese luxuri\u00f6sen Marmorintarsien sind nicht nur ein dekoratives Element, sondern auch ein Symbol f\u00fcr Prestige und k\u00fcnstlerische Exzellenz, das jeden Raum in einen Ausdruck von Erhabenheit und Raffinesse verwandelt.<\/p>","protected":false},"excerpt":{"rendered":"<p><strong>Artikel Nummer: <\/strong>FL4G006<\/p>\n<p><strong>Material:<\/strong>\u00a0Mable, Edelstein. (Marmor Inlay Boden Design Materialien k\u00f6nnen angepasst werden)<\/p>\n<p><strong>Gr\u00f6\u00dfe:<\/strong>\u00a0Ma\u00dfgeschneiderte Gr\u00f6\u00dfe (benutzerdefinierte Gr\u00f6\u00dfe des Marmordesigns)<\/p>\n<p><strong>Entwurf:<\/strong>\u00a0Standard-Marmorb\u00f6den mit Intarsien oder individuell gestaltete Marmorintarsien<\/p>\n<p><strong>Anwendung:<\/strong>\u00a0Luxusvillen und -wohnungen, Hotels und Resorts, Gesch\u00e4ftsr\u00e4ume,<\/p>\n<p>\u00d6ffentliche R\u00e4ume, Treppenh\u00e4user &amp; Flure, Eingang &amp; Foyer, Pietra Dura Art Floor,<\/p>\n<p>High-End-Clubs und Privatclubs, Showrooms und Ausstellungsr\u00e4ume,<\/p>\n<p>Boutiquen, Museum, Kirche, Moschee, etc.<\/p>","protected":false},"featured_media":1237,"template":"","meta":{"_joinchat":[]},"product_brand":[],"product_cat":[20],"product_tag":[],"class_list":{"0":"post-1236","1":"product","2":"type-product","3":"status-publish","4":"has-post-thumbnail","6":"product_cat-classic-marble-inlay-flooring","8":"first","9":"instock","10":"shipping-taxable","11":"product-type-simple"},"_links":{"self":[{"href":"https:\/\/www.smmarbleinlay.com\/de\/wp-json\/wp\/v2\/product\/1236","targetHints":{"allow":["GET"]}}],"collection":[{"href":"https:\/\/www.smmarbleinlay.com\/de\/wp-json\/wp\/v2\/product"}],"about":[{"href":"https:\/\/www.smmarbleinlay.com\/de\/wp-json\/wp\/v2\/types\/product"}],"wp:featuredmedia":[{"embeddable":true,"href":"https:\/\/www.smmarbleinlay.com\/de\/wp-json\/wp\/v2\/media\/1237"}],"wp:attachment":[{"href":"https:\/\/www.smmarbleinlay.com\/de\/wp-json\/wp\/v2\/media?parent=1236"}],"wp:term":[{"taxonomy":"product_brand","embeddable":true,"href":"https:\/\/www.smmarbleinlay.com\/de\/wp-json\/wp\/v2\/product_brand?post=1236"},{"taxonomy":"product_cat","embeddable":true,"href":"https:\/\/www.smmarbleinlay.com\/de\/wp-json\/wp\/v2\/product_cat?post=1236"},{"taxonomy":"product_tag","embeddable":true,"href":"https:\/\/www.smmarbleinlay.com\/de\/wp-json\/wp\/v2\/product_tag?post=1236"}],"curies":[{"name":"wp","href":"https:\/\/api.w.org\/{rel}","templated":true}]}}