{"id":1239,"date":"2025-03-25T20:46:21","date_gmt":"2025-03-25T12:46:21","guid":{"rendered":"https:\/\/www.smmarbleinlay.com\/?post_type=product&#038;p=1239"},"modified":"2025-04-09T17:23:49","modified_gmt":"2025-04-09T09:23:49","slug":"luxury-inlaid-marble-medallion-floor-design-for-elegant-interiors","status":"publish","type":"product","link":"https:\/\/www.smmarbleinlay.com\/de\/produkt\/luxury-inlaid-marble-medallion-floor-design-for-elegant-interiors\/","title":{"rendered":"Luxuri\u00f6ses Bodenmuster mit Intarsien aus Marmor f\u00fcr elegante Innenr\u00e4ume"},"content":{"rendered":"<h2>Luxuri\u00f6ses Bodenmuster mit Intarsien aus Marmor f\u00fcr elegante Innenr\u00e4ume<\/h2>\n<p>Erh\u00f6hen Sie Ihren Raum mit diesem exquisiten Medaillonboden mit Intarsien, einem Meisterwerk des luxuri\u00f6sen Medaillonbodens mit Intarsien, der Eleganz und Haltbarkeit nahtlos miteinander verbindet.<\/p>\n<p>Mit seiner harmonischen Kombination aus beigefarbenem, goldenem, schwarzem und braunem Marmor verleiht dieses luxuri\u00f6se Medaillon mit Einlegearbeiten jedem hochwertigen Interieur einen raffinierten Touch.<\/p>\n<h2>Einlegearbeit Marmorboden Design &amp; Farbpalette:<\/h2>\n<ul>\n<li>Material: Hochwertiger Naturmarmor<\/li>\n<li>Prim\u00e4re Farben: Cremiger beiger Grundton mit feiner goldener, brauner und gr\u00fcner \u00c4derung<\/li>\n<li>Akzente am Rand: Schwarze und goldene Umrahmung f\u00fcr einen markanten Kontrast<\/li>\n<li>Muster: Klassische europ\u00e4ische Blumenmotive mit verschn\u00f6rkelten Wirbeln und symmetrischen Details, die ein k\u00f6nigliches und luxuri\u00f6ses Gef\u00fchl vermitteln<\/li>\n<\/ul>\n<h2>Intarsienmarmor Anwendung &amp; Ideale R\u00e4ume:<\/h2>\n<p>Dieses Bodenmarmor-Medaillon ist perfekt f\u00fcr:<br \/>\n\u2714 Luxuri\u00f6se Esszimmer - Unterstreicht die Erhabenheit von formellen R\u00e4umen<br \/>\n\u2714 Hotellobbys - Schafft einen gro\u00dfz\u00fcgigen ersten Eindruck<br \/>\n\u2714 Eingangshallen &amp; Foyers - Verleiht einen Hauch von Opulenz<br \/>\n\u2714 Balls\u00e4le und Banketts\u00e4le - ideal f\u00fcr elegante Versammlungen<br \/>\n\u2714 Luxuri\u00f6se Einzelhandels- und Boutiquenr\u00e4ume - Erh\u00f6ht das Einkaufserlebnis<\/p>\n<p>Dieses mit Pr\u00e4zision und zeitloser Kunstfertigkeit gefertigte Marmorintarsien-Design bietet sowohl Langlebigkeit als auch \u00e4sthetische Exzellenz.<\/p>\n<p>Es handelt sich nicht nur um einen Marmorboden, sondern um ein Statement f\u00fcr raffinierten Geschmack und Luxus.<\/p>\n<p>W\u00fcnschen Sie sich ein individuelles Design, das zu Ihrem Einrichtungsstil passt? Dann lassen Sie uns Ihre Visionen mit unseren ma\u00dfgeschneiderten Intarsienb\u00f6den aus Marmor zum Leben erwecken!<\/p>","protected":false},"excerpt":{"rendered":"<p><strong>Artikel Nummer: <\/strong>FL4G007<\/p>\n<p><strong>Material:<\/strong>\u00a0Mable, Edelstein. (Marmor Inlay Boden Design Materialien k\u00f6nnen angepasst werden)<\/p>\n<p><strong>Gr\u00f6\u00dfe:<\/strong>\u00a0Ma\u00dfgeschneiderte Gr\u00f6\u00dfe (benutzerdefinierte Gr\u00f6\u00dfe des Marmordesigns)<\/p>\n<p><strong>Entwurf:<\/strong>\u00a0Standard-Marmorb\u00f6den mit Intarsien oder individuell gestaltete Marmorintarsien<\/p>\n<p><strong>Anwendung:<\/strong>\u00a0Luxusvillen und -wohnungen, Hotels und Resorts, Gesch\u00e4ftsr\u00e4ume,<\/p>\n<p>\u00d6ffentliche R\u00e4ume, Treppenh\u00e4user &amp; Flure, Eingang &amp; Foyer, Pietra Dura Art Floor,<\/p>\n<p>High-End-Clubs und Privatclubs, Showrooms und Ausstellungsr\u00e4ume,<\/p>\n<p>Boutiquen, Museum, Kirche, Moschee, etc.<\/p>","protected":false},"featured_media":1240,"template":"","meta":{"_joinchat":[]},"product_brand":[],"product_cat":[20],"product_tag":[],"class_list":{"0":"post-1239","1":"product","2":"type-product","3":"status-publish","4":"has-post-thumbnail","6":"product_cat-classic-marble-inlay-flooring","8":"first","9":"instock","10":"shipping-taxable","11":"product-type-simple"},"_links":{"self":[{"href":"https:\/\/www.smmarbleinlay.com\/de\/wp-json\/wp\/v2\/product\/1239","targetHints":{"allow":["GET"]}}],"collection":[{"href":"https:\/\/www.smmarbleinlay.com\/de\/wp-json\/wp\/v2\/product"}],"about":[{"href":"https:\/\/www.smmarbleinlay.com\/de\/wp-json\/wp\/v2\/types\/product"}],"wp:featuredmedia":[{"embeddable":true,"href":"https:\/\/www.smmarbleinlay.com\/de\/wp-json\/wp\/v2\/media\/1240"}],"wp:attachment":[{"href":"https:\/\/www.smmarbleinlay.com\/de\/wp-json\/wp\/v2\/media?parent=1239"}],"wp:term":[{"taxonomy":"product_brand","embeddable":true,"href":"https:\/\/www.smmarbleinlay.com\/de\/wp-json\/wp\/v2\/product_brand?post=1239"},{"taxonomy":"product_cat","embeddable":true,"href":"https:\/\/www.smmarbleinlay.com\/de\/wp-json\/wp\/v2\/product_cat?post=1239"},{"taxonomy":"product_tag","embeddable":true,"href":"https:\/\/www.smmarbleinlay.com\/de\/wp-json\/wp\/v2\/product_tag?post=1239"}],"curies":[{"name":"wp","href":"https:\/\/api.w.org\/{rel}","templated":true}]}}