{"id":1242,"date":"2025-03-25T20:51:04","date_gmt":"2025-03-25T12:51:04","guid":{"rendered":"https:\/\/www.smmarbleinlay.com\/?post_type=product&#038;p=1242"},"modified":"2025-04-09T17:19:36","modified_gmt":"2025-04-09T09:19:36","slug":"elegant-rectangular-marble-inlay-medallion-floor-design-for-luxury-interiors","status":"publish","type":"product","link":"https:\/\/www.smmarbleinlay.com\/de\/produkt\/elegant-rectangular-marble-inlay-medallion-floor-design-for-luxury-interiors\/","title":{"rendered":"Elegantes rechteckiges Marmorintarsien-Medaillon f\u00fcr luxuri\u00f6se Innenr\u00e4ume"},"content":{"rendered":"<h2>Elegantes rechteckiges Marmorintarsien-Medaillon f\u00fcr luxuri\u00f6se Innenr\u00e4ume<\/h2>\n<p>Versch\u00f6nern Sie Ihr Interieur mit diesem atemberaubenden Marmorintarsienboden, einer Verschmelzung von klassischer Kunstfertigkeit und moderner Handwerkskunst.<\/p>\n<p>Dieser rechteckige Medaillonboden wurde sorgf\u00e4ltig entworfen, um Fluren, Foyers und luxuri\u00f6sen R\u00e4umen einen Hauch von Gr\u00f6\u00dfe zu verleihen.<\/p>\n<hr \/>\n<h2>Intarsienmarmor Design &amp; Farbpalette:<\/h2>\n<ul>\n<li>Material: Hochwertiger Naturmarmor<\/li>\n<li>Prim\u00e4re Farben: Zartes Beige und elfenbeinfarbener Grundton mit raffinierten Akzenten in Gold, Braun und Gr\u00fcn<\/li>\n<li>Akzente am Rand: Eine raffinierte, mehrschichtige Bord\u00fcre in Gold und Braun, die die optische Tiefe verst\u00e4rkt<\/li>\n<li>Muster: Symmetrische florale und ornamentale Details mit einem kreisf\u00f6rmigen Medaillon in der Mitte, das ein Gef\u00fchl von Ausgewogenheit und Eleganz vermittelt<\/li>\n<\/ul>\n<hr \/>\n<h2>Marmor-Intarsienb\u00f6den Ideale Anwendungen:<\/h2>\n<p>\u2714 Gro\u00dfe Flure und Korridore - verleiht den G\u00e4ngen einen majest\u00e4tischen Fluss<br \/>\n\u2714 Luxuri\u00f6se Eing\u00e4nge &amp; Foyers - Schafft einen k\u00f6niglichen ersten Eindruck<br \/>\n\u2714 Hotellobbys und Banketts\u00e4le - Erh\u00f6ht die Gastfreundschaft der R\u00e4ume<br \/>\n\u2714 Essbereiche &amp; formelle R\u00e4ume - Verst\u00e4rkt das Ambiente mit klassischer Raffinesse<br \/>\n\u2714 Palastartige Residenzen &amp; Villen - Perfekt f\u00fcr die gehobene Innenarchitektur<\/p>\n<p>Dieses Marmor-Intarsienmedaillon verbindet Best\u00e4ndigkeit mit zeitloser Sch\u00f6nheit und ist damit eine au\u00dfergew\u00f6hnliche Wahl f\u00fcr hochwertige individuelle Marmorarbeiten.<\/p>\n<p>Ob f\u00fcr ein luxuri\u00f6ses Zuhause oder einen opulenten Gesch\u00e4ftsraum, dieses Bodenmedaillon ist eine Verk\u00f6rperung von Raffinesse und feinem Geschmack.<\/p>\n<p>W\u00fcnschen Sie ein individuelles Design f\u00fcr Ihr Projekt? Kontaktieren Sie uns f\u00fcr exklusive, ma\u00dfgeschneiderte L\u00f6sungen f\u00fcr Marmorb\u00f6den!<\/p>","protected":false},"excerpt":{"rendered":"<p><strong>Artikel Nummer: <\/strong>FL6I004<\/p>\n<p><strong>Material:<\/strong>\u00a0Mable, Edelstein. (Marmor Inlay Boden Design Materialien k\u00f6nnen angepasst werden)<\/p>\n<p><strong>Gr\u00f6\u00dfe:<\/strong>\u00a0Ma\u00dfgeschneiderte Gr\u00f6\u00dfe (benutzerdefinierte Gr\u00f6\u00dfe des Marmordesigns)<\/p>\n<p><strong>Entwurf:<\/strong>\u00a0Standard-Marmorb\u00f6den mit Intarsien oder individuell gestaltete Marmorintarsien<\/p>\n<p><strong>Anwendung:<\/strong>\u00a0Luxusvillen und -wohnungen, Hotels und Resorts, Gesch\u00e4ftsr\u00e4ume,<\/p>\n<p>\u00d6ffentliche R\u00e4ume, Treppenh\u00e4user &amp; Flure, Eingang &amp; Foyer, Pietra Dura Art Floor,<\/p>\n<p>High-End-Clubs und Privatclubs, Showrooms und Ausstellungsr\u00e4ume,<\/p>\n<p>Boutiquen, Museum, Kirche, Moschee, etc.<\/p>","protected":false},"featured_media":1243,"template":"","meta":{"_joinchat":[]},"product_brand":[],"product_cat":[20],"product_tag":[],"class_list":{"0":"post-1242","1":"product","2":"type-product","3":"status-publish","4":"has-post-thumbnail","6":"product_cat-classic-marble-inlay-flooring","8":"first","9":"instock","10":"shipping-taxable","11":"product-type-simple"},"_links":{"self":[{"href":"https:\/\/www.smmarbleinlay.com\/de\/wp-json\/wp\/v2\/product\/1242","targetHints":{"allow":["GET"]}}],"collection":[{"href":"https:\/\/www.smmarbleinlay.com\/de\/wp-json\/wp\/v2\/product"}],"about":[{"href":"https:\/\/www.smmarbleinlay.com\/de\/wp-json\/wp\/v2\/types\/product"}],"wp:featuredmedia":[{"embeddable":true,"href":"https:\/\/www.smmarbleinlay.com\/de\/wp-json\/wp\/v2\/media\/1243"}],"wp:attachment":[{"href":"https:\/\/www.smmarbleinlay.com\/de\/wp-json\/wp\/v2\/media?parent=1242"}],"wp:term":[{"taxonomy":"product_brand","embeddable":true,"href":"https:\/\/www.smmarbleinlay.com\/de\/wp-json\/wp\/v2\/product_brand?post=1242"},{"taxonomy":"product_cat","embeddable":true,"href":"https:\/\/www.smmarbleinlay.com\/de\/wp-json\/wp\/v2\/product_cat?post=1242"},{"taxonomy":"product_tag","embeddable":true,"href":"https:\/\/www.smmarbleinlay.com\/de\/wp-json\/wp\/v2\/product_tag?post=1242"}],"curies":[{"name":"wp","href":"https:\/\/api.w.org\/{rel}","templated":true}]}}