{"id":1245,"date":"2025-03-25T20:54:21","date_gmt":"2025-03-25T12:54:21","guid":{"rendered":"https:\/\/www.smmarbleinlay.com\/?post_type=product&#038;p=1245"},"modified":"2025-04-09T17:16:02","modified_gmt":"2025-04-09T09:16:02","slug":"classic-marble-inlay-flooring-with-greek-border-design","status":"publish","type":"product","link":"https:\/\/www.smmarbleinlay.com\/de\/produkt\/classic-marble-inlay-flooring-with-greek-border-design\/","title":{"rendered":"Klassischer Marmor-Intarsienboden mit griechischem Bord\u00fcrenmuster"},"content":{"rendered":"<h2>Klassischer Marmor-Intarsienboden mit griechischem Bord\u00fcrenmuster<\/h2>\n<p>Bringen Sie zeitlose Eleganz in Ihren Raum mit dieser klassischen Marmorintarsie, die eine raffinierte Mischung aus traditionellen Motiven und modernem Luxus bietet.<\/p>\n<p>Dieses Marmormedaillon wurde entworfen, um Innenr\u00e4ume mit seinem griechischen Bord\u00fcrenmuster und den komplizierten runden Medaillons zu versch\u00f6nern, was es zu einer perfekten Wahl f\u00fcr gehobene Wohnh\u00e4user und Gesch\u00e4ftsr\u00e4ume macht.<\/p>\n<h2>Design und Farbpalette klassischer Marmor-Intarsienb\u00f6den:<\/h2>\n<ul>\n<li>\n<h3>Material: Hochwertiger Naturmarmor<\/h3>\n<\/li>\n<li>\n<h3>Prim\u00e4re Farben: Zartes Elfenbein und hellgrauer Grundton, mit Akzenten in Gold und Beige<\/h3>\n<\/li>\n<li>\n<h3>Design der Umrandung: Griechisches Schl\u00fcsselmuster in Gold, das Unendlichkeit und Einheit symbolisiert<\/h3>\n<\/li>\n<li>\n<h3>Zentrales Medaillon: Runde, floral inspirierte Motive in dezenten Graut\u00f6nen, die ein harmonisches und raffiniertes Erscheinungsbild ergeben<\/h3>\n<\/li>\n<\/ul>\n<h2>Ideale Anwendungen f\u00fcr klassische Marmor-Intarsienb\u00f6den:<\/h2>\n<h3>\u2714 Luxuri\u00f6se Lounges &amp; Wohnbereiche - wertet elegante Innenr\u00e4ume auf<br \/>\n\u2714 Boutique-Hotels und Luxus-Resorts - Verleiht eine klassische \u00c4sthetik<br \/>\n\u2714 Flure und Korridore - Schafft einen nahtlosen Fluss mit raffinierten Details<br \/>\n\u2714 Formelle Speiser\u00e4ume - passt zu traditionellen und modernen Einrichtungen<br \/>\n\u2714 Luxus-B\u00fcros und -Empfangsbereiche - Erh\u00f6ht die Innenausstattung von Unternehmen mit k\u00fcnstlerischer Raffinesse<\/h3>\n<p>Diese Einlegearbeit aus Marmor zeigt Marmorboden-Designs, die kulturelles Erbe mit moderner Handwerkskunst verbinden.<\/p>\n<p>Das griechische Bord\u00fcrenmuster sorgt f\u00fcr einen k\u00f6niglichen Touch, w\u00e4hrend das Marmor-Medaillon in der Mitte einen k\u00fcnstlerischen Blickpunkt bildet.<\/p>\n<p>Ideal f\u00fcr alle, die einen exquisiten Marmorboden mit einer reichen und eleganten Ausstrahlung suchen.<\/p>\n<p>Suchen Sie nach einem ma\u00dfgeschneiderten Marmorintarsien-Design f\u00fcr Ihr Projekt? Wir bieten Ihnen ma\u00dfgeschneiderte L\u00f6sungen, die Ihren Vorstellungen entsprechen!<\/p>","protected":false},"excerpt":{"rendered":"<p><strong>Artikel Nummer: <\/strong>FL4G008<\/p>\n<p><strong>Material:<\/strong>\u00a0Mable, Edelstein. (Material kann angepasst werden)<\/p>\n<p><strong>Gr\u00f6\u00dfe:<\/strong>\u00a0Ma\u00dfgeschneiderte Gr\u00f6\u00dfe<\/p>\n<p><strong>Entwurf:<\/strong>\u00a0Standard- oder kundenspezifische Ausf\u00fchrungen<\/p>\n<p><strong>Anwendung:<\/strong>\u00a0Luxusvillen und -wohnungen, Hotels und Resorts, Gesch\u00e4ftsr\u00e4ume,<\/p>\n<p>\u00d6ffentliche R\u00e4ume, Treppenh\u00e4user und Flure, Eingang und Foyer,<\/p>\n<p>High-End-Clubs und Privatclubs, Showrooms und Ausstellungsr\u00e4ume,<\/p>\n<p>Boutiquen, Museum, Kirche, Moschee, etc.<\/p>","protected":false},"featured_media":1246,"template":"","meta":{"_joinchat":[]},"product_brand":[],"product_cat":[20],"product_tag":[],"class_list":{"0":"post-1245","1":"product","2":"type-product","3":"status-publish","4":"has-post-thumbnail","6":"product_cat-classic-marble-inlay-flooring","8":"first","9":"instock","10":"shipping-taxable","11":"product-type-simple"},"_links":{"self":[{"href":"https:\/\/www.smmarbleinlay.com\/de\/wp-json\/wp\/v2\/product\/1245","targetHints":{"allow":["GET"]}}],"collection":[{"href":"https:\/\/www.smmarbleinlay.com\/de\/wp-json\/wp\/v2\/product"}],"about":[{"href":"https:\/\/www.smmarbleinlay.com\/de\/wp-json\/wp\/v2\/types\/product"}],"wp:featuredmedia":[{"embeddable":true,"href":"https:\/\/www.smmarbleinlay.com\/de\/wp-json\/wp\/v2\/media\/1246"}],"wp:attachment":[{"href":"https:\/\/www.smmarbleinlay.com\/de\/wp-json\/wp\/v2\/media?parent=1245"}],"wp:term":[{"taxonomy":"product_brand","embeddable":true,"href":"https:\/\/www.smmarbleinlay.com\/de\/wp-json\/wp\/v2\/product_brand?post=1245"},{"taxonomy":"product_cat","embeddable":true,"href":"https:\/\/www.smmarbleinlay.com\/de\/wp-json\/wp\/v2\/product_cat?post=1245"},{"taxonomy":"product_tag","embeddable":true,"href":"https:\/\/www.smmarbleinlay.com\/de\/wp-json\/wp\/v2\/product_tag?post=1245"}],"curies":[{"name":"wp","href":"https:\/\/api.w.org\/{rel}","templated":true}]}}