{"id":1248,"date":"2025-03-25T21:00:01","date_gmt":"2025-03-25T13:00:01","guid":{"rendered":"https:\/\/www.smmarbleinlay.com\/?post_type=product&#038;p=1248"},"modified":"2025-04-09T17:14:13","modified_gmt":"2025-04-09T09:14:13","slug":"elegant-inlaid-marble-medallion-with-traditional-chinese-design","status":"publish","type":"product","link":"https:\/\/www.smmarbleinlay.com\/de\/produkt\/elegant-inlaid-marble-medallion-with-traditional-chinese-design\/","title":{"rendered":"Elegantes Intarsienmedaillon aus Marmor mit traditionellem chinesischen Design"},"content":{"rendered":"<h2>Elegantes Intarsienmedaillon aus Marmor mit traditionellem chinesischen Design<\/h2>\n<p>Dieses exquisite Medaillon mit Einlegearbeiten aus Marmor ist eine perfekte Mischung aus klassischer Handwerkskunst und kulturellem Erbe.<\/p>\n<p>Das zentrale Emblem ist mit einem traditionellen chinesischen Motiv gestaltet und zeigt ein Langlebigkeitssymbol (\u5bff), ein gl\u00fccksverhei\u00dfendes Muster, das Wohlstand und ein langes Leben symbolisiert.<\/p>\n<p>Das Emblem ist von floralen und verschn\u00f6rkelten Ornamenten umgeben, die ein harmonisches und ausgewogenes Design ergeben.<\/p>\n<h2>Marmor Farbpalette Intarsien Marmor Medaillon Bodenbelag<\/h2>\n<p>Das Medaillon verwendet ein warmes und anspruchsvolles Farbschema, einschlie\u00dflich:<\/p>\n<ul>\n<li>Beigefarbener Marmor als Hintergrund, der eine neutrale und elegante Basis bildet.<\/li>\n<li>Gold- und br\u00e4unlich get\u00f6nter Marmor f\u00fcr die komplizierten Muster, die ein Gef\u00fchl von Luxus und Tiefe vermitteln.<\/li>\n<li>Dunkelrote Marmorakzente verst\u00e4rken den Kontrast und bringen einen Hauch von traditioneller chinesischer \u00c4sthetik.<\/li>\n<\/ul>\n<h2>Muster und Design von luxuri\u00f6sen Marmor-Intarsienb\u00f6den<\/h2>\n<ul>\n<li>Kundenspezifisches Marmordesign mit einem verhei\u00dfungsvollen chinesischen kalligrafischen Symbol in der Mitte.<\/li>\n<li>Mosaikmedaillons mit anmutigen floralen Motiven und wirbelnden wolkenartigen Formen, die h\u00e4ufig in kaiserlichen Pal\u00e4sten und luxuri\u00f6sen Villen zu sehen sind.<\/li>\n<li>Das symmetrische Muster vermittelt ein Gef\u00fchl von Ausgewogenheit und zeitloser Eleganz.<\/li>\n<\/ul>\n<h2>Ideale Anwendungen von Luxus-Marmor-Intarsien<\/h2>\n<p>Dieses Steinmedaillon ist ein vielseitiges Dekorationselement, das sich f\u00fcr verschiedene luxuri\u00f6se Inneneinrichtungen eignet, wie z. B.:<\/p>\n<ul>\n<li>Marmorfoyers f\u00fcr pr\u00e4chtige Eingangsbereiche in Villen, Hotels und Herrenh\u00e4usern.<\/li>\n<li>Fliesenmedaillons f\u00fcr den Eingangsbereich, die einen beeindruckenden ersten Eindruck in Wohn- oder Gesch\u00e4ftsr\u00e4umen vermitteln.<\/li>\n<li>Luxuri\u00f6se Treppenpodeste und Akzente in den Fluren, die das Ambiente mit einem Hauch von Tradition aufwerten.<\/li>\n<li>Bodenbel\u00e4ge von Tempeln und Kulturzentren, die die \u00c4sthetik des kulturellen Erbes unterstreichen.<\/li>\n<\/ul>\n<p>Dieses Marmor-Medaillon ist nicht nur ein Bodenbelag, sondern ein Statement, das Tradition, Eleganz und raffinierte Kunst verk\u00f6rpert. Es ist eine zeitlose Wahl f\u00fcr alle, die klassischen, asiatisch inspirierten Luxus sch\u00e4tzen.<\/p>","protected":false},"excerpt":{"rendered":"<p><strong>Artikel Nummer: <\/strong>FL2E001<\/p>\n<p><strong>Material:<\/strong>\u00a0Mable, Edelstein. (Marmor Inlay Boden Design Materialien k\u00f6nnen angepasst werden)<\/p>\n<p><strong>Gr\u00f6\u00dfe:<\/strong>\u00a0Ma\u00dfgeschneiderte Gr\u00f6\u00dfe (benutzerdefinierte Gr\u00f6\u00dfe des Marmordesigns)<\/p>\n<p><strong>Entwurf:<\/strong>\u00a0Standard-Marmorb\u00f6den mit Intarsien oder individuell gestaltete Marmorintarsien<\/p>\n<p><strong>Anwendung:<\/strong>\u00a0Luxusvillen und -wohnungen, Hotels und Resorts, Gesch\u00e4ftsr\u00e4ume,<\/p>\n<p>\u00d6ffentliche R\u00e4ume, Treppenh\u00e4user &amp; Flure, Eingang &amp; Foyer, Pietra Dura Art Floor,<\/p>\n<p>High-End-Clubs und Privatclubs, Showrooms und Ausstellungsr\u00e4ume,<\/p>\n<p>Boutiquen, Museum, Kirche, Moschee, etc.<\/p>","protected":false},"featured_media":1249,"template":"","meta":{"_joinchat":[]},"product_brand":[],"product_cat":[20],"product_tag":[],"class_list":{"0":"post-1248","1":"product","2":"type-product","3":"status-publish","4":"has-post-thumbnail","6":"product_cat-classic-marble-inlay-flooring","8":"first","9":"instock","10":"shipping-taxable","11":"product-type-simple"},"_links":{"self":[{"href":"https:\/\/www.smmarbleinlay.com\/de\/wp-json\/wp\/v2\/product\/1248","targetHints":{"allow":["GET"]}}],"collection":[{"href":"https:\/\/www.smmarbleinlay.com\/de\/wp-json\/wp\/v2\/product"}],"about":[{"href":"https:\/\/www.smmarbleinlay.com\/de\/wp-json\/wp\/v2\/types\/product"}],"wp:featuredmedia":[{"embeddable":true,"href":"https:\/\/www.smmarbleinlay.com\/de\/wp-json\/wp\/v2\/media\/1249"}],"wp:attachment":[{"href":"https:\/\/www.smmarbleinlay.com\/de\/wp-json\/wp\/v2\/media?parent=1248"}],"wp:term":[{"taxonomy":"product_brand","embeddable":true,"href":"https:\/\/www.smmarbleinlay.com\/de\/wp-json\/wp\/v2\/product_brand?post=1248"},{"taxonomy":"product_cat","embeddable":true,"href":"https:\/\/www.smmarbleinlay.com\/de\/wp-json\/wp\/v2\/product_cat?post=1248"},{"taxonomy":"product_tag","embeddable":true,"href":"https:\/\/www.smmarbleinlay.com\/de\/wp-json\/wp\/v2\/product_tag?post=1248"}],"curies":[{"name":"wp","href":"https:\/\/api.w.org\/{rel}","templated":true}]}}