{"id":1251,"date":"2025-03-25T21:02:41","date_gmt":"2025-03-25T13:02:41","guid":{"rendered":"https:\/\/www.smmarbleinlay.com\/?post_type=product&#038;p=1251"},"modified":"2025-04-09T17:07:29","modified_gmt":"2025-04-09T09:07:29","slug":"elegant-lotus-inspired-marble-medallion-flooring","status":"publish","type":"product","link":"https:\/\/www.smmarbleinlay.com\/de\/produkt\/elegant-lotus-inspired-marble-medallion-flooring\/","title":{"rendered":"Eleganter, von Lotus inspirierter Marmorboden mit Medaillons"},"content":{"rendered":"<h2>Eleganter, von Lotus inspirierter Marmorboden mit Medaillons<\/h2>\n<p>Dieser luxuri\u00f6se Marmor-Medaillon-Bodenbelag ist eine meisterhafte Kombination aus Intarsien-Kunst und Handwerkskunst, mit einem Lotus-inspirierten Marmor-Medaillon-Design.<\/p>\n<p>Das filigrane Pietra dure-Muster symbolisiert Reinheit, Harmonie und Eleganz und ist damit die perfekte Wahl, um in jedem Raum ein ruhiges und zugleich opulentes Ambiente zu schaffen.<\/p>\n<h2>Design &amp; Farbkomposition Intarsienmarmor<\/h2>\n<ul>\n<li>Material: Hochwertiger Naturmarmor<\/li>\n<li>Farbpalette: Eine warme Mischung aus Beige-, Gold- und Elfenbeint\u00f6nen, akzentuiert mit dezenten Gr\u00fcn- und erdigen Braunt\u00f6nen<\/li>\n<li>Das Muster: Ein strahlendes Lotusblumenmotiv, umgeben von einer Reihe von anmutigen Kurven und floral inspirierten Elementen<\/li>\n<li>Handwerkliches Geschick: Pr\u00e4zisionswasserstrahlschneiden f\u00fcr nahtlose Designausf\u00fchrung<\/li>\n<\/ul>\n<h2>Ideale Anwendungen Intarsienb\u00f6den aus Marmor<\/h2>\n<ul>\n<li>Luxuri\u00f6se Eing\u00e4nge und Foyers: Schafft einen gro\u00dfartigen und einladenden Eindruck<\/li>\n<li>Hotel-Lobbys und Empfangsbereiche: Verbessert den Raum mit Raffinesse<\/li>\n<li>Tempel und kulturelle R\u00e4ume: Symbolisiert spirituelle Harmonie und Gelassenheit<\/li>\n<li>High-End-Wohnungen: Verleiht Wohnungen einen Hauch von klassischer Eleganz<\/li>\n<li>Boutiquen und Luxusl\u00e4den: Aufwertung des Ambientes durch k\u00fcnstlerische Bodenbel\u00e4ge<\/li>\n<\/ul>\n<p>Dieser Medaillon-Bodenbelag f\u00fcgt sich nahtlos in klassische, traditionelle und zeitgen\u00f6ssische Interieurs ein und ist damit eine zeitlose Investition f\u00fcr gehobene Architektur.<\/p>\n<p>Produkt-Schl\u00fcsselw\u00f6rter<\/p>\n<p>Fu\u00dfbodenintarsien | Marmormosaikfu\u00dfboden | Medaillonfu\u00dfboden | Fu\u00dfbodenintarsien | Marmorintarsienfu\u00dfboden<\/p>","protected":false},"excerpt":{"rendered":"<p><strong>Artikel Nummer: <\/strong>FL5H009<\/p>\n<p><strong>Material:<\/strong>\u00a0Mable, Edelstein. (Marmor Inlay Boden Design Materialien k\u00f6nnen angepasst werden)<\/p>\n<p><strong>Gr\u00f6\u00dfe:<\/strong>\u00a0Ma\u00dfgeschneiderte Gr\u00f6\u00dfe (benutzerdefinierte Gr\u00f6\u00dfe des Marmordesigns)<\/p>\n<p><strong>Entwurf:<\/strong>\u00a0Standard-Marmorb\u00f6den mit Intarsien oder individuell gestaltete Marmorintarsien<\/p>\n<p><strong>Anwendung:<\/strong>\u00a0Luxusvillen und -wohnungen, Hotels und Resorts, Gesch\u00e4ftsr\u00e4ume,<\/p>\n<p>\u00d6ffentliche R\u00e4ume, Treppenh\u00e4user &amp; Flure, Eingang &amp; Foyer, Pietra Dura Art Floor,<\/p>\n<p>High-End-Clubs und Privatclubs, Showrooms und Ausstellungsr\u00e4ume,<\/p>\n<p>Boutiquen, Museum, Kirche, Moschee, etc.<\/p>","protected":false},"featured_media":1252,"template":"","meta":{"_joinchat":[]},"product_brand":[],"product_cat":[20],"product_tag":[],"class_list":{"0":"post-1251","1":"product","2":"type-product","3":"status-publish","4":"has-post-thumbnail","6":"product_cat-classic-marble-inlay-flooring","8":"first","9":"instock","10":"shipping-taxable","11":"product-type-simple"},"_links":{"self":[{"href":"https:\/\/www.smmarbleinlay.com\/de\/wp-json\/wp\/v2\/product\/1251","targetHints":{"allow":["GET"]}}],"collection":[{"href":"https:\/\/www.smmarbleinlay.com\/de\/wp-json\/wp\/v2\/product"}],"about":[{"href":"https:\/\/www.smmarbleinlay.com\/de\/wp-json\/wp\/v2\/types\/product"}],"wp:featuredmedia":[{"embeddable":true,"href":"https:\/\/www.smmarbleinlay.com\/de\/wp-json\/wp\/v2\/media\/1252"}],"wp:attachment":[{"href":"https:\/\/www.smmarbleinlay.com\/de\/wp-json\/wp\/v2\/media?parent=1251"}],"wp:term":[{"taxonomy":"product_brand","embeddable":true,"href":"https:\/\/www.smmarbleinlay.com\/de\/wp-json\/wp\/v2\/product_brand?post=1251"},{"taxonomy":"product_cat","embeddable":true,"href":"https:\/\/www.smmarbleinlay.com\/de\/wp-json\/wp\/v2\/product_cat?post=1251"},{"taxonomy":"product_tag","embeddable":true,"href":"https:\/\/www.smmarbleinlay.com\/de\/wp-json\/wp\/v2\/product_tag?post=1251"}],"curies":[{"name":"wp","href":"https:\/\/api.w.org\/{rel}","templated":true}]}}