{"id":1414,"date":"2025-03-27T09:38:47","date_gmt":"2025-03-27T01:38:47","guid":{"rendered":"https:\/\/www.smmarbleinlay.com\/?post_type=product&#038;p=1414"},"modified":"2025-04-09T16:03:07","modified_gmt":"2025-04-09T08:03:07","slug":"luxury-marble-inlay-dining-table-2","status":"publish","type":"product","link":"https:\/\/www.smmarbleinlay.com\/de\/produkt\/luxury-marble-inlay-dining-table-2\/","title":{"rendered":"Luxuri\u00f6ser Esstisch mit Marmorintarsien"},"content":{"rendered":"<h2>Luxuri\u00f6se Esstischplatte mit Marmorintarsien - Zeitlose Eleganz und Langlebigkeit<\/h2>\n<p>Wir stellen Ihnen unseren exquisiten Tisch mit Marmorintarsien vor, eine perfekte Mischung aus Handwerkskunst und Eleganz.<\/p>\n<p>Dieser Tisch ist aus hochwertigem Naturmarmor gefertigt und zeigt die feinste Kunst der Pietra Dure, einer antiken dekorativen Technik, die f\u00fcr ihre komplizierten Steineinlegearbeiten bekannt ist.<\/p>\n<p>Die Intarsien werden mit einem Wasserstrahlverfahren hergestellt, das Pr\u00e4zision und Detailgenauigkeit gew\u00e4hrleistet.<\/p>\n<h2>Einzigartiges Design der luxuri\u00f6sen Marmorintarsien-Esstischplatte<\/h2>\n<p>Die Tischplatte weist ein klassisches Marmorintarsienmuster auf, das geometrische Symmetrie und florale Motive kombiniert, um die \u00c4sthetik des Tisches zu unterstreichen.<\/p>\n<p>Jede Intarsien-Tischplatte ist ein Meisterwerk, das eine reiche Palette von Natursteinfarben enth\u00e4lt und jedem Raum Tiefe und Lebendigkeit verleiht.<\/p>\n<h2>Anwendung von Luxus Marmor Inlay Esstischplatte<\/h2>\n<p>Dieser Tisch mit Marmorintarsien passt sowohl zu modernen als auch zu klassischen Interieurs und eignet sich ideal f\u00fcr luxuri\u00f6se Speises\u00e4le, stilvolle Caf\u00e9s und elegante Teesalons.<\/p>\n<p>Ob in einer gehobenen Wohnung oder in einem gehobenen Gesch\u00e4ftsraum, dieser Tisch setzt einen raffinierten Akzent und bietet sowohl Haltbarkeit als auch zeitlose Sch\u00f6nheit.<\/p>\n<p>Erleben Sie den Charme feiner Marmorhandwerkskunst mit unserem hochwertigen Tisch mit Marmorintarsien, ein wahres Statement von Eleganz und Luxus.<\/p>","protected":false},"excerpt":{"rendered":"<p><strong>Artikel Nummer:<\/strong>TA4G003<\/p>\n<p><strong>Material:<\/strong>\u00a0Mable, Edelstein. (Material kann angepasst werden)<\/p>\n<p><strong>Gr\u00f6\u00dfe:<\/strong>\u00a0Ma\u00dfgeschneiderte Gr\u00f6\u00dfe<\/p>\n<p><strong>Entwurf:<\/strong>\u00a0Standard- oder kundenspezifische Ausf\u00fchrungen<\/p>\n<p><strong>Anwendung:<\/strong>\u00a0Luxusvillen und -wohnungen, Hotels und Resorts, Gesch\u00e4ftsr\u00e4ume,<\/p>\n<p>Esszimmertisch mit Marmorintarsien, Pietra Dura Couchtisch, Esszimmertischplatte,<\/p>\n<p>Marqueterie Kunst Intarsien Marmor Tisch, Marmor Intarsien M\u00f6bel,<\/p>\n<p>\u00d6ffentliche R\u00e4ume, High-End-Clubs und Privatclubs,<\/p>\n<p>Ausstellungs- und Ausstellungsr\u00e4ume, Boutiquen, Museen, Kirchen, Moscheen, usw.<\/p>","protected":false},"featured_media":1416,"template":"","meta":{"_joinchat":[]},"product_brand":[],"product_cat":[23],"product_tag":[],"class_list":{"0":"post-1414","1":"product","2":"type-product","3":"status-publish","4":"has-post-thumbnail","6":"product_cat-marble-inlay-table","8":"first","9":"instock","10":"shipping-taxable","11":"product-type-simple"},"_links":{"self":[{"href":"https:\/\/www.smmarbleinlay.com\/de\/wp-json\/wp\/v2\/product\/1414","targetHints":{"allow":["GET"]}}],"collection":[{"href":"https:\/\/www.smmarbleinlay.com\/de\/wp-json\/wp\/v2\/product"}],"about":[{"href":"https:\/\/www.smmarbleinlay.com\/de\/wp-json\/wp\/v2\/types\/product"}],"wp:featuredmedia":[{"embeddable":true,"href":"https:\/\/www.smmarbleinlay.com\/de\/wp-json\/wp\/v2\/media\/1416"}],"wp:attachment":[{"href":"https:\/\/www.smmarbleinlay.com\/de\/wp-json\/wp\/v2\/media?parent=1414"}],"wp:term":[{"taxonomy":"product_brand","embeddable":true,"href":"https:\/\/www.smmarbleinlay.com\/de\/wp-json\/wp\/v2\/product_brand?post=1414"},{"taxonomy":"product_cat","embeddable":true,"href":"https:\/\/www.smmarbleinlay.com\/de\/wp-json\/wp\/v2\/product_cat?post=1414"},{"taxonomy":"product_tag","embeddable":true,"href":"https:\/\/www.smmarbleinlay.com\/de\/wp-json\/wp\/v2\/product_tag?post=1414"}],"curies":[{"name":"wp","href":"https:\/\/api.w.org\/{rel}","templated":true}]}}