{"id":1418,"date":"2025-03-27T10:10:31","date_gmt":"2025-03-27T02:10:31","guid":{"rendered":"https:\/\/www.smmarbleinlay.com\/?post_type=product&#038;p=1418"},"modified":"2025-04-09T16:00:07","modified_gmt":"2025-04-09T08:00:07","slug":"luxury-marble-inlay-table-with-parchinkari-art","status":"publish","type":"product","link":"https:\/\/www.smmarbleinlay.com\/de\/produkt\/luxury-marble-inlay-table-with-parchinkari-art\/","title":{"rendered":"Luxuri\u00f6ser Tisch mit Marmorintarsien und Parchinkari-Kunst"},"content":{"rendered":"<h2><strong>Luxus-Marmor-Intarsien-Tisch mit Parchinkari Art Pietra Dura<\/strong><\/h2>\n<p>Dieser exquisite Tisch mit Marmorintarsien zeigt die feinste Handwerkskunst klassischer Marmorintarsien, die nat\u00fcrlichen Marmor, Edelsteine, Halbedelsteine und luxuri\u00f6se Steine zu einem zeitlosen Meisterwerk vereinen.<\/p>\n<p>Inspiriert von der Parchinkari-Kunst und -Handwerk, zeigt das Tischdesign mit Intarsien aus Marmor komplizierte Blumenmotive, elegante Schn\u00f6rkel und symmetrische Muster, die in sorgf\u00e4ltiger Handarbeit hergestellt werden und jedes luxuri\u00f6se Interieur aufwerten.<\/p>\n<p>Die harmonische Kombination aus warmem Gold, sattem Blau und lebhaften floralen Elementen schafft eine opulente und anspruchsvolle \u00c4sthetik.<\/p>\n<h2>Luxuri\u00f6ser Tisch mit Marmorintarsien und Parchinkari-Kunst f\u00fcr gro\u00dfe R\u00e4ume<\/h2>\n<p>Diese Intarsien-Tischplatte ist ideal f\u00fcr luxuri\u00f6se Esszimmer, klassische Wohnzimmer oder hochwertige B\u00fcroeinrichtungen und dient sowohl als funktionales St\u00fcck als auch als k\u00fcnstlerisches Statement.<\/p>\n<p>Mit seiner unvergleichlichen Sch\u00f6nheit und Pr\u00e4zision verk\u00f6rpert dieser Tisch mit Marmorintarsien Eleganz und Erbe und ist damit eine perfekte Erg\u00e4nzung f\u00fcr Luxuswohnungen und Villen.<\/p>","protected":false},"excerpt":{"rendered":"<p><strong>Artikel Nummer: <\/strong>TA6I001<\/p>\n<p><strong>Material:<\/strong>\u00a0Mable, Edelstein. (Marmor Inlay Tabelle Material kann angepasst werden)<\/p>\n<p><strong>Gr\u00f6\u00dfe:<\/strong>\u00a0Ma\u00dfgeschneiderte Gr\u00f6\u00dfe<\/p>\n<p><strong>Entwurf:<\/strong>\u00a0Standard- oder kundenspezifische Marmorintarsien-Tischdesigns<\/p>\n<p><strong>Anwendung:<\/strong>\u00a0Luxusvillen und -wohnungen, Hotels und Resorts, Gesch\u00e4ftsr\u00e4ume,<\/p>\n<p>Esszimmertisch mit Marmorintarsien, Pietra Dura Couchtisch, Esszimmertischplatte,<\/p>\n<p>Luxuri\u00f6se Esszimmer, klassische Wohnr\u00e4ume oder hochwertige B\u00fcroeinrichtungen,<\/p>\n<p>Marqueterie Kunst Intarsien Marmor Tisch, Marmor Intarsien M\u00f6bel,<\/p>\n<p>\u00d6ffentliche R\u00e4ume, High-End-Clubs und Privatclubs,<\/p>\n<p>Ausstellungs- und Ausstellungsr\u00e4ume, Boutiquen, Museen, Kirchen, Moscheen, usw.<\/p>","protected":false},"featured_media":1419,"template":"","meta":{"_joinchat":[]},"product_brand":[],"product_cat":[23],"product_tag":[],"class_list":{"0":"post-1418","1":"product","2":"type-product","3":"status-publish","4":"has-post-thumbnail","6":"product_cat-marble-inlay-table","8":"first","9":"instock","10":"shipping-taxable","11":"product-type-simple"},"_links":{"self":[{"href":"https:\/\/www.smmarbleinlay.com\/de\/wp-json\/wp\/v2\/product\/1418","targetHints":{"allow":["GET"]}}],"collection":[{"href":"https:\/\/www.smmarbleinlay.com\/de\/wp-json\/wp\/v2\/product"}],"about":[{"href":"https:\/\/www.smmarbleinlay.com\/de\/wp-json\/wp\/v2\/types\/product"}],"wp:featuredmedia":[{"embeddable":true,"href":"https:\/\/www.smmarbleinlay.com\/de\/wp-json\/wp\/v2\/media\/1419"}],"wp:attachment":[{"href":"https:\/\/www.smmarbleinlay.com\/de\/wp-json\/wp\/v2\/media?parent=1418"}],"wp:term":[{"taxonomy":"product_brand","embeddable":true,"href":"https:\/\/www.smmarbleinlay.com\/de\/wp-json\/wp\/v2\/product_brand?post=1418"},{"taxonomy":"product_cat","embeddable":true,"href":"https:\/\/www.smmarbleinlay.com\/de\/wp-json\/wp\/v2\/product_cat?post=1418"},{"taxonomy":"product_tag","embeddable":true,"href":"https:\/\/www.smmarbleinlay.com\/de\/wp-json\/wp\/v2\/product_tag?post=1418"}],"curies":[{"name":"wp","href":"https:\/\/api.w.org\/{rel}","templated":true}]}}