{"id":1421,"date":"2025-03-27T10:17:47","date_gmt":"2025-03-27T02:17:47","guid":{"rendered":"https:\/\/www.smmarbleinlay.com\/?post_type=product&#038;p=1421"},"modified":"2025-04-09T15:57:21","modified_gmt":"2025-04-09T07:57:21","slug":"exquisite-marble-inlay-table-with-pietra-dura-art","status":"publish","type":"product","link":"https:\/\/www.smmarbleinlay.com\/de\/produkt\/exquisite-marble-inlay-table-with-pietra-dura-art\/","title":{"rendered":"Exquisiter Tisch mit Marmorintarsien und Pietra Dura Kunst"},"content":{"rendered":"<h2><strong>Exquisiter Marmorintarsientisch mit Pietra Dura Art Intarsien Marmorplatte<\/strong><\/h2>\n<p>Dieser luxuri\u00f6se Tisch mit Marmorintarsien ist ein Meisterwerk von zeitloser Eleganz, gefertigt aus feinstem schwarzen Marmor, Edelsteinen, Halbedelsteinen und Luxussteinen.<\/p>\n<p>Die aufw\u00e4ndige Pietra Dura-Intarsie mit zarten Blumenmustern und anmutigen goldenen Schn\u00f6rkeln bildet einen auff\u00e4lligen Kontrast zu der tiefschwarzen Marmoroberfl\u00e4che.<\/p>\n<h2>Anwendung des exquisiten Marmorintarsientisches mit Pietra Dura Art<\/h2>\n<p>Das klassische Design der Tischplatte mit Intarsien aus Marmor f\u00fcgt sich nahtlos in hochwertige Inneneinrichtungen ein und macht diese Tischplatte mit Intarsien zur perfekten Erg\u00e4nzung f\u00fcr luxuri\u00f6se Wohnzimmer, Essbereiche, k\u00f6nigliche Lounges oder B\u00fcros von F\u00fchrungskr\u00e4ften.<\/p>\n<p>Der Tisch wird von einem opulenten, vergoldeten Sockel getragen und verk\u00f6rpert Raffinesse und Erhabenheit.<\/p>\n<p>Mit seiner tadellosen Handwerkskunst und den kunstvollen Details ist dieser Tisch mit Marmorintarsien nicht nur ein M\u00f6belst\u00fcck, sondern ein wahres Kunstwerk, das jeden Raum mit seinem aristokratischen Charme aufwertet.<\/p>","protected":false},"excerpt":{"rendered":"<p><strong>Artikel Nummer: <\/strong>TA5H001<\/p>\n<p><strong>Material:<\/strong>\u00a0Mable, Edelstein. (Marmor Inlay Tabelle Material kann angepasst werden)<\/p>\n<p><strong>Gr\u00f6\u00dfe:<\/strong>\u00a0Ma\u00dfgeschneiderte Gr\u00f6\u00dfe<\/p>\n<p><strong>Entwurf:<\/strong>\u00a0Standard- oder kundenspezifische Marmorintarsien-Tischdesigns<\/p>\n<p><strong>Anwendung:<\/strong>\u00a0Luxusvillen und -wohnungen, Hotels und Resorts, Gesch\u00e4ftsr\u00e4ume,<\/p>\n<p>Esszimmertisch mit Marmorintarsien, Pietra Dura Couchtisch, Esszimmertischplatte,<\/p>\n<p>Luxuri\u00f6se Esszimmer, klassische Wohnr\u00e4ume oder hochwertige B\u00fcroeinrichtungen,<\/p>\n<p>Marqueterie Kunst Intarsien Marmor Tisch, Marmor Intarsien M\u00f6bel,<\/p>\n<p>\u00d6ffentliche R\u00e4ume, High-End-Clubs und Privatclubs,<\/p>\n<p>Ausstellungs- und Ausstellungsr\u00e4ume, Boutiquen, Museen, Kirchen, Moscheen, usw.<\/p>","protected":false},"featured_media":1423,"template":"","meta":{"_joinchat":[]},"product_brand":[],"product_cat":[23],"product_tag":[],"class_list":{"0":"post-1421","1":"product","2":"type-product","3":"status-publish","4":"has-post-thumbnail","6":"product_cat-marble-inlay-table","8":"first","9":"instock","10":"shipping-taxable","11":"product-type-simple"},"_links":{"self":[{"href":"https:\/\/www.smmarbleinlay.com\/de\/wp-json\/wp\/v2\/product\/1421","targetHints":{"allow":["GET"]}}],"collection":[{"href":"https:\/\/www.smmarbleinlay.com\/de\/wp-json\/wp\/v2\/product"}],"about":[{"href":"https:\/\/www.smmarbleinlay.com\/de\/wp-json\/wp\/v2\/types\/product"}],"wp:featuredmedia":[{"embeddable":true,"href":"https:\/\/www.smmarbleinlay.com\/de\/wp-json\/wp\/v2\/media\/1423"}],"wp:attachment":[{"href":"https:\/\/www.smmarbleinlay.com\/de\/wp-json\/wp\/v2\/media?parent=1421"}],"wp:term":[{"taxonomy":"product_brand","embeddable":true,"href":"https:\/\/www.smmarbleinlay.com\/de\/wp-json\/wp\/v2\/product_brand?post=1421"},{"taxonomy":"product_cat","embeddable":true,"href":"https:\/\/www.smmarbleinlay.com\/de\/wp-json\/wp\/v2\/product_cat?post=1421"},{"taxonomy":"product_tag","embeddable":true,"href":"https:\/\/www.smmarbleinlay.com\/de\/wp-json\/wp\/v2\/product_tag?post=1421"}],"curies":[{"name":"wp","href":"https:\/\/api.w.org\/{rel}","templated":true}]}}