{"id":1424,"date":"2025-03-27T10:31:07","date_gmt":"2025-03-27T02:31:07","guid":{"rendered":"https:\/\/www.smmarbleinlay.com\/?post_type=product&#038;p=1424"},"modified":"2025-04-09T15:54:28","modified_gmt":"2025-04-09T07:54:28","slug":"elegant-marble-inlay-dining-table-with-pietra-dura-art","status":"publish","type":"product","link":"https:\/\/www.smmarbleinlay.com\/de\/produkt\/elegant-marble-inlay-dining-table-with-pietra-dura-art\/","title":{"rendered":"Eleganter Esstisch mit Marmorintarsien und Pietra Dura Art"},"content":{"rendered":"<h2>Eleganter Esstisch mit Marmorintarsien und Pietra Dura Art<\/h2>\n<p>Dieser klassische Esstisch mit Marmorintarsien ist ein atemberaubendes Prunkst\u00fcck, das aus hochwertigem Marmor, Edelsteinen, Halbedelsteinen und Luxussteinen gefertigt ist.<\/p>\n<p>Die Tischplatte ist mit Pietra Dura-Intarsien mit komplizierten Blumenmustern, zarten Rankenmotiven und einem exquisiten zentralen Emblem versehen, die ein Meisterwerk von zeitloser Eleganz schaffen.<\/p>\n<h2>Anwendung des eleganten Esstisches mit Marmorintarsien<\/h2>\n<p>Die harmonische Mischung aus satten Farben und feinen Details unterstreicht die luxuri\u00f6se Ausstrahlung und macht sie zu einer idealen Einlegeplatte f\u00fcr gehobene Essbereiche, Luxusvillen und herrschaftliche Residenzen.<\/p>\n<p>Zusammen mit den elegant gepolsterten St\u00fchlen verleiht dieser Tisch jedem Interieur einen k\u00f6niglichen Touch.<\/p>\n<p>Dieser Tisch mit Marmorintarsien ist perfekt f\u00fcr alle, die handwerkliche Kunstfertigkeit und raffinierte \u00c4sthetik zu sch\u00e4tzen wissen. Er ist nicht nur ein Esstisch, sondern auch ein Ausdruck von Luxus und Raffinesse.<\/p>","protected":false},"excerpt":{"rendered":"<p><strong>Artikel Nummer: <\/strong>TA5H002<\/p>\n<p><strong>Material:<\/strong>\u00a0Mable, Edelstein. (Material kann angepasst werden)<\/p>\n<p><strong>Gr\u00f6\u00dfe:<\/strong>\u00a0Ma\u00dfgeschneiderte Gr\u00f6\u00dfe<\/p>\n<p><strong>Entwurf:<\/strong>\u00a0Standard- oder kundenspezifische Ausf\u00fchrungen<\/p>\n<p><strong>Anwendung:<\/strong>\u00a0Luxusvillen und -wohnungen, Hotels und Resorts, Gesch\u00e4ftsr\u00e4ume,<\/p>\n<p>Esszimmertisch mit Marmorintarsien, Pietra Dura Couchtisch, Esszimmertischplatte,<\/p>\n<p>Luxuri\u00f6se Esszimmer, klassische Wohnr\u00e4ume oder hochwertige B\u00fcroeinrichtungen,<\/p>\n<p>Marqueterie Kunst Intarsien Marmor Tisch, Marmor Intarsien M\u00f6bel,<\/p>\n<p>\u00d6ffentliche R\u00e4ume, High-End-Clubs und Privatclubs,<\/p>\n<p>Ausstellungs- und Ausstellungsr\u00e4ume, Boutiquen, Museen, Kirchen, Moscheen, usw.<\/p>","protected":false},"featured_media":1425,"template":"","meta":{"_joinchat":[]},"product_brand":[],"product_cat":[23],"product_tag":[],"class_list":{"0":"post-1424","1":"product","2":"type-product","3":"status-publish","4":"has-post-thumbnail","6":"product_cat-marble-inlay-table","8":"first","9":"instock","10":"shipping-taxable","11":"product-type-simple"},"_links":{"self":[{"href":"https:\/\/www.smmarbleinlay.com\/de\/wp-json\/wp\/v2\/product\/1424","targetHints":{"allow":["GET"]}}],"collection":[{"href":"https:\/\/www.smmarbleinlay.com\/de\/wp-json\/wp\/v2\/product"}],"about":[{"href":"https:\/\/www.smmarbleinlay.com\/de\/wp-json\/wp\/v2\/types\/product"}],"wp:featuredmedia":[{"embeddable":true,"href":"https:\/\/www.smmarbleinlay.com\/de\/wp-json\/wp\/v2\/media\/1425"}],"wp:attachment":[{"href":"https:\/\/www.smmarbleinlay.com\/de\/wp-json\/wp\/v2\/media?parent=1424"}],"wp:term":[{"taxonomy":"product_brand","embeddable":true,"href":"https:\/\/www.smmarbleinlay.com\/de\/wp-json\/wp\/v2\/product_brand?post=1424"},{"taxonomy":"product_cat","embeddable":true,"href":"https:\/\/www.smmarbleinlay.com\/de\/wp-json\/wp\/v2\/product_cat?post=1424"},{"taxonomy":"product_tag","embeddable":true,"href":"https:\/\/www.smmarbleinlay.com\/de\/wp-json\/wp\/v2\/product_tag?post=1424"}],"curies":[{"name":"wp","href":"https:\/\/api.w.org\/{rel}","templated":true}]}}