{"id":1427,"date":"2025-03-27T10:38:04","date_gmt":"2025-03-27T02:38:04","guid":{"rendered":"https:\/\/www.smmarbleinlay.com\/?post_type=product&#038;p=1427"},"modified":"2025-04-09T15:50:14","modified_gmt":"2025-04-09T07:50:14","slug":"contemporary-marble-inlay-table","status":"publish","type":"product","link":"https:\/\/www.smmarbleinlay.com\/de\/produkt\/contemporary-marble-inlay-table\/","title":{"rendered":"Zeitgen\u00f6ssischer Tisch mit Marmorintarsien Schwarz &amp; Wei\u00df"},"content":{"rendered":"<h2>Zeitgen\u00f6ssischer Tisch mit Marmorintarsien Schwarz: <strong>Zeitloses Design mit klassischem Marmor<\/strong><\/h2>\n<p>Dieser moderne Tisch mit schwarzer Marmorintarsie zeichnet sich durch ein auff\u00e4lliges schwarz-wei\u00dfes Schachbrettmuster aus, das aus hochwertigem Marmor gefertigt ist.<\/p>\n<p>Die klassische und zeitgem\u00e4\u00dfe schwarze Oberfl\u00e4che des Tisches mit Marmorintarsien verbindet traditionelle Eleganz mit modernem Stil und passt damit perfekt in jede zeitgen\u00f6ssische Einrichtung.<\/p>\n<h2><strong>Exquisite Handwerkskunst: Pietra Dura<\/strong><\/h2>\n<p>Der Tisch mit Marmorintarsien zeigt au\u00dfergew\u00f6hnliche Pietra Dura-Kunst, mit sorgf\u00e4ltig in den Marmor eingebetteten Intarsien.<\/p>\n<p>Diese Handwerkskunst gew\u00e4hrleistet sowohl Sch\u00f6nheit als auch Langlebigkeit und sorgt f\u00fcr eine Oberfl\u00e4che, die den Test der Zeit \u00fcbersteht.<\/p>\n<h2><strong>Langlebigkeit und Stil in einem<\/strong><\/h2>\n<p>Dieser Tisch aus hochwertigem Marmor ist nicht nur optisch ansprechend, sondern auch sehr langlebig.<\/p>\n<p>Sein modernes Design sorgt daf\u00fcr, dass er ein zeitloses St\u00fcck in Ihrem Zuhause oder B\u00fcro bleibt, das sowohl Funktionalit\u00e4t als auch dauerhafte Sch\u00f6nheit bietet.<\/p>\n<h2><strong>Perfekt f\u00fcr moderne Innenr\u00e4ume<\/strong><\/h2>\n<p>Ob als Esstisch oder als elegantes Akzentst\u00fcck, dieser Tisch mit Marmorintarsie wertet jeden Raum auf.<\/p>\n<p>Sein schlichtes und minimalistisches Design macht ihn zu einer vielseitigen Erg\u00e4nzung f\u00fcr moderne Einrichtungen.<\/p>","protected":false},"excerpt":{"rendered":"<p><strong>Artikel Nummer: <\/strong>TA4G004<\/p>\n<p><strong>Material:<\/strong>\u00a0Mable, Edelstein. (Marmor Inlay Tabelle Material kann angepasst werden)<\/p>\n<p><strong>Gr\u00f6\u00dfe:<\/strong>\u00a0Ma\u00dfgeschneiderte Gr\u00f6\u00dfe<\/p>\n<p><strong>Entwurf:<\/strong>\u00a0Standard- oder kundenspezifische Marmorintarsien-Tischdesigns<\/p>\n<p><strong>Anwendung:<\/strong>\u00a0Luxusvillen und -wohnungen, Hotels und Resorts, Gesch\u00e4ftsr\u00e4ume,<\/p>\n<p>Esszimmertisch mit Marmorintarsien, Pietra Dura Couchtisch, Esszimmertischplatte,<\/p>\n<p>Luxuri\u00f6se Esszimmer, klassische Wohnr\u00e4ume oder hochwertige B\u00fcroeinrichtungen,<\/p>\n<p>Marqueterie Kunst Intarsien Marmor Tisch, Marmor Intarsien M\u00f6bel,<\/p>\n<p>\u00d6ffentliche R\u00e4ume, High-End-Clubs und Privatclubs,<\/p>\n<p>Ausstellungs- und Ausstellungsr\u00e4ume, Boutiquen, Museen, Kirchen, Moscheen, usw.<\/p>","protected":false},"featured_media":1428,"template":"","meta":{"_joinchat":[]},"product_brand":[],"product_cat":[23],"product_tag":[],"class_list":{"0":"post-1427","1":"product","2":"type-product","3":"status-publish","4":"has-post-thumbnail","6":"product_cat-marble-inlay-table","8":"first","9":"instock","10":"shipping-taxable","11":"product-type-simple"},"_links":{"self":[{"href":"https:\/\/www.smmarbleinlay.com\/de\/wp-json\/wp\/v2\/product\/1427","targetHints":{"allow":["GET"]}}],"collection":[{"href":"https:\/\/www.smmarbleinlay.com\/de\/wp-json\/wp\/v2\/product"}],"about":[{"href":"https:\/\/www.smmarbleinlay.com\/de\/wp-json\/wp\/v2\/types\/product"}],"wp:featuredmedia":[{"embeddable":true,"href":"https:\/\/www.smmarbleinlay.com\/de\/wp-json\/wp\/v2\/media\/1428"}],"wp:attachment":[{"href":"https:\/\/www.smmarbleinlay.com\/de\/wp-json\/wp\/v2\/media?parent=1427"}],"wp:term":[{"taxonomy":"product_brand","embeddable":true,"href":"https:\/\/www.smmarbleinlay.com\/de\/wp-json\/wp\/v2\/product_brand?post=1427"},{"taxonomy":"product_cat","embeddable":true,"href":"https:\/\/www.smmarbleinlay.com\/de\/wp-json\/wp\/v2\/product_cat?post=1427"},{"taxonomy":"product_tag","embeddable":true,"href":"https:\/\/www.smmarbleinlay.com\/de\/wp-json\/wp\/v2\/product_tag?post=1427"}],"curies":[{"name":"wp","href":"https:\/\/api.w.org\/{rel}","templated":true}]}}