{"id":1431,"date":"2025-03-27T10:43:06","date_gmt":"2025-03-27T02:43:06","guid":{"rendered":"https:\/\/www.smmarbleinlay.com\/?post_type=product&#038;p=1431"},"modified":"2025-04-09T15:45:00","modified_gmt":"2025-04-09T07:45:00","slug":"contemporary-marble-inlay-table-black-white","status":"publish","type":"product","link":"https:\/\/www.smmarbleinlay.com\/de\/produkt\/contemporary-marble-inlay-table-black-white\/","title":{"rendered":"Zeitgen\u00f6ssischer Tisch mit Marmorintarsien Schwarz &amp; Wei\u00df"},"content":{"rendered":"<h2>Moderne Marmorintarsien-Tischplatte Schwarz &amp; Wei\u00df <strong>Elegantes Design mit klassischem Marmor<\/strong><\/h2>\n<p>Dieser moderne Tisch mit Marmorintarsien besticht durch sein schwarz-wei\u00dfes Schachbrettmuster, das aus hochwertigem Marmor gefertigt ist.<\/p>\n<p>Das k\u00fchne Design bringt einen modernen, minimalistischen Touch in jeden Raum, w\u00e4hrend das klassische Marmor-Material f\u00fcr zeitlose Eleganz sorgt.<\/p>\n<h2><strong>Pietra Dura Handwerkskunst<\/strong><\/h2>\n<p>Dieser Tisch wurde fachm\u00e4nnisch mit der antiken Technik der Pietra Dura gefertigt und verf\u00fcgt \u00fcber komplizierte Marmorintarsien, die sorgf\u00e4ltig in die Oberfl\u00e4che eingebettet sind.<\/p>\n<p>Das Ergebnis ist ein beeindruckendes Kunstwerk, bei dem traditionelle Handwerkskunst auf modernes Design trifft.<\/p>\n<h2><strong>Langlebigkeit und Zweckm\u00e4\u00dfigkeit<\/strong><\/h2>\n<p>Die aus hochwertigem Marmor gefertigte Intarsien-Tischplatte ist nicht nur optisch ansprechend, sondern auch unglaublich langlebig.<\/p>\n<p>Die nat\u00fcrliche St\u00e4rke des Marmors sorgt f\u00fcr eine lange Lebensdauer, so dass er sich perfekt f\u00fcr den t\u00e4glichen Gebrauch eignet und seine Sch\u00f6nheit im Laufe der Zeit bewahrt.<\/p>\n<h2><strong>Perfekt f\u00fcr moderne Wohnr\u00e4ume<\/strong><\/h2>\n<p>Ob als Esstisch oder als Blickfang in Ihrem Wohnzimmer, dieser Tisch mit Marmorintarsien wertet Ihren Raum durch sein raffiniertes Design auf.<\/p>\n<p>Seine vielseitige \u00c4sthetik f\u00fcgt sich nahtlos in moderne Innenr\u00e4ume ein und bietet sowohl Stil als auch Funktionalit\u00e4t.<\/p>","protected":false},"excerpt":{"rendered":"<p><strong>Artikel Nummer: <\/strong>TA4G005<\/p>\n<p><strong>Material:<\/strong>\u00a0Mable, Edelstein. (Marmor Inlay Tabelle Material kann angepasst werden)<\/p>\n<p><strong>Gr\u00f6\u00dfe:<\/strong>\u00a0Ma\u00dfgeschneiderte Gr\u00f6\u00dfe<\/p>\n<p><strong>Entwurf:<\/strong>\u00a0Standard- oder kundenspezifische Marmorintarsien-Tischdesigns<\/p>\n<p><strong>Anwendung:<\/strong>\u00a0Luxusvillen und -wohnungen, Hotels und Resorts, Gesch\u00e4ftsr\u00e4ume,<\/p>\n<p>Esszimmertisch mit Marmorintarsien, Pietra Dura Couchtisch, Esszimmertischplatte,<\/p>\n<p>Luxuri\u00f6se Esszimmer, klassische Wohnr\u00e4ume oder hochwertige B\u00fcroeinrichtungen,<\/p>\n<p>Marqueterie Kunst Intarsien Marmor Tisch, Marmor Intarsien M\u00f6bel,<\/p>\n<p>\u00d6ffentliche R\u00e4ume, High-End-Clubs und Privatclubs,<\/p>\n<p>Ausstellungs- und Ausstellungsr\u00e4ume, Boutiquen, Museen, Kirchen, Moscheen, usw.<\/p>","protected":false},"featured_media":1432,"template":"","meta":{"_joinchat":[]},"product_brand":[],"product_cat":[23],"product_tag":[],"class_list":{"0":"post-1431","1":"product","2":"type-product","3":"status-publish","4":"has-post-thumbnail","6":"product_cat-marble-inlay-table","8":"first","9":"instock","10":"shipping-taxable","11":"product-type-simple"},"_links":{"self":[{"href":"https:\/\/www.smmarbleinlay.com\/de\/wp-json\/wp\/v2\/product\/1431","targetHints":{"allow":["GET"]}}],"collection":[{"href":"https:\/\/www.smmarbleinlay.com\/de\/wp-json\/wp\/v2\/product"}],"about":[{"href":"https:\/\/www.smmarbleinlay.com\/de\/wp-json\/wp\/v2\/types\/product"}],"wp:featuredmedia":[{"embeddable":true,"href":"https:\/\/www.smmarbleinlay.com\/de\/wp-json\/wp\/v2\/media\/1432"}],"wp:attachment":[{"href":"https:\/\/www.smmarbleinlay.com\/de\/wp-json\/wp\/v2\/media?parent=1431"}],"wp:term":[{"taxonomy":"product_brand","embeddable":true,"href":"https:\/\/www.smmarbleinlay.com\/de\/wp-json\/wp\/v2\/product_brand?post=1431"},{"taxonomy":"product_cat","embeddable":true,"href":"https:\/\/www.smmarbleinlay.com\/de\/wp-json\/wp\/v2\/product_cat?post=1431"},{"taxonomy":"product_tag","embeddable":true,"href":"https:\/\/www.smmarbleinlay.com\/de\/wp-json\/wp\/v2\/product_tag?post=1431"}],"curies":[{"name":"wp","href":"https:\/\/api.w.org\/{rel}","templated":true}]}}