{"id":1434,"date":"2025-03-27T10:48:31","date_gmt":"2025-03-27T02:48:31","guid":{"rendered":"https:\/\/www.smmarbleinlay.com\/?post_type=product&#038;p=1434"},"modified":"2025-04-09T15:41:54","modified_gmt":"2025-04-09T07:41:54","slug":"luxury-marble-inlay-furniture-dinning-table","status":"publish","type":"product","link":"https:\/\/www.smmarbleinlay.com\/de\/produkt\/luxury-marble-inlay-furniture-dinning-table\/","title":{"rendered":"Luxus Marmor Intarsien M\u00f6bel Esstisch"},"content":{"rendered":"<h2>Luxus Marmor Intarsien M\u00f6bel Esstisch <strong>Hochwertiges Material<\/strong><\/h2>\n<p>Dieser atemberaubende und luxuri\u00f6se Esstisch mit Marmorintarsien ist aus feinstem Marmor gefertigt, der f\u00fcr seine Haltbarkeit und zeitlose Sch\u00f6nheit bekannt ist.<\/p>\n<p>Das hochwertige Marmormaterial gew\u00e4hrleistet nicht nur eine lange Lebensdauer, sondern verleiht Ihrem Zuhause auch einen Hauch von Luxus.<\/p>\n<h2><strong>Exquisites Intarsien-Design mit Pietra Dura<\/strong><\/h2>\n<p>Das komplizierte Design des luxuri\u00f6sen Esstisches mit Marmorintarsien zeigt die Kunst der Pietra Dura, einer traditionellen Intarsientechnik, bei der lebendige Steine und Marmor gekonnt kombiniert werden.<\/p>\n<p>Das Ergebnis ist ein wundersch\u00f6nes florales Muster, das dem Raum Raffinesse und Eleganz verleiht.<\/p>\n<h2><strong>Lebendige Farben und harmonische Muster<\/strong><\/h2>\n<p>Das Design des Esstisches mit Marmorintarsien zeichnet sich durch satte, leuchtende Farben aus, die nahtlos mit dem schwarzen Marmorhintergrund verschmelzen.<\/p>\n<p>Die detaillierten floralen Motive, darunter Weinreben, Bl\u00e4tter und Bl\u00fcten, verleihen dem Tisch eine nat\u00fcrliche Sch\u00f6nheit und machen ihn zu einem perfekten Schmuckst\u00fcck f\u00fcr jeden Raum.<\/p>\n<h2><strong>Ideal f\u00fcr elegante Speiser\u00e4ume<\/strong><\/h2>\n<p>Dieser Tisch mit Marmorintarsie eignet sich perfekt f\u00fcr ein modernes Esszimmer und ist ideal f\u00fcr Versammlungen und besondere Anl\u00e4sse.<\/p>\n<p>Das auff\u00e4llige Design passt sowohl zu modernen als auch zu traditionellen Einrichtungen und unterstreicht das Gesamtambiente Ihres Hauses, w\u00e4hrend es gleichzeitig ein funktionelles und luxuri\u00f6ses Herzst\u00fcck darstellt.<\/p>","protected":false},"excerpt":{"rendered":"<p><strong>Artikel Nummer: <\/strong>TA6I002<\/p>\n<p><strong>Material:<\/strong>\u00a0Mable, Edelstein. (Marmor Inlay Tabelle Material kann angepasst werden)<\/p>\n<p><strong>Gr\u00f6\u00dfe:<\/strong>\u00a0Ma\u00dfgeschneiderte Gr\u00f6\u00dfe<\/p>\n<p><strong>Entwurf:<\/strong>\u00a0Standard- oder kundenspezifische Marmorintarsien-Tischdesigns<\/p>\n<p><strong>Anwendung:<\/strong>\u00a0Luxusvillen und -wohnungen, Hotels und Resorts, Gesch\u00e4ftsr\u00e4ume,<\/p>\n<p>Esszimmertisch mit Marmorintarsien, Pietra Dura Couchtisch, Esszimmertischplatte,<\/p>\n<p>Luxuri\u00f6se Esszimmer, klassische Wohnr\u00e4ume oder hochwertige B\u00fcroeinrichtungen,<\/p>\n<p>Marqueterie Kunst Intarsien Marmor Tisch, Marmor Intarsien M\u00f6bel,<\/p>\n<p>\u00d6ffentliche R\u00e4ume, High-End-Clubs und Privatclubs,<\/p>\n<p>Ausstellungs- und Ausstellungsr\u00e4ume, Boutiquen, Museen, Kirchen, Moscheen, usw.<\/p>","protected":false},"featured_media":1438,"template":"","meta":{"_joinchat":[]},"product_brand":[],"product_cat":[23],"product_tag":[],"class_list":{"0":"post-1434","1":"product","2":"type-product","3":"status-publish","4":"has-post-thumbnail","6":"product_cat-marble-inlay-table","8":"first","9":"instock","10":"shipping-taxable","11":"product-type-simple"},"_links":{"self":[{"href":"https:\/\/www.smmarbleinlay.com\/de\/wp-json\/wp\/v2\/product\/1434","targetHints":{"allow":["GET"]}}],"collection":[{"href":"https:\/\/www.smmarbleinlay.com\/de\/wp-json\/wp\/v2\/product"}],"about":[{"href":"https:\/\/www.smmarbleinlay.com\/de\/wp-json\/wp\/v2\/types\/product"}],"wp:featuredmedia":[{"embeddable":true,"href":"https:\/\/www.smmarbleinlay.com\/de\/wp-json\/wp\/v2\/media\/1438"}],"wp:attachment":[{"href":"https:\/\/www.smmarbleinlay.com\/de\/wp-json\/wp\/v2\/media?parent=1434"}],"wp:term":[{"taxonomy":"product_brand","embeddable":true,"href":"https:\/\/www.smmarbleinlay.com\/de\/wp-json\/wp\/v2\/product_brand?post=1434"},{"taxonomy":"product_cat","embeddable":true,"href":"https:\/\/www.smmarbleinlay.com\/de\/wp-json\/wp\/v2\/product_cat?post=1434"},{"taxonomy":"product_tag","embeddable":true,"href":"https:\/\/www.smmarbleinlay.com\/de\/wp-json\/wp\/v2\/product_tag?post=1434"}],"curies":[{"name":"wp","href":"https:\/\/api.w.org\/{rel}","templated":true}]}}