{"id":1439,"date":"2025-03-27T11:33:24","date_gmt":"2025-03-27T03:33:24","guid":{"rendered":"https:\/\/www.smmarbleinlay.com\/?post_type=product&#038;p=1439"},"modified":"2025-04-09T15:37:53","modified_gmt":"2025-04-09T07:37:53","slug":"classic-marble-inlay-table-a-masterpiece-of-elegance","status":"publish","type":"product","link":"https:\/\/www.smmarbleinlay.com\/de\/produkt\/classic-marble-inlay-table-a-masterpiece-of-elegance\/","title":{"rendered":"Klassischer Tisch mit Marmorintarsien: Ein Meisterwerk der Eleganz"},"content":{"rendered":"<h2>Klassischer Tisch mit Marmorintarsien: Ein Meisterwerk der Eleganz<\/h2>\n<p>Klassischer Tisch mit Marmorintarsien: Erlesene Materialien f\u00fcr einen luxuri\u00f6sen Touch<\/p>\n<p>Dieser Tisch mit Marmorintarsien wird aus feinstem Marmor, luxuri\u00f6sen Steinen und Edelsteinen gefertigt, wodurch ein optisch beeindruckendes und langlebiges Meisterwerk entsteht.<\/p>\n<p>Jedes Material wird sorgf\u00e4ltig ausgew\u00e4hlt, um die Sch\u00f6nheit und Langlebigkeit des Designs zu unterstreichen, was es zu einer perfekten Erg\u00e4nzung f\u00fcr hochwertige Innenr\u00e4ume macht.<\/p>\n<h2>Pietra Dure: Die Kunst der Steinintarsien<\/h2>\n<p>Inspiriert von der traditionellen Pietra Dure-Technik, verk\u00f6rpert dieser klassische Marmorintarsientisch die sorgf\u00e4ltige Handwerkskunst der Steinintarsien.<\/p>\n<p>Die komplizierten Muster werden durch das pr\u00e4zise Schneiden und Einpassen von Halbedelsteinen erzielt, was zu einem nahtlosen und atemberaubenden Kunstwerk f\u00fchrt.<\/p>\n<h2>Harmonische Gestaltung und Farbabstimmung<\/h2>\n<p>Die Kunst und das Kunsthandwerk der Parchinkari, die auf dieser Tischplatte mit Marmorintarsien zu sehen sind, bilden eine harmonische Mischung aus klassischen Motiven und reichen Farbpaletten.<\/p>\n<p>Jede Kurve und jedes florale Detail wurde sorgf\u00e4ltig arrangiert, um eine elegante und raffinierte \u00c4sthetik zu schaffen, die luxuri\u00f6se Innenr\u00e4ume mit Anmut erg\u00e4nzt.<\/p>\n<h2>Vielseitiger Einsatz in opulenten R\u00e4umen<\/h2>\n<p>Dieser luxuri\u00f6se und klassische Tisch mit Marmorintarsien ist ideal f\u00fcr luxuri\u00f6se Villen, gro\u00dfe Speises\u00e4le und prunkvolle Hotelinterieurs und wertet jeden Raum durch seine k\u00f6nigliche Pr\u00e4senz auf.<\/p>\n<p>Ob als Esstisch, als dekoratives Mittelst\u00fcck oder als Sammlerst\u00fcck, seine zeitlose Sch\u00f6nheit sorgt daf\u00fcr, dass er immer im Mittelpunkt der Bewunderung steht.<\/p>","protected":false},"excerpt":{"rendered":"<p><strong>Artikel Nummer: <\/strong>TA6I003<\/p>\n<p><strong>Material:<\/strong>\u00a0Mable, Edelstein. (Material kann angepasst werden)<\/p>\n<p><strong>Gr\u00f6\u00dfe:<\/strong>\u00a0Ma\u00dfgeschneiderte Gr\u00f6\u00dfe<\/p>\n<p><strong>Entwurf:<\/strong>\u00a0Standard- oder kundenspezifische Ausf\u00fchrungen<\/p>\n<p><strong>Anwendung:<\/strong>\u00a0Luxusvillen und -wohnungen, Hotels und Resorts, Gesch\u00e4ftsr\u00e4ume,<\/p>\n<p>Esszimmertisch mit Marmorintarsien, Pietra Dura Couchtisch, Esszimmertischplatte,<\/p>\n<p>Luxuri\u00f6se Esszimmer, klassische Wohnr\u00e4ume oder hochwertige B\u00fcroeinrichtungen,<\/p>\n<p>Marqueterie Kunst Intarsien Marmor Tisch, Marmor Intarsien M\u00f6bel,<\/p>\n<p>\u00d6ffentliche R\u00e4ume, High-End-Clubs und Privatclubs,<\/p>\n<p>Ausstellungs- und Ausstellungsr\u00e4ume, Boutiquen, Museen, Kirchen, Moscheen, usw.<\/p>","protected":false},"featured_media":1440,"template":"","meta":{"_joinchat":[]},"product_brand":[],"product_cat":[23],"product_tag":[],"class_list":{"0":"post-1439","1":"product","2":"type-product","3":"status-publish","4":"has-post-thumbnail","6":"product_cat-marble-inlay-table","8":"first","9":"instock","10":"shipping-taxable","11":"product-type-simple"},"_links":{"self":[{"href":"https:\/\/www.smmarbleinlay.com\/de\/wp-json\/wp\/v2\/product\/1439","targetHints":{"allow":["GET"]}}],"collection":[{"href":"https:\/\/www.smmarbleinlay.com\/de\/wp-json\/wp\/v2\/product"}],"about":[{"href":"https:\/\/www.smmarbleinlay.com\/de\/wp-json\/wp\/v2\/types\/product"}],"wp:featuredmedia":[{"embeddable":true,"href":"https:\/\/www.smmarbleinlay.com\/de\/wp-json\/wp\/v2\/media\/1440"}],"wp:attachment":[{"href":"https:\/\/www.smmarbleinlay.com\/de\/wp-json\/wp\/v2\/media?parent=1439"}],"wp:term":[{"taxonomy":"product_brand","embeddable":true,"href":"https:\/\/www.smmarbleinlay.com\/de\/wp-json\/wp\/v2\/product_brand?post=1439"},{"taxonomy":"product_cat","embeddable":true,"href":"https:\/\/www.smmarbleinlay.com\/de\/wp-json\/wp\/v2\/product_cat?post=1439"},{"taxonomy":"product_tag","embeddable":true,"href":"https:\/\/www.smmarbleinlay.com\/de\/wp-json\/wp\/v2\/product_tag?post=1439"}],"curies":[{"name":"wp","href":"https:\/\/api.w.org\/{rel}","templated":true}]}}