{"id":1442,"date":"2025-03-27T11:39:07","date_gmt":"2025-03-27T03:39:07","guid":{"rendered":"https:\/\/www.smmarbleinlay.com\/?post_type=product&#038;p=1442"},"modified":"2025-04-09T15:35:01","modified_gmt":"2025-04-09T07:35:01","slug":"classic-marble-inlay-table-a-fusion-of-art-and-luxury","status":"publish","type":"product","link":"https:\/\/www.smmarbleinlay.com\/de\/produkt\/classic-marble-inlay-table-a-fusion-of-art-and-luxury\/","title":{"rendered":"Klassischer Tisch mit Marmorintarsien: Eine Fusion aus Kunst und Luxus"},"content":{"rendered":"<h2>Klassischer Tisch mit Marmorintarsien: Die Essenz des Luxus<\/h2>\n<p>Dieser klassische Tisch mit Marmorintarsien wird aus feinstem Marmor, luxuri\u00f6sen Steinen und Edelsteinen gefertigt und zeichnet sich durch unvergleichliche Eleganz und Langlebigkeit aus.<\/p>\n<p>Der tiefschwarze Marmorsockel unterstreicht den Glanz der filigranen Intarsien und macht ihn zu einem auff\u00e4lligen Einzelst\u00fcck.<\/p>\n<h2>Pietra Dure: Die zeitlose Kunst der Steinintarsien<\/h2>\n<p>Inspiriert von der exquisiten Pietra Dure-Tradition, zeigt dieser Tisch verschlungene Blumen- und Rankenmotive, die in sorgf\u00e4ltiger Handarbeit mit Halbedelsteinen gefertigt wurden.<\/p>\n<p>Jedes feine Detail spiegelt die Pr\u00e4zision und das K\u00f6nnen der Kunsthandwerker wider und garantiert ein unverg\u00e4ngliches Kunstwerk.<\/p>\n<h2>Harmonische Farb- und Designkomposition<\/h2>\n<p>Die kunsthandwerklichen Parchinkari-Elemente des Tisches werden durch ein harmonisches Gleichgewicht von Gold-, Wei\u00df- und Erdt\u00f6nen im Kontrast zu dem satten schwarzen Marmor hervorgehoben.<\/p>\n<p>Die eleganten Kreismuster und Blumenarrangements vermitteln einen k\u00f6niglichen Charme, der sich perfekt f\u00fcr klassische und zeitgen\u00f6ssische Luxuseinrichtungen eignet.<\/p>\n<h2>Vielseitige Anwendungen in gro\u00dfen R\u00e4umen<\/h2>\n<p>Dieser Marmortisch mit Intarsien ist ideal f\u00fcr gehobene Wohnh\u00e4user, Luxushotels und Privatanwesen und wertet Essbereiche, Lounges und Empfangsr\u00e4ume nahtlos auf.<\/p>\n<p>Ob als funktionaler Mittelpunkt oder als k\u00fcnstlerisches Statement, seine Sch\u00f6nheit und Raffinesse machen ihn zu einer unvergesslichen Erg\u00e4nzung f\u00fcr jedes opulente Ambiente.<\/p>","protected":false},"excerpt":{"rendered":"<p><strong>Artikel Nummer: <\/strong>TA6I004<\/p>\n<p><strong>Material:<\/strong>\u00a0Mable, Edelstein. (Marmor Inlay Tabelle Material kann angepasst werden)<\/p>\n<p><strong>Gr\u00f6\u00dfe:<\/strong>\u00a0Ma\u00dfgeschneiderte Gr\u00f6\u00dfe<\/p>\n<p><strong>Entwurf:<\/strong>\u00a0Standard- oder kundenspezifische Marmorintarsien-Tischdesigns<\/p>\n<p><strong>Anwendung:<\/strong>\u00a0Luxusvillen und -wohnungen, Hotels und Resorts, Gesch\u00e4ftsr\u00e4ume,<\/p>\n<p>Esszimmertisch mit Marmorintarsien, Pietra Dura Couchtisch, Esszimmertischplatte,<\/p>\n<p>Luxuri\u00f6se Esszimmer, klassische Wohnr\u00e4ume oder hochwertige B\u00fcroeinrichtungen,<\/p>\n<p>Marqueterie Kunst Intarsien Marmor Tisch, Marmor Intarsien M\u00f6bel,<\/p>\n<p>\u00d6ffentliche R\u00e4ume, High-End-Clubs und Privatclubs,<\/p>\n<p>Ausstellungs- und Ausstellungsr\u00e4ume, Boutiquen, Museen, Kirchen, Moscheen, usw.<\/p>","protected":false},"featured_media":1443,"template":"","meta":{"_joinchat":[]},"product_brand":[],"product_cat":[23],"product_tag":[],"class_list":{"0":"post-1442","1":"product","2":"type-product","3":"status-publish","4":"has-post-thumbnail","6":"product_cat-marble-inlay-table","8":"first","9":"instock","10":"shipping-taxable","11":"product-type-simple"},"_links":{"self":[{"href":"https:\/\/www.smmarbleinlay.com\/de\/wp-json\/wp\/v2\/product\/1442","targetHints":{"allow":["GET"]}}],"collection":[{"href":"https:\/\/www.smmarbleinlay.com\/de\/wp-json\/wp\/v2\/product"}],"about":[{"href":"https:\/\/www.smmarbleinlay.com\/de\/wp-json\/wp\/v2\/types\/product"}],"wp:featuredmedia":[{"embeddable":true,"href":"https:\/\/www.smmarbleinlay.com\/de\/wp-json\/wp\/v2\/media\/1443"}],"wp:attachment":[{"href":"https:\/\/www.smmarbleinlay.com\/de\/wp-json\/wp\/v2\/media?parent=1442"}],"wp:term":[{"taxonomy":"product_brand","embeddable":true,"href":"https:\/\/www.smmarbleinlay.com\/de\/wp-json\/wp\/v2\/product_brand?post=1442"},{"taxonomy":"product_cat","embeddable":true,"href":"https:\/\/www.smmarbleinlay.com\/de\/wp-json\/wp\/v2\/product_cat?post=1442"},{"taxonomy":"product_tag","embeddable":true,"href":"https:\/\/www.smmarbleinlay.com\/de\/wp-json\/wp\/v2\/product_tag?post=1442"}],"curies":[{"name":"wp","href":"https:\/\/api.w.org\/{rel}","templated":true}]}}