{"id":1460,"date":"2025-03-27T15:34:01","date_gmt":"2025-03-27T07:34:01","guid":{"rendered":"https:\/\/www.smmarbleinlay.com\/?post_type=product&#038;p=1460"},"modified":"2025-04-09T15:19:47","modified_gmt":"2025-04-09T07:19:47","slug":"elegant-marble-inlay-background-wall-a-masterpiece-of-pietra-dura-stone-art","status":"publish","type":"product","link":"https:\/\/www.smmarbleinlay.com\/de\/produkt\/elegant-marble-inlay-background-wall-a-masterpiece-of-pietra-dura-stone-art\/","title":{"rendered":"Elegante Marmorintarsien-Hintergrundwand - ein Meisterwerk der Pietra Dura-Steinkunst"},"content":{"rendered":"<h2>Elegante Marmorintarsien-Hintergrundwand - ein Meisterwerk der Pietra Dura-Steinkunst<\/h2>\n<p>Dieses elegante Wanddekor mit Marmorintarsien ist eine beeindruckende Darstellung traditioneller Handwerkskunst, die Pietra dura Steintechniken mit moderner \u00c4sthetik verbindet.<\/p>\n<p>Das komplizierte Design der Marmorintarsien zeigt eine heitere Landschaft mit sanften Bergen, ruhigen Fl\u00fcssen und \u00fcppigem Gr\u00fcn, inspiriert von klassischen chinesischen Gem\u00e4lden.<\/p>\n<p>Erdige Beige-, Braun- und Gr\u00fcnt\u00f6ne harmonieren mit dem Marmorstil und schaffen ein zeitloses und anspruchsvolles Ambiente.<\/p>\n<p>Dieses Wandpaneel mit Marmorintarsien ist ein Beispiel feinster Parchinkari-Kunst und -Handwerkskunst. Es wurde sorgf\u00e4ltig gefertigt und zeigt au\u00dfergew\u00f6hnliche Intarsienarbeiten, die die Sch\u00f6nheit des Natursteins hervorheben.<\/p>\n<h2>Anwendung der eleganten Marmorintarsie Hintergrundwand<\/h2>\n<p>Die subtile Textur und die raffinierten Details verleihen dem Raum Tiefe und Eleganz und machen ihn zu einem idealen Mittelpunkt f\u00fcr luxuri\u00f6se Innenr\u00e4ume.<\/p>\n<p>Diese Steinwand mit Marmorintarsien eignet sich perfekt f\u00fcr gehobene Wohnh\u00e4user, Hotels, Teeh\u00e4user, Kulturzentren und Unternehmensr\u00e4ume und verleiht ihnen einen Hauch von k\u00fcnstlerischer Erhabenheit.<\/p>\n<p>Ob in einer Lounge, einem Empfangsbereich oder einem privaten R\u00fcckzugsort, dieses Meisterwerk bereichert die Umgebung durch seine exquisite Mischung aus Natur und Kunst.<\/p>","protected":false},"excerpt":{"rendered":"<p><strong>Artikel Nummer: <\/strong>WA4G003<\/p>\n<p><strong>Material:<\/strong>\u00a0Marmor, Edelstein. (Marmor Inlay Wand Panel Material kann angepasst werden)<\/p>\n<p><strong>Gr\u00f6\u00dfe:<\/strong>\u00a0Ma\u00dfgeschneiderte Gr\u00f6\u00dfe f\u00fcr jedes Wanddekor aus Intarsienmarmor<\/p>\n<p><strong>Entwurf:<\/strong>\u00a0Standard- oder kundenspezifische Marmorintarsien-Designs<\/p>\n<p><strong>Anwendung:<\/strong>\u00a0Luxusvillen und -wohnungen, Hotels und Resorts, Gesch\u00e4ftsr\u00e4ume,<\/p>\n<p>Wohnzimmer, Besonderes Wandpaneel, Wanddekor, Intarsien-Wandkunst, Wandkunst aus Stein,<\/p>\n<p>\u00d6ffentliche R\u00e4ume, Eingang und Foyer, High-End-Clubs und Privatclubs,<\/p>\n<p>Ausstellungs- und Ausstellungsr\u00e4ume, Boutiquen, Museen, Kirchen, Moscheen, usw.<\/p>","protected":false},"featured_media":1461,"template":"","meta":{"_joinchat":[]},"product_brand":[],"product_cat":[22],"product_tag":[],"class_list":{"0":"post-1460","1":"product","2":"type-product","3":"status-publish","4":"has-post-thumbnail","6":"product_cat-marble-inlay-wall-decor","8":"first","9":"instock","10":"shipping-taxable","11":"product-type-simple"},"_links":{"self":[{"href":"https:\/\/www.smmarbleinlay.com\/de\/wp-json\/wp\/v2\/product\/1460","targetHints":{"allow":["GET"]}}],"collection":[{"href":"https:\/\/www.smmarbleinlay.com\/de\/wp-json\/wp\/v2\/product"}],"about":[{"href":"https:\/\/www.smmarbleinlay.com\/de\/wp-json\/wp\/v2\/types\/product"}],"wp:featuredmedia":[{"embeddable":true,"href":"https:\/\/www.smmarbleinlay.com\/de\/wp-json\/wp\/v2\/media\/1461"}],"wp:attachment":[{"href":"https:\/\/www.smmarbleinlay.com\/de\/wp-json\/wp\/v2\/media?parent=1460"}],"wp:term":[{"taxonomy":"product_brand","embeddable":true,"href":"https:\/\/www.smmarbleinlay.com\/de\/wp-json\/wp\/v2\/product_brand?post=1460"},{"taxonomy":"product_cat","embeddable":true,"href":"https:\/\/www.smmarbleinlay.com\/de\/wp-json\/wp\/v2\/product_cat?post=1460"},{"taxonomy":"product_tag","embeddable":true,"href":"https:\/\/www.smmarbleinlay.com\/de\/wp-json\/wp\/v2\/product_tag?post=1460"}],"curies":[{"name":"wp","href":"https:\/\/api.w.org\/{rel}","templated":true}]}}