{"id":1466,"date":"2025-03-27T15:42:25","date_gmt":"2025-03-27T07:42:25","guid":{"rendered":"https:\/\/www.smmarbleinlay.com\/?post_type=product&#038;p=1466"},"modified":"2025-04-09T15:10:00","modified_gmt":"2025-04-09T07:10:00","slug":"prosperity-tree-luxury-inlay-marble-stone-wall","status":"publish","type":"product","link":"https:\/\/www.smmarbleinlay.com\/de\/produkt\/prosperity-tree-luxury-inlay-marble-stone-wall\/","title":{"rendered":"Prosperity Tree - Luxus-Inlay-Marmorsteinwand"},"content":{"rendered":"<h2>Prosperity Tree - Luxus-Inlay Marmor Steinwand Exquisite Kunst &amp; Symbolik<\/h2>\n<p>Diese atemberaubende und luxuri\u00f6se Intarsienwand aus Marmor zeigt einen kunstvoll gefertigten Wohlstandsbaum, ein Design, das tief in der Symbolik verwurzelt ist.<\/p>\n<p>Der Baum, der Reichtum, \u00dcberfluss und Gl\u00fcck repr\u00e4sentiert, ist mit goldenen M\u00fcnzen und gl\u00fccksverhei\u00dfenden Ornamenten geschm\u00fcckt und damit ein perfektes Schmuckst\u00fcck f\u00fcr luxuri\u00f6se Innenr\u00e4ume.<\/p>\n<p>Die exquisiten, luxuri\u00f6sen Marmorintarsien spiegeln die Eleganz des Pietra Dura-Steinintarsiendesigns und das Erbe der Parchinkari-Kunst und des Handwerks wider.<\/p>\n<h2>Hochwertige Materialien und Handwerkskunst<\/h2>\n<p>Das aus einer luxuri\u00f6sen Kombination von nat\u00fcrlichem Marmor, Messing und Kupferelementen gefertigte Intarsienmarmor-Design steigert sowohl den visuellen Reiz als auch die symbolische Bedeutung.<\/p>\n<p>Die Goldt\u00f6ne der M\u00fcnzen und Akzente bilden einen sch\u00f6nen Kontrast zu dem satten Naturstein und strahlen zeitlose Eleganz aus.<\/p>\n<p>Die Verwendung von Einlegearbeiten gew\u00e4hrleistet Langlebigkeit bei gleichzeitiger Beibehaltung einer raffinierten \u00c4sthetik.<\/p>\n<h2>Anwendung &amp; Interieur Eleganz<\/h2>\n<p>Ideal f\u00fcr Luxusvillen, pr\u00e4chtige Eingangsbereiche, Hotellobbys und Gesch\u00e4ftsr\u00e4ume, verleiht dieses Marmorst\u00fcck ein k\u00f6nigliches und verhei\u00dfungsvolles Ambiente.<\/p>\n<p>Es eignet sich besonders gut f\u00fcr R\u00e4ume, die Wohlstand und Erhabenheit widerspiegeln sollen, wie z. B. Finanzinstitute, Gesch\u00e4ftszentren und private Wohnh\u00e4user.<\/p>\n<h2>Ma\u00dfgeschneiderte Anpassung durch Stone Master<\/h2>\n<p>Mit mehr als 25 Jahren Erfahrung bietet Stone Master einen umfassenden Anpassungsservice an, der es den Kunden erm\u00f6glicht, die Gr\u00f6\u00dfe, die Materialauswahl und die Farbpalette ihren individuellen Vorstellungen f\u00fcr die Inneneinrichtung anzupassen.<\/p>\n<p>Unser Team von qualifizierten Handwerkern sorgt daf\u00fcr, dass jedes Detail dieser Marmorintarsien-Steinwand den h\u00f6chsten Standards der Handwerkskunst entspricht.<\/p>\n<p>Verwandeln Sie Ihren Raum mit diesem einzigartigen Meisterwerk aus Intarsienmarmor, in dem sich Tradition, Luxus und Wohlstand zu einem wahrhaft au\u00dfergew\u00f6hnlichen Kunstwerk vereinen.<\/p>","protected":false},"excerpt":{"rendered":"<p><strong>Artikel Nummer: <\/strong>WA6I001<\/p>\n<p><strong>Material:<\/strong>\u00a0Marmor, Edelstein. (Marmor Inlay Wand Panel Material kann angepasst werden)<\/p>\n<p><strong>Gr\u00f6\u00dfe:<\/strong>\u00a0Ma\u00dfgeschneiderte Gr\u00f6\u00dfe f\u00fcr jedes Wanddekor aus Intarsienmarmor<\/p>\n<p><strong>Entwurf:<\/strong>\u00a0Standard- oder kundenspezifische Marmorintarsien-Designs<\/p>\n<p><strong>Anwendung:<\/strong>\u00a0Luxusvillen und -wohnungen, Hotels und Resorts, Gesch\u00e4ftsr\u00e4ume,<\/p>\n<p>Wohnzimmer, Besonderes Wandpaneel, Wanddekor, Intarsien-Wandkunst, Wandkunst aus Stein,<\/p>\n<p>\u00d6ffentliche R\u00e4ume, Eingang und Foyer, High-End-Clubs und Privatclubs,<\/p>\n<p>Ausstellungs- und Ausstellungsr\u00e4ume, Boutiquen, Museen, Kirchen, Moscheen, usw.<\/p>","protected":false},"featured_media":1467,"template":"","meta":{"_joinchat":[]},"product_brand":[],"product_cat":[22],"product_tag":[],"class_list":{"0":"post-1466","1":"product","2":"type-product","3":"status-publish","4":"has-post-thumbnail","6":"product_cat-marble-inlay-wall-decor","8":"first","9":"instock","10":"shipping-taxable","11":"product-type-simple"},"_links":{"self":[{"href":"https:\/\/www.smmarbleinlay.com\/de\/wp-json\/wp\/v2\/product\/1466","targetHints":{"allow":["GET"]}}],"collection":[{"href":"https:\/\/www.smmarbleinlay.com\/de\/wp-json\/wp\/v2\/product"}],"about":[{"href":"https:\/\/www.smmarbleinlay.com\/de\/wp-json\/wp\/v2\/types\/product"}],"wp:featuredmedia":[{"embeddable":true,"href":"https:\/\/www.smmarbleinlay.com\/de\/wp-json\/wp\/v2\/media\/1467"}],"wp:attachment":[{"href":"https:\/\/www.smmarbleinlay.com\/de\/wp-json\/wp\/v2\/media?parent=1466"}],"wp:term":[{"taxonomy":"product_brand","embeddable":true,"href":"https:\/\/www.smmarbleinlay.com\/de\/wp-json\/wp\/v2\/product_brand?post=1466"},{"taxonomy":"product_cat","embeddable":true,"href":"https:\/\/www.smmarbleinlay.com\/de\/wp-json\/wp\/v2\/product_cat?post=1466"},{"taxonomy":"product_tag","embeddable":true,"href":"https:\/\/www.smmarbleinlay.com\/de\/wp-json\/wp\/v2\/product_tag?post=1466"}],"curies":[{"name":"wp","href":"https:\/\/api.w.org\/{rel}","templated":true}]}}