{"id":1469,"date":"2025-03-27T15:48:57","date_gmt":"2025-03-27T07:48:57","guid":{"rendered":"https:\/\/www.smmarbleinlay.com\/?post_type=product&#038;p=1469"},"modified":"2025-04-09T14:57:07","modified_gmt":"2025-04-09T06:57:07","slug":"inlay-marble-wall-design-for-luxurious-interiors","status":"publish","type":"product","link":"https:\/\/www.smmarbleinlay.com\/de\/produkt\/inlay-marble-wall-design-for-luxurious-interiors\/","title":{"rendered":"Intarsien-Marmorwanddesign f\u00fcr luxuri\u00f6se Innenr\u00e4ume"},"content":{"rendered":"<h2>Inlay Marmor Wand Design f\u00fcr luxuri\u00f6se Innenarchitektur &amp; Muster der Intarsien Marmor Wandplatte<\/h2>\n<p>Das vorgestellte Produkt Intarsienmarmor-Wanddesign f\u00fcr luxuri\u00f6se Innenr\u00e4ume zeigt ein exquisites Intarsienmarmor-Design, das die traditionelle Handwerkskunst der Pietra-Dura-Steinintarsienarbeit beinhaltet.<\/p>\n<p>Das Wandpaneel mit Marmorintarsien f\u00fcr luxuri\u00f6se Innenr\u00e4ume zeigt eine malerische architektonische Landschaft, die ein klassisches Geb\u00e4ude im europ\u00e4ischen Stil mit Kuppeln, gew\u00f6lbten Fenstern und einer verzierten Br\u00fccke \u00fcber einen Fluss abbildet.<\/p>\n<p>Das Bodendesign erg\u00e4nzt diese Eleganz durch ein florales und geometrisches Intarsienmuster, das in sorgf\u00e4ltiger Handarbeit mit Parchinkari-Kunst und -Handwerkstechniken hergestellt wird.<\/p>\n<h2>Stil und \u00c4sthetik von Wandpaneelen aus Intarsienmarmor<\/h2>\n<p>Dieser Stil Marmor Intarsien Arbeit Marmor Wand Design f\u00fcr luxuri\u00f6se Innenr\u00e4ume ist eine perfekte Mischung aus klassischen europ\u00e4ischen und zeitgen\u00f6ssischen Luxus-Design.<\/p>\n<p>Die filigranen Muster und die warmen, erdigen Farbt\u00f6ne schaffen ein opulentes und doch harmonisches Ambiente und machen ihn zu einer idealen Wahl f\u00fcr hochwertige Inneneinrichtungen.<\/p>\n<p>Die Intarsien im Stil eines Wandgem\u00e4ldes verleihen dem Raum einen dreidimensionalen, k\u00fcnstlerischen Ausdruck, der ihn gleichzeitig gro\u00dfartig und einladend erscheinen l\u00e4sst.<\/p>\n<h2>Anwendungsbereiche von Wandpaneelen aus Intarsienmarmor<\/h2>\n<ul>\n<li>Luxus-Residenzen: Wohnr\u00e4ume, Eingangshallen, Essbereiche<\/li>\n<li>Hotels und Resorts: Lobbybereiche, Suiten, Banketts\u00e4le<\/li>\n<li>Gewerbliche R\u00e4ume: Hochwertige Boutiquen, Firmenb\u00fcros, luxuri\u00f6se Ausstellungsr\u00e4ume<\/li>\n<li>Palastartige und denkmalgesch\u00fctzte Geb\u00e4ude: Museen, Kulturzentren, private Herrenh\u00e4user<\/li>\n<\/ul>\n<h2>Kundenspezifische &amp; ma\u00dfgeschneiderte Dienstleistungen f\u00fcr Wandpaneele mit Intarsien aus Marmor<\/h2>\n<p>Jede Steinwand mit Marmorintarsien kann auf spezifische Designvorlieben, Abmessungen und Farbschemata zugeschnitten werden. Die Anpassung umfasst:<\/p>\n<ul>\n<li>Auswahl an hochwertigen Marmorsteinen f\u00fcr einzigartige Farbkontraste<\/li>\n<li>Ma\u00dfgeschneiderte Designs, inspiriert von historischer Kunst, Natur oder moderner \u00c4sthetik<\/li>\n<li>Pr\u00e4zisionsschneidetechniken f\u00fcr nahtlose Einlegearbeiten<\/li>\n<li>Handgefertigte Details von erfahrenen Handwerkern<\/li>\n<\/ul>\n<p>Diese Marmorintarsien sind nicht nur ein dekoratives Element, sondern ein Ausdruck von Luxus und zeitloser Kunstfertigkeit.<\/p>\n<p>Er verwandelt jedes Interieur in ein elegantes Meisterwerk, das eine Mischung aus Tradition, Handwerkskunst und modernem Luxus widerspiegelt.<\/p>","protected":false},"excerpt":{"rendered":"<p><strong>Artikel Nummer: <\/strong>WA4G005<\/p>\n<p><strong>Material:<\/strong>\u00a0Marmor, Edelstein. (Marmor Inlay Wand Panel Material kann angepasst werden)<\/p>\n<p><strong>Gr\u00f6\u00dfe:<\/strong>\u00a0Ma\u00dfgeschneiderte Gr\u00f6\u00dfe f\u00fcr jedes Wanddekor aus Intarsienmarmor<\/p>\n<p><strong>Entwurf:<\/strong>\u00a0Standard- oder kundenspezifische Marmorintarsien-Designs<\/p>\n<p><strong>Anwendung:<\/strong>\u00a0Luxusvillen und -wohnungen, Hotels und Resorts, Gesch\u00e4ftsr\u00e4ume,<\/p>\n<p>Wohnzimmer, Besonderes Wandpaneel, Wanddekor, Intarsien-Wandkunst, Wandkunst aus Stein,<\/p>\n<p>\u00d6ffentliche R\u00e4ume, Eingang und Foyer, High-End-Clubs und Privatclubs,<\/p>\n<p>Ausstellungs- und Ausstellungsr\u00e4ume, Boutiquen, Museen, Kirchen, Moscheen, usw.<\/p>","protected":false},"featured_media":1470,"template":"","meta":{"_joinchat":[]},"product_brand":[],"product_cat":[22],"product_tag":[],"class_list":{"0":"post-1469","1":"product","2":"type-product","3":"status-publish","4":"has-post-thumbnail","6":"product_cat-marble-inlay-wall-decor","8":"first","9":"instock","10":"shipping-taxable","11":"product-type-simple"},"_links":{"self":[{"href":"https:\/\/www.smmarbleinlay.com\/de\/wp-json\/wp\/v2\/product\/1469","targetHints":{"allow":["GET"]}}],"collection":[{"href":"https:\/\/www.smmarbleinlay.com\/de\/wp-json\/wp\/v2\/product"}],"about":[{"href":"https:\/\/www.smmarbleinlay.com\/de\/wp-json\/wp\/v2\/types\/product"}],"wp:featuredmedia":[{"embeddable":true,"href":"https:\/\/www.smmarbleinlay.com\/de\/wp-json\/wp\/v2\/media\/1470"}],"wp:attachment":[{"href":"https:\/\/www.smmarbleinlay.com\/de\/wp-json\/wp\/v2\/media?parent=1469"}],"wp:term":[{"taxonomy":"product_brand","embeddable":true,"href":"https:\/\/www.smmarbleinlay.com\/de\/wp-json\/wp\/v2\/product_brand?post=1469"},{"taxonomy":"product_cat","embeddable":true,"href":"https:\/\/www.smmarbleinlay.com\/de\/wp-json\/wp\/v2\/product_cat?post=1469"},{"taxonomy":"product_tag","embeddable":true,"href":"https:\/\/www.smmarbleinlay.com\/de\/wp-json\/wp\/v2\/product_tag?post=1469"}],"curies":[{"name":"wp","href":"https:\/\/api.w.org\/{rel}","templated":true}]}}