{"id":1472,"date":"2025-03-27T16:15:01","date_gmt":"2025-03-27T08:15:01","guid":{"rendered":"https:\/\/www.smmarbleinlay.com\/?post_type=product&#038;p=1472"},"modified":"2025-04-09T14:48:13","modified_gmt":"2025-04-09T06:48:13","slug":"elegant-marble-inlay-background-wall-decor","status":"publish","type":"product","link":"https:\/\/www.smmarbleinlay.com\/de\/produkt\/elegant-marble-inlay-background-wall-decor\/","title":{"rendered":"Elegantes Marmor-Inlay Hintergrund Wanddekor"},"content":{"rendered":"<h2>Marmorintarsien Hintergrund Wanddekor Material &amp; Handwerkskunst Marmorintarsien Steinwand<\/h2>\n<p>Diese Marmorintarsie Hintergrund Wanddekor Steinwand ist mit Premium-Marmor und Jade Stein, geschickt durch die alte Technik der pietra dura Steinintarsie Arbeit zusammengesetzt gefertigt.<\/p>\n<p>Die Komposition des Wanddekors mit Marmorintarsien zeichnet sich durch eine reiche Farbpalette mit verschiedenen Gr\u00fcn-, Beige-, Braun- und Rott\u00f6nen aus, die eine harmonische und nat\u00fcrliche \u00c4sthetik schaffen.<\/p>\n<h2>Design &amp; Muster Marmorintarsien Steinwand<\/h2>\n<p>Die Wanddekorplatte mit Marmorintarsie zeigt eine atemberaubende Landschaftsszene mit sanften gr\u00fcnen H\u00fcgeln, einem schloss\u00e4hnlichen Geb\u00e4ude, grasenden Tieren und einer malerischen Landschaft. Dieses Intarsiendesign f\u00e4ngt die Essenz eines europ\u00e4ischen Hirtenlebens ein und bietet ein zeitloses, klassisches Ambiente.<\/p>\n<h2>Stil &amp; \u00c4sthetik Marmorintarsien Steinwand<\/h2>\n<p>Das Marmorintarsien-Hintergrundbild spiegelt eine realistische und doch k\u00fcnstlerische Interpretation der Natur wider, die Elemente der Parchinkari-Kunst und des Kunsthandwerks nahtlos mit modernen Steinintarsientechniken verbindet.<\/p>\n<p>Die warmen, erdigen Farbt\u00f6ne und komplizierten Details machen diese Marmorintarsien zu einem luxuri\u00f6sen Blickfang.<\/p>\n<h2>Anwendungsbereiche Marmorintarsien Steinwand<\/h2>\n<ul>\n<li>Wohnr\u00e4ume: Esszimmer, Wohnzimmer, Hausbibliotheken<\/li>\n<li>Luxus-Hotels und Resorts: Lobby-W\u00e4nde, private Lounges, VIP-Suiten<\/li>\n<li>Unternehmens- und Gesch\u00e4ftsr\u00e4ume: B\u00fcros f\u00fcr F\u00fchrungskr\u00e4fte, Boutiquen, Konferenzr\u00e4ume<\/li>\n<li>Kulturelle und denkmalgesch\u00fctzte Geb\u00e4ude: Museen, Kunstgalerien, historische Wohnh\u00e4user<\/li>\n<\/ul>\n<h2>Anpassung &amp; Ma\u00dfarbeit Marmorintarsien Steinwand<\/h2>\n<p>Diese Hintergrundwand mit Marmorintarsien kann vollst\u00e4ndig an die individuellen Gestaltungsw\u00fcnsche angepasst werden, einschlie\u00dflich:<\/p>\n<ul>\n<li>Auswahl an Marmor und Halbedelsteinen f\u00fcr mehr Farbvielfalt<\/li>\n<li>Ma\u00dfgeschneiderte Gr\u00f6\u00dfen und Proportionen f\u00fcr unterschiedliche R\u00e4ume<\/li>\n<li>Handgefertigte Details f\u00fcr nahtlose und dauerhafte Einlegearbeiten<\/li>\n<li>Ma\u00dfgeschneiderte Themen, inspiriert von historischen, nat\u00fcrlichen oder k\u00fcnstlerischen Einfl\u00fcssen<\/li>\n<\/ul>\n<p>Dieses Intarsienmarmor-Design verwandelt Innenr\u00e4ume in ein Statement von Eleganz und Raffinesse und bietet eine einzigartige Mischung aus traditioneller Handwerkskunst und modernem Luxus.<\/p>","protected":false},"excerpt":{"rendered":"<p><strong>Artikel Nummer: <\/strong>WA5H002<\/p>\n<p><strong>Material:<\/strong>\u00a0Marmor, Edelstein. (Marmor Inlay Wand Panel Material kann angepasst werden)<\/p>\n<p><strong>Gr\u00f6\u00dfe:<\/strong>\u00a0Ma\u00dfgeschneiderte Gr\u00f6\u00dfe f\u00fcr jedes Wanddekor aus Intarsienmarmor<\/p>\n<p><strong>Entwurf:<\/strong>\u00a0Standard- oder kundenspezifische Marmorintarsien-Designs<\/p>\n<p><strong>Anwendung:<\/strong>\u00a0Luxusvillen und -wohnungen, Hotels und Resorts, Gesch\u00e4ftsr\u00e4ume,<\/p>\n<p>Wohnzimmer, Besonderes Wandpaneel, Wanddekor, Intarsien-Wandkunst, Wandkunst aus Stein,<\/p>\n<p>\u00d6ffentliche R\u00e4ume, Eingang und Foyer, High-End-Clubs und Privatclubs,<\/p>\n<p>Ausstellungs- und Ausstellungsr\u00e4ume, Boutiquen, Museen, Kirchen, Moscheen, usw.<\/p>","protected":false},"featured_media":1476,"template":"","meta":{"_joinchat":[]},"product_brand":[],"product_cat":[22],"product_tag":[],"class_list":{"0":"post-1472","1":"product","2":"type-product","3":"status-publish","4":"has-post-thumbnail","6":"product_cat-marble-inlay-wall-decor","8":"first","9":"instock","10":"shipping-taxable","11":"product-type-simple"},"_links":{"self":[{"href":"https:\/\/www.smmarbleinlay.com\/de\/wp-json\/wp\/v2\/product\/1472","targetHints":{"allow":["GET"]}}],"collection":[{"href":"https:\/\/www.smmarbleinlay.com\/de\/wp-json\/wp\/v2\/product"}],"about":[{"href":"https:\/\/www.smmarbleinlay.com\/de\/wp-json\/wp\/v2\/types\/product"}],"wp:featuredmedia":[{"embeddable":true,"href":"https:\/\/www.smmarbleinlay.com\/de\/wp-json\/wp\/v2\/media\/1476"}],"wp:attachment":[{"href":"https:\/\/www.smmarbleinlay.com\/de\/wp-json\/wp\/v2\/media?parent=1472"}],"wp:term":[{"taxonomy":"product_brand","embeddable":true,"href":"https:\/\/www.smmarbleinlay.com\/de\/wp-json\/wp\/v2\/product_brand?post=1472"},{"taxonomy":"product_cat","embeddable":true,"href":"https:\/\/www.smmarbleinlay.com\/de\/wp-json\/wp\/v2\/product_cat?post=1472"},{"taxonomy":"product_tag","embeddable":true,"href":"https:\/\/www.smmarbleinlay.com\/de\/wp-json\/wp\/v2\/product_tag?post=1472"}],"curies":[{"name":"wp","href":"https:\/\/api.w.org\/{rel}","templated":true}]}}