{"id":1604,"date":"2025-03-29T15:58:49","date_gmt":"2025-03-29T07:58:49","guid":{"rendered":"https:\/\/www.smmarbleinlay.com\/?post_type=product&#038;p=1604"},"modified":"2025-04-09T14:43:51","modified_gmt":"2025-04-09T06:43:51","slug":"pietra-dura-stone-inlay-wall-vineyard-theme","status":"publish","type":"product","link":"https:\/\/www.smmarbleinlay.com\/de\/produkt\/pietra-dura-stone-inlay-wall-vineyard-theme\/","title":{"rendered":"Pietra Dura Steinintarsienwand - Thema Weinberg"},"content":{"rendered":"<h2>Pietra Dura Steinintarsienwand - Thema Weinberg<\/h2>\n<p>Diese exquisite Marmorwand mit Pietra Dura Steinintarsien zeigt ein atemberaubendes, von Weinbergen inspiriertes Design und bringt den Charme der Natur in luxuri\u00f6se Innenr\u00e4ume.<\/p>\n<p>Dieses Meisterwerk, das mit den komplizierten Techniken der Pietra-dura-Steinintarsien gefertigt wurde, verbindet Kunstfertigkeit mit Opulenz und ist ein Highlight der gehobenen Ausstattung.<\/p>\n<h2>Design &amp; \u00c4sthetik<\/h2>\n<p>Das Wanddesign mit Pietra Dura-Steinintarsien zeigt eine malerische Weinbergszene mit \u00fcppigen Weinreben, sanften H\u00fcgeln und einer Villa auf dem Land.<\/p>\n<p>Der lebhafte Kontrast zwischen den nat\u00fcrlichen Steint\u00f6nen und der detaillierten Handwerkskunst erzeugt einen faszinierenden visuellen Effekt, der an die Kunst und das Handwerk der Parchinkari erinnert - eine Technik, die f\u00fcr ihre Pr\u00e4zision und Eleganz bekannt ist.<\/p>\n<h2>Materialien und Handwerkskunst<\/h2>\n<p>Fachkundige Kunsthandwerker haben hochwertigen Marmor und Edelsteine sorgf\u00e4ltig eingelegt, um diese komplizierte Komposition zu schaffen.<\/p>\n<p>Mit einer Kombination aus stilvollem Marmor und Halbedelsteinen wird jedes Element mit bemerkenswerter Genauigkeit geschnitten und zusammengesetzt, um eine zeitlose und dauerhafte Ausf\u00fchrung zu gew\u00e4hrleisten.<\/p>\n<h2>Anwendung &amp; Ambiente<\/h2>\n<p>Diese luxuri\u00f6se Intarsienarbeit ist ideal f\u00fcr gro\u00dfe Wohnr\u00e4ume, Hotellobbys und gehobene Wohnh\u00e4user, wo sie als eleganter Blickpunkt dient.<\/p>\n<p>Die Verschmelzung von klassischer Handwerkskunst mit modernen Einrichtungsprinzipien macht es zu einer perfekten Wahl f\u00fcr alle, die k\u00fcnstlerische Raffinesse zu sch\u00e4tzen wissen.<\/p>\n<p>Dieses Design mit Pietra-Dura-Steinintarsien verk\u00f6rpert das Erbe feiner Steinkunst und verleiht Innenr\u00e4umen einen Hauch von Erhabenheit, indem es Tradition und modernen Luxus nahtlos miteinander verbindet.<\/p>","protected":false},"excerpt":{"rendered":"<p><strong>Artikel Nummer: <\/strong>WA4G006<\/p>\n<p><strong>Material:<\/strong>\u00a0Marmor, Edelstein. (Marmor Inlay Wand Panel Material kann angepasst werden)<\/p>\n<p><strong>Gr\u00f6\u00dfe:<\/strong>\u00a0Ma\u00dfgeschneiderte Gr\u00f6\u00dfe f\u00fcr jedes Wanddekor aus Intarsienmarmor<\/p>\n<p><strong>Entwurf:<\/strong>\u00a0Standard- oder kundenspezifische Marmorintarsien-Designs<\/p>\n<p><strong>Anwendung:<\/strong>\u00a0Luxusvillen und -wohnungen, Hotels und Resorts, Gesch\u00e4ftsr\u00e4ume,<\/p>\n<p>Wohnzimmer, Besonderes Wandpaneel, Wanddekor, Intarsien-Wandkunst, Wandkunst aus Stein,<\/p>\n<p>\u00d6ffentliche R\u00e4ume, Eingang und Foyer, High-End-Clubs und Privatclubs,<\/p>\n<p>Ausstellungs- und Ausstellungsr\u00e4ume, Boutiquen, Museen, Kirchen, Moscheen, usw.<\/p>","protected":false},"featured_media":1605,"template":"","meta":{"_joinchat":[]},"product_brand":[],"product_cat":[22],"product_tag":[],"class_list":{"0":"post-1604","1":"product","2":"type-product","3":"status-publish","4":"has-post-thumbnail","6":"product_cat-marble-inlay-wall-decor","8":"first","9":"instock","10":"shipping-taxable","11":"product-type-simple"},"_links":{"self":[{"href":"https:\/\/www.smmarbleinlay.com\/de\/wp-json\/wp\/v2\/product\/1604","targetHints":{"allow":["GET"]}}],"collection":[{"href":"https:\/\/www.smmarbleinlay.com\/de\/wp-json\/wp\/v2\/product"}],"about":[{"href":"https:\/\/www.smmarbleinlay.com\/de\/wp-json\/wp\/v2\/types\/product"}],"wp:featuredmedia":[{"embeddable":true,"href":"https:\/\/www.smmarbleinlay.com\/de\/wp-json\/wp\/v2\/media\/1605"}],"wp:attachment":[{"href":"https:\/\/www.smmarbleinlay.com\/de\/wp-json\/wp\/v2\/media?parent=1604"}],"wp:term":[{"taxonomy":"product_brand","embeddable":true,"href":"https:\/\/www.smmarbleinlay.com\/de\/wp-json\/wp\/v2\/product_brand?post=1604"},{"taxonomy":"product_cat","embeddable":true,"href":"https:\/\/www.smmarbleinlay.com\/de\/wp-json\/wp\/v2\/product_cat?post=1604"},{"taxonomy":"product_tag","embeddable":true,"href":"https:\/\/www.smmarbleinlay.com\/de\/wp-json\/wp\/v2\/product_tag?post=1604"}],"curies":[{"name":"wp","href":"https:\/\/api.w.org\/{rel}","templated":true}]}}