{"id":1614,"date":"2025-03-29T16:02:16","date_gmt":"2025-03-29T08:02:16","guid":{"rendered":"https:\/\/www.smmarbleinlay.com\/?post_type=product&#038;p=1614"},"modified":"2025-04-09T14:27:24","modified_gmt":"2025-04-09T06:27:24","slug":"luxurious-marble-inlay-background-wall-floral-avian-theme","status":"publish","type":"product","link":"https:\/\/www.smmarbleinlay.com\/de\/produkt\/luxurious-marble-inlay-background-wall-floral-avian-theme\/","title":{"rendered":"Luxuri\u00f6se Marmorintarsien-Hintergrundwand - Blumen- und Vogelthema"},"content":{"rendered":"<h2>Luxuri\u00f6se Hintergrundwand mit Marmorintarsien - Blumen- und Vogelmotiv<\/h2>\n<p>Diese Hintergrundwand mit Marmorintarsien ist ein exquisites Meisterwerk aus Pietra dura-Steinintarsien, das eine harmonische Mischung aus von der Natur inspirierten Elementen darstellt.<\/p>\n<p>Das komplizierte Design, angereichert mit leuchtenden Farben und feiner Handwerkskunst, verwandelt jedes Interieur in einen anspruchsvollen und k\u00fcnstlerischen Raum.<\/p>\n<h2>Design &amp; Farbzusammenstellung Marmorintarsienwand<\/h2>\n<p>Das Inlay-Design zeigt ein atemberaubendes Blumen- und Vogelmotiv, das bunte V\u00f6gel inmitten bl\u00fchender Blumen darstellt.<\/p>\n<p>Die kontrastierenden T\u00f6ne des tiefschwarzen Marmors mit den warmen beigen R\u00e4ndern bilden einen eleganten Rahmen, der die optische Tiefe der Komposition verst\u00e4rkt.<\/p>\n<p>Inspiriert von der Parchinkari-Kunst und dem Parchinkari-Handwerk, strahlen die filigranen Details jedes Bl\u00fctenblattes, jedes Blattes und jeder Feder Raffinesse und Anmut aus und machen sie zu einem wahren Zeugnis traditioneller Kunstfertigkeit.<\/p>\n<h2>Materialien und Handwerkskunst<\/h2>\n<p>Dieses Wandpaneel mit Marmorintarsien wird mit einer Auswahl an stilvollem Marmor, Halbedelsteinen, Keramik und Perlmutt gefertigt, wodurch ein dynamisches Zusammenspiel von Texturen und Farben entsteht.<\/p>\n<p>Jedes St\u00fcck wird durch fachm\u00e4nnische Intarsienarbeit pr\u00e4zise zugeschnitten und zusammengesetzt, so dass eine makellose und dauerhafte Oberfl\u00e4che entsteht, die zeitlose Eleganz ausstrahlt.<\/p>\n<p>Die polierte Oberfl\u00e4che hebt den nat\u00fcrlichen Glanz der Materialien hervor und verleiht ihnen eine luxuri\u00f6se Ausstrahlung.<\/p>\n<p>&nbsp;<\/p>\n<h2>Anwendung &amp; Ambiente<\/h2>\n<p>Perfekt f\u00fcr gehobene Wohnzimmer, Hotelsuiten oder klassische Lounge-Bereiche, dient diese Steinwand mit Marmorintarsien als k\u00fcnstlerischer Blickpunkt und bringt Opulenz und Raffinesse in den Raum.<\/p>\n<p>Ob als dekorativer Akzent oder als vollfl\u00e4chige Marmorintarsie an der Wand, seine filigrane Sch\u00f6nheit verleiht dem Ambiente einen raffinierten Charme.<\/p>\n<p>Durch die Verbindung von Pietra-Dura-Steinintarsien mit einer reichen Farbpalette und \u00fcberlegener Handwerkskunst bietet diese exquisite Kreation einen unvergleichlichen Ausdruck von Luxus, Tradition und k\u00fcnstlerischer Exzellenz.<\/p>","protected":false},"excerpt":{"rendered":"<p><strong>Artikel Nummer: <\/strong>WA6I002<\/p>\n<p><strong>Material:<\/strong>\u00a0Mable, Edelstein. (Material kann angepasst werden)<\/p>\n<p><strong>Gr\u00f6\u00dfe:<\/strong>\u00a0Ma\u00dfgeschneiderte Gr\u00f6\u00dfe<\/p>\n<p><strong>Entwurf:<\/strong>\u00a0Standard- oder kundenspezifische Ausf\u00fchrungen<\/p>\n<p><strong>Anwendung:<\/strong>\u00a0Luxusvillen und -wohnungen, Hotels und Resorts, Gesch\u00e4ftsr\u00e4ume,<\/p>\n<p>Wohnzimmer, Besonderes Wandpaneel, Wanddekor, Intarsien-Wandkunst, Wandkunst aus Stein,<\/p>\n<p>\u00d6ffentliche R\u00e4ume, Eingang und Foyer, High-End-Clubs und Privatclubs,<\/p>\n<p>Ausstellungs- und Ausstellungsr\u00e4ume, Boutiquen, Museen, Kirchen, Moscheen, usw.<\/p>","protected":false},"featured_media":1615,"template":"","meta":{"_joinchat":[]},"product_brand":[],"product_cat":[22],"product_tag":[],"class_list":{"0":"post-1614","1":"product","2":"type-product","3":"status-publish","4":"has-post-thumbnail","6":"product_cat-marble-inlay-wall-decor","8":"first","9":"instock","10":"shipping-taxable","11":"product-type-simple"},"_links":{"self":[{"href":"https:\/\/www.smmarbleinlay.com\/de\/wp-json\/wp\/v2\/product\/1614","targetHints":{"allow":["GET"]}}],"collection":[{"href":"https:\/\/www.smmarbleinlay.com\/de\/wp-json\/wp\/v2\/product"}],"about":[{"href":"https:\/\/www.smmarbleinlay.com\/de\/wp-json\/wp\/v2\/types\/product"}],"wp:featuredmedia":[{"embeddable":true,"href":"https:\/\/www.smmarbleinlay.com\/de\/wp-json\/wp\/v2\/media\/1615"}],"wp:attachment":[{"href":"https:\/\/www.smmarbleinlay.com\/de\/wp-json\/wp\/v2\/media?parent=1614"}],"wp:term":[{"taxonomy":"product_brand","embeddable":true,"href":"https:\/\/www.smmarbleinlay.com\/de\/wp-json\/wp\/v2\/product_brand?post=1614"},{"taxonomy":"product_cat","embeddable":true,"href":"https:\/\/www.smmarbleinlay.com\/de\/wp-json\/wp\/v2\/product_cat?post=1614"},{"taxonomy":"product_tag","embeddable":true,"href":"https:\/\/www.smmarbleinlay.com\/de\/wp-json\/wp\/v2\/product_tag?post=1614"}],"curies":[{"name":"wp","href":"https:\/\/api.w.org\/{rel}","templated":true}]}}