{"id":1617,"date":"2025-03-29T16:09:16","date_gmt":"2025-03-29T08:09:16","guid":{"rendered":"https:\/\/www.smmarbleinlay.com\/?post_type=product&#038;p=1617"},"modified":"2025-04-09T14:25:19","modified_gmt":"2025-04-09T06:25:19","slug":"exquisite-marble-inlay-background-wall-inspired-by-abu-dhabi-mosque","status":"publish","type":"product","link":"https:\/\/www.smmarbleinlay.com\/de\/produkt\/exquisite-marble-inlay-background-wall-inspired-by-abu-dhabi-mosque\/","title":{"rendered":"Exquisite Marmorintarsien-Hintergrundwand nach dem Vorbild der Moschee von Abu Dhabi"},"content":{"rendered":"<h2>Exquisite Marmorintarsien-Hintergrundwand nach dem Vorbild der Moschee von Abu Dhabi<\/h2>\n<p>Diese luxuri\u00f6se Steinwand mit Marmorintarsien ist ein Meisterwerk der Handwerkskunst, inspiriert von den komplizierten Pietra-dura-Steindesigns der Moschee von Abu Dhabi.<\/p>\n<p>Die Komposition verbindet Parchinkari-Kunst und -Handwerkstechniken mit stilvoller Marmor\u00e4sthetik und schafft so ein elegantes und zeitloses Ambiente.<\/p>\n<h2>Hochwertige Materialien f\u00fcr ein gro\u00dfes Statement<\/h2>\n<p>Dieses aus hochwertigem Marmor und Jade gefertigte Wandpaneel mit Marmorintarsien besteht aus sorgf\u00e4ltig ausgew\u00e4hlten Steinen, die seine Sch\u00f6nheit und Haltbarkeit unterstreichen.<\/p>\n<p>Die Mischung aus edlen Materialien ergibt ein visuell beeindruckendes Display, das jede hochwertige Einrichtung aufwertet.<\/p>\n<h2>Aufw\u00e4ndiges Inlay-Design und k\u00fcnstlerische Patterns<\/h2>\n<p>Dieses Intarsienmuster zeigt zarte Blumen- und Vogelmotive, die in sorgf\u00e4ltiger Handarbeit mit Intarsientechniken hergestellt werden.<\/p>\n<p>Jedes St\u00fcck Stein ist pr\u00e4zise geschnitten und gefasst und bildet ein bezauberndes Wandbild, das den Raum in einen luxuri\u00f6sen R\u00fcckzugsort verwandelt.<\/p>\n<h2>Anwendung &amp; luxuri\u00f6se Anziehungskraft<\/h2>\n<p>Diese Hintergrundwand mit Marmorintarsien ist ideal f\u00fcr opulente Wohnzimmer, gro\u00dfe Eingangshallen und exklusive R\u00e4ume. Sie dient als Blickfang und strahlt Raffinesse und Tradition aus.<\/p>\n<p>Ob in klassischen oder modernen Innenr\u00e4umen, diese beeindruckende Wand harmoniert mit luxuri\u00f6sen M\u00f6beln und schafft eine unvergleichliche \u00c4sthetik.<\/p>\n<p>F\u00fcr alle, die ihre Innenr\u00e4ume mit ma\u00dfgeschneiderten Kunstwerken ausstatten m\u00f6chten, ist diese Marmorintarsien-Steinwand die perfekte Verk\u00f6rperung von Eleganz, Tradition und moderner Raffinesse.<\/p>","protected":false},"excerpt":{"rendered":"<p><strong>Artikel Nummer: <\/strong>WA5H004<\/p>\n<p><strong>Material:<\/strong>\u00a0Marmor, Edelstein. (Marmor Inlay Wand Panel Material kann angepasst werden)<\/p>\n<p><strong>Gr\u00f6\u00dfe:<\/strong>\u00a0Ma\u00dfgeschneiderte Gr\u00f6\u00dfe f\u00fcr jedes Wanddekor aus Intarsienmarmor<\/p>\n<p><strong>Entwurf:<\/strong>\u00a0Standard- oder kundenspezifische Marmorintarsien-Designs<\/p>\n<p><strong>Anwendung:<\/strong>\u00a0Luxusvillen und -wohnungen, Hotels und Resorts, Gesch\u00e4ftsr\u00e4ume,<\/p>\n<p>Wohnzimmer, Besonderes Wandpaneel, Wanddekor, Intarsien-Wandkunst, Wandkunst aus Stein,<\/p>\n<p>\u00d6ffentliche R\u00e4ume, Eingang und Foyer, High-End-Clubs und Privatclubs,<\/p>\n<p>Ausstellungs- und Ausstellungsr\u00e4ume, Boutiquen, Museen, Kirchen, Moscheen, usw.<\/p>","protected":false},"featured_media":1618,"template":"","meta":{"_joinchat":[]},"product_brand":[],"product_cat":[22],"product_tag":[],"class_list":{"0":"post-1617","1":"product","2":"type-product","3":"status-publish","4":"has-post-thumbnail","6":"product_cat-marble-inlay-wall-decor","8":"first","9":"instock","10":"shipping-taxable","11":"product-type-simple"},"_links":{"self":[{"href":"https:\/\/www.smmarbleinlay.com\/de\/wp-json\/wp\/v2\/product\/1617","targetHints":{"allow":["GET"]}}],"collection":[{"href":"https:\/\/www.smmarbleinlay.com\/de\/wp-json\/wp\/v2\/product"}],"about":[{"href":"https:\/\/www.smmarbleinlay.com\/de\/wp-json\/wp\/v2\/types\/product"}],"wp:featuredmedia":[{"embeddable":true,"href":"https:\/\/www.smmarbleinlay.com\/de\/wp-json\/wp\/v2\/media\/1618"}],"wp:attachment":[{"href":"https:\/\/www.smmarbleinlay.com\/de\/wp-json\/wp\/v2\/media?parent=1617"}],"wp:term":[{"taxonomy":"product_brand","embeddable":true,"href":"https:\/\/www.smmarbleinlay.com\/de\/wp-json\/wp\/v2\/product_brand?post=1617"},{"taxonomy":"product_cat","embeddable":true,"href":"https:\/\/www.smmarbleinlay.com\/de\/wp-json\/wp\/v2\/product_cat?post=1617"},{"taxonomy":"product_tag","embeddable":true,"href":"https:\/\/www.smmarbleinlay.com\/de\/wp-json\/wp\/v2\/product_tag?post=1617"}],"curies":[{"name":"wp","href":"https:\/\/api.w.org\/{rel}","templated":true}]}}