{"id":1628,"date":"2025-03-29T16:51:05","date_gmt":"2025-03-29T08:51:05","guid":{"rendered":"https:\/\/www.smmarbleinlay.com\/?post_type=product&#038;p=1628"},"modified":"2025-04-09T14:15:47","modified_gmt":"2025-04-09T06:15:47","slug":"elegant-pietra-dura-stone-floral-bird-marble-inlay-wall-decor","status":"publish","type":"product","link":"https:\/\/www.smmarbleinlay.com\/de\/produkt\/elegant-pietra-dura-stone-floral-bird-marble-inlay-wall-decor\/","title":{"rendered":"Elegante Pietra Dura Stein Floral &amp; Vogel Marmor Inlay Wanddekor"},"content":{"rendered":"<h2>Exquisite Pietra Dura Stein Floral Marmor Inlay Design<\/h2>\n<p>Diese Hintergrundwand aus Pietra Dura-Stein mit floralen Marmorintarsien ist eine atemberaubende Verschmelzung von Pietra Dura-Steinkunst und traditioneller Parchinkari-Kunst und -Handwerk und zeigt ein zartes Blumen- und Vogelmotiv.<\/p>\n<p>Jedes Detail dieser Marmorintarsien-Hintergrundwand ist sorgf\u00e4ltig ausgearbeitet und erweckt die Sch\u00f6nheit der Natur mit leuchtenden Farben und komplizierten Intarsienarbeiten zum Leben.<\/p>\n<h2>Marmor im Premium-Stil und meisterhafte Marmorintarsien f\u00fcr Steinw\u00e4nde<\/h2>\n<p>Diese aus feinstem Marmor gefertigte Pietra Dura Steinwand mit floraler Marmorintarsie zeichnet sich durch exquisite Intarsienarbeiten aus, die Langlebigkeit und zeitlose Eleganz garantieren.<\/p>\n<p>Die pr\u00e4zisionsgeschliffenen Steinteile sind nahtlos zu einem atemberaubenden visuellen Meisterwerk arrangiert, das jedes luxuri\u00f6se Interieur aufwertet.<\/p>\n<h2>Perfekt f\u00fcr luxuri\u00f6se Innenr\u00e4ume - Wandpaneele mit Marmorintarsien f\u00fcr Wohn- und Essbereiche<\/h2>\n<p>Dieses Wandpaneel mit Marmorintarsien eignet sich ideal f\u00fcr luxuri\u00f6se Wohn- und Essbereiche sowie pr\u00e4chtige Innenr\u00e4ume und verleiht gehobenen H\u00e4usern und Villen ein besonderes Ambiente.<\/p>\n<p>Die kunstvolle Kombination von Blumen- und Vogelmotiven mit hochwertigem Marmor-Intarsien-Design verwandelt jeden Raum in ein elegantes und anspruchsvolles Meisterwerk.<\/p>","protected":false},"excerpt":{"rendered":"<p>Pietra Dura Stein Florale Marmorintarsie<\/p>\n<p><strong>Artikel Nummer: <\/strong>WA3F002<\/p>\n<p><strong>Material:<\/strong>\u00a0Marmor, Edelstein. (Marmor Inlay Wand Panel Material kann angepasst werden)<\/p>\n<p><strong>Gr\u00f6\u00dfe:<\/strong>\u00a0Ma\u00dfgeschneiderte Gr\u00f6\u00dfe f\u00fcr jedes Wanddekor aus Intarsienmarmor<\/p>\n<p><strong>Entwurf:<\/strong>\u00a0Standard- oder kundenspezifische Marmorintarsien-Designs<\/p>\n<p><strong>Anwendung:<\/strong>\u00a0Luxusvillen und -wohnungen, Hotels und Resorts, Gesch\u00e4ftsr\u00e4ume,<\/p>\n<p>Wohnzimmer, Besonderes Wandpaneel, Wanddekor, Intarsien-Wandkunst, Wandkunst aus Stein,<\/p>\n<p>\u00d6ffentliche R\u00e4ume, Eingang und Foyer, High-End-Clubs und Privatclubs,<\/p>\n<p>Ausstellungs- und Ausstellungsr\u00e4ume, Boutiquen, Museen, Kirchen, Moscheen, usw.<\/p>","protected":false},"featured_media":1629,"template":"","meta":{"_joinchat":[]},"product_brand":[],"product_cat":[22],"product_tag":[],"class_list":{"0":"post-1628","1":"product","2":"type-product","3":"status-publish","4":"has-post-thumbnail","6":"product_cat-marble-inlay-wall-decor","8":"first","9":"instock","10":"shipping-taxable","11":"product-type-simple"},"_links":{"self":[{"href":"https:\/\/www.smmarbleinlay.com\/de\/wp-json\/wp\/v2\/product\/1628","targetHints":{"allow":["GET"]}}],"collection":[{"href":"https:\/\/www.smmarbleinlay.com\/de\/wp-json\/wp\/v2\/product"}],"about":[{"href":"https:\/\/www.smmarbleinlay.com\/de\/wp-json\/wp\/v2\/types\/product"}],"wp:featuredmedia":[{"embeddable":true,"href":"https:\/\/www.smmarbleinlay.com\/de\/wp-json\/wp\/v2\/media\/1629"}],"wp:attachment":[{"href":"https:\/\/www.smmarbleinlay.com\/de\/wp-json\/wp\/v2\/media?parent=1628"}],"wp:term":[{"taxonomy":"product_brand","embeddable":true,"href":"https:\/\/www.smmarbleinlay.com\/de\/wp-json\/wp\/v2\/product_brand?post=1628"},{"taxonomy":"product_cat","embeddable":true,"href":"https:\/\/www.smmarbleinlay.com\/de\/wp-json\/wp\/v2\/product_cat?post=1628"},{"taxonomy":"product_tag","embeddable":true,"href":"https:\/\/www.smmarbleinlay.com\/de\/wp-json\/wp\/v2\/product_tag?post=1628"}],"curies":[{"name":"wp","href":"https:\/\/api.w.org\/{rel}","templated":true}]}}