{"id":1644,"date":"2025-03-29T17:09:43","date_gmt":"2025-03-29T09:09:43","guid":{"rendered":"https:\/\/www.smmarbleinlay.com\/?post_type=product&#038;p=1644"},"modified":"2025-04-09T13:05:36","modified_gmt":"2025-04-09T05:05:36","slug":"graceful-pietra-dura-stone-wall-marble-inlay-background-wall-white-horse","status":"publish","type":"product","link":"https:\/\/www.smmarbleinlay.com\/de\/produkt\/graceful-pietra-dura-stone-wall-marble-inlay-background-wall-white-horse\/","title":{"rendered":"Anmutige Pietra Dura Steinmauer Marmor Inlay Hintergrund Wand Wei\u00dfes Pferd"},"content":{"rendered":"<h2>Exquisite Pietra Dura Stein Wand Marmor Inlay Design &amp; Parchinkari Kunst und Handwerk<\/h2>\n<p>Diese Pietra Dura Steinwand mit Marmorintarsie zeigt ein majest\u00e4tisches wei\u00dfes Pferd, das St\u00e4rke und Erfolg symbolisiert.<\/p>\n<p>Die mit Parchinkari-Kunst und -Handwerkstechniken gefertigten, komplizierten Einlegearbeiten erwecken das Pferd zum Leben und zeigen seine Eleganz und dynamische Bewegung.<\/p>\n<h2>Marmor im feinsten Stil und meisterhafte Marmorintarsien f\u00fcr Steinw\u00e4nde<\/h2>\n<p>Diese Pietra Dura Steinwand mit Marmorintarsien ist aus hochwertigem Marmor gefertigt und zeugt von fachm\u00e4nnischer Kunstfertigkeit.<\/p>\n<p>Jeder Stein wird pr\u00e4zise geschliffen und eingelegt, um eine naturgetreue Darstellung zu schaffen, die Best\u00e4ndigkeit mit raffinierter Sch\u00f6nheit verbindet.<\/p>\n<p>Das nahtlose Inlay-Design unterstreicht die luxuri\u00f6se Ausstrahlung des Kunstwerks.<\/p>\n<h2>Erh\u00f6hen Sie luxuri\u00f6se Innenr\u00e4ume mit einer Wandplatte mit Marmorintarsien<\/h2>\n<p>Dieses Wandpaneel mit Marmorintarsien aus Pietra Dura-Stein eignet sich ideal f\u00fcr Wohn- und Essbereiche sowie repr\u00e4sentative Innenr\u00e4ume und verleiht diesen einen edlen Touch.<\/p>\n<p>Die k\u00fcnstlerische Komposition und das hochwertige Design der Marmorintarsien machen ihn zu einem auff\u00e4lligen Schmuckst\u00fcck, das sich perfekt f\u00fcr Luxuswohnungen und Villen eignet.<\/p>","protected":false},"excerpt":{"rendered":"<p>Pietra Dura Stein Wand Marmor Inlay Wei\u00dfes Pferd<\/p>\n<p><strong>Artikel Nummer: <\/strong>WA4G011<\/p>\n<p><strong>Material:<\/strong>\u00a0Marmor, Edelstein. (Marmor Inlay Wand Panel Material kann angepasst werden)<\/p>\n<p><strong>Gr\u00f6\u00dfe:<\/strong>\u00a0Ma\u00dfgeschneiderte Gr\u00f6\u00dfe f\u00fcr jedes Wanddekor aus Intarsienmarmor<\/p>\n<p><strong>Entwurf:<\/strong>\u00a0Standard- oder kundenspezifische Marmorintarsien-Designs<\/p>\n<p><strong>Anwendung:<\/strong>\u00a0Luxusvillen und -wohnungen, Hotels und Resorts, Gesch\u00e4ftsr\u00e4ume,<\/p>\n<p>Wohnzimmer, Besonderes Wandpaneel, Wanddekor, Intarsien-Wandkunst, Wandkunst aus Stein,<\/p>\n<p>\u00d6ffentliche R\u00e4ume, Eingang und Foyer, High-End-Clubs und Privatclubs,<\/p>\n<p>Ausstellungs- und Ausstellungsr\u00e4ume, Boutiquen, Museen, Kirchen, Moscheen, usw.<\/p>","protected":false},"featured_media":1645,"template":"","meta":{"_joinchat":[]},"product_brand":[],"product_cat":[22],"product_tag":[],"class_list":{"0":"post-1644","1":"product","2":"type-product","3":"status-publish","4":"has-post-thumbnail","6":"product_cat-marble-inlay-wall-decor","8":"first","9":"instock","10":"shipping-taxable","11":"product-type-simple"},"_links":{"self":[{"href":"https:\/\/www.smmarbleinlay.com\/de\/wp-json\/wp\/v2\/product\/1644","targetHints":{"allow":["GET"]}}],"collection":[{"href":"https:\/\/www.smmarbleinlay.com\/de\/wp-json\/wp\/v2\/product"}],"about":[{"href":"https:\/\/www.smmarbleinlay.com\/de\/wp-json\/wp\/v2\/types\/product"}],"wp:featuredmedia":[{"embeddable":true,"href":"https:\/\/www.smmarbleinlay.com\/de\/wp-json\/wp\/v2\/media\/1645"}],"wp:attachment":[{"href":"https:\/\/www.smmarbleinlay.com\/de\/wp-json\/wp\/v2\/media?parent=1644"}],"wp:term":[{"taxonomy":"product_brand","embeddable":true,"href":"https:\/\/www.smmarbleinlay.com\/de\/wp-json\/wp\/v2\/product_brand?post=1644"},{"taxonomy":"product_cat","embeddable":true,"href":"https:\/\/www.smmarbleinlay.com\/de\/wp-json\/wp\/v2\/product_cat?post=1644"},{"taxonomy":"product_tag","embeddable":true,"href":"https:\/\/www.smmarbleinlay.com\/de\/wp-json\/wp\/v2\/product_tag?post=1644"}],"curies":[{"name":"wp","href":"https:\/\/api.w.org\/{rel}","templated":true}]}}