{"id":1650,"date":"2025-03-29T17:14:39","date_gmt":"2025-03-29T09:14:39","guid":{"rendered":"https:\/\/www.smmarbleinlay.com\/?post_type=product&#038;p=1650"},"modified":"2025-04-09T12:59:32","modified_gmt":"2025-04-09T04:59:32","slug":"majestic-pietra-dura-stone-horse-marble-inlay-wall-panel","status":"publish","type":"product","link":"https:\/\/www.smmarbleinlay.com\/de\/produkt\/majestic-pietra-dura-stone-horse-marble-inlay-wall-panel\/","title":{"rendered":"Majest\u00e4tische Pietra Dura Stein Pferd Marmor Inlay Wandplatte"},"content":{"rendered":"<h2>Pietra Dura Steinmauer Symbol des Erfolgs mit k\u00fcnstlerischem Inlay-Design<\/h2>\n<p>Diese Marmorintarsien-Hintergrundwand zeigt ein kraftvolles und elegantes Pferdemotiv. Diese Pietra Dura Steinwand symbolisiert Erfolg und St\u00e4rke.<\/p>\n<p>Dieses zarte Pietra Dura-Wandbild ist mit komplizierten Blumendekorationen verziert und verbindet die Sch\u00f6nheit der Natur mit zeitloser Kunstfertigkeit, was es zu einem wahren Meisterwerk der Intarsienarbeit macht.<\/p>\n<h2>Luxuri\u00f6ser Stil Marmor &amp; Edelstein Marmorintarsien Steinwand<\/h2>\n<p>Diese aus feinstem Marmor, exotischen Steinen, Halbedelsteinen, Onyx und Achat gefertigte Pietra Dura-Steinwand mit Marmorintarsien ist ein Beispiel f\u00fcr au\u00dfergew\u00f6hnliche Handwerkskunst.<\/p>\n<p>Jedes Element wird sorgf\u00e4ltig eingelegt, um einen atemberaubenden visuellen Effekt zu erzielen, der dem Design Tiefe, Textur und Raffinesse verleiht.<\/p>\n<h2>Perfekt f\u00fcr gro\u00dfe Innenr\u00e4ume - Marmorintarsien-Wandpaneel f\u00fcr luxuri\u00f6se R\u00e4ume<\/h2>\n<p>Dieses Wandpaneel mit Marmorintarsien eignet sich f\u00fcr Wohnzimmer, Essbereiche, Eingangsbereiche und gro\u00dfe Foyers und wertet jedes luxuri\u00f6se Haus oder jede Villa auf.<\/p>\n<p>Die nahtlose Verschmelzung von hochwertigem Marmorintarsien-Design und exquisiten floralen Details verwandelt jeden Raum in ein Statement von Raffinesse und Eleganz.<\/p>","protected":false},"excerpt":{"rendered":"<p>Pietra Dura Steinmauer<\/p>\n<p><strong>Artikel Nummer: <\/strong>WA5H008<\/p>\n<p><strong>Material:<\/strong>\u00a0Marmor, Edelstein. (Marmor Inlay Wand Panel Material kann angepasst werden)<\/p>\n<p><strong>Gr\u00f6\u00dfe:<\/strong>\u00a0Ma\u00dfgeschneiderte Gr\u00f6\u00dfe f\u00fcr jedes Wanddekor aus Intarsienmarmor<\/p>\n<p><strong>Entwurf:<\/strong>\u00a0Standard- oder kundenspezifische Marmorintarsien-Designs<\/p>\n<p><strong>Anwendung:<\/strong>\u00a0Luxusvillen und -wohnungen, Hotels und Resorts, Gesch\u00e4ftsr\u00e4ume,<\/p>\n<p>Wohnzimmer, Besonderes Wandpaneel, Wanddekor, Intarsien-Wandkunst, Wandkunst aus Stein,<\/p>\n<p>\u00d6ffentliche R\u00e4ume, Eingang und Foyer, High-End-Clubs und Privatclubs,<\/p>\n<p>Ausstellungs- und Ausstellungsr\u00e4ume, Boutiquen, Museen, Kirchen, Moscheen, usw.<\/p>","protected":false},"featured_media":1651,"template":"","meta":{"_joinchat":[]},"product_brand":[],"product_cat":[22],"product_tag":[],"class_list":{"0":"post-1650","1":"product","2":"type-product","3":"status-publish","4":"has-post-thumbnail","6":"product_cat-marble-inlay-wall-decor","8":"first","9":"instock","10":"shipping-taxable","11":"product-type-simple"},"_links":{"self":[{"href":"https:\/\/www.smmarbleinlay.com\/de\/wp-json\/wp\/v2\/product\/1650","targetHints":{"allow":["GET"]}}],"collection":[{"href":"https:\/\/www.smmarbleinlay.com\/de\/wp-json\/wp\/v2\/product"}],"about":[{"href":"https:\/\/www.smmarbleinlay.com\/de\/wp-json\/wp\/v2\/types\/product"}],"wp:featuredmedia":[{"embeddable":true,"href":"https:\/\/www.smmarbleinlay.com\/de\/wp-json\/wp\/v2\/media\/1651"}],"wp:attachment":[{"href":"https:\/\/www.smmarbleinlay.com\/de\/wp-json\/wp\/v2\/media?parent=1650"}],"wp:term":[{"taxonomy":"product_brand","embeddable":true,"href":"https:\/\/www.smmarbleinlay.com\/de\/wp-json\/wp\/v2\/product_brand?post=1650"},{"taxonomy":"product_cat","embeddable":true,"href":"https:\/\/www.smmarbleinlay.com\/de\/wp-json\/wp\/v2\/product_cat?post=1650"},{"taxonomy":"product_tag","embeddable":true,"href":"https:\/\/www.smmarbleinlay.com\/de\/wp-json\/wp\/v2\/product_tag?post=1650"}],"curies":[{"name":"wp","href":"https:\/\/api.w.org\/{rel}","templated":true}]}}