{"id":1786,"date":"2025-04-03T10:33:04","date_gmt":"2025-04-03T02:33:04","guid":{"rendered":"https:\/\/www.smmarbleinlay.com\/?post_type=product&#038;p=1786"},"modified":"2025-04-09T12:55:25","modified_gmt":"2025-04-09T04:55:25","slug":"exquisite-marble-inlay-background-wall-decor-inspired-by-picasso","status":"publish","type":"product","link":"https:\/\/www.smmarbleinlay.com\/de\/produkt\/exquisite-marble-inlay-background-wall-decor-inspired-by-picasso\/","title":{"rendered":"Exquisite Marmorintarsien Hintergrund Wanddekoration inspiriert von Picasso"},"content":{"rendered":"<h2>K\u00fcnstlerische Verschmelzung von Marmorintarsienarbeit und Meisterwerk-Inspiration<\/h2>\n<p>Erh\u00f6hen Sie Ihre Innenr\u00e4ume mit diesem exquisiten Wanddekor mit Marmorintarsien, einer atemberaubenden Verschmelzung von Kunst und sorgf\u00e4ltiger Handwerkskunst.<\/p>\n<p>Inspiriert vom k\u00fchnen kubistischen Stil Picassos, verwandelt dieses exquisite Wandpaneel mit Marmorintarsien ein klassisches Kunstwerk in ein zeitloses Meisterwerk aus Stein.<\/p>\n<h2>Meisterhafte Marmoreinlegearbeiten f\u00fcr luxuri\u00f6se Innenr\u00e4ume<\/h2>\n<p>Dieses mit Pr\u00e4zision gefertigte Wanddekor mit Marmorintarsien zeigt ein kompliziertes Marmorintarsien-Design, das sich nahtlos in eine reiche Palette von Natursteinen, darunter Marmor, Granit und Halbedelsteine, einf\u00fcgt.<\/p>\n<p>Jedes Detail wird in akribischer Handarbeit gefertigt und sorgt f\u00fcr eine Marmorintarsienarbeit, die Raffinesse und Exklusivit\u00e4t ausstrahlt.<\/p>\n<h2>Wanddekoration mit Marmorintarsien Ein Statement f\u00fcr gro\u00dfe Innenr\u00e4ume<\/h2>\n<p>Dieses Wandpaneel mit Marmorintarsien eignet sich perfekt f\u00fcr gehobene Wohnh\u00e4user, Luxusvillen und exklusive R\u00e4ume und bildet einen opulenten Blickfang.<\/p>\n<p>Ob im Wohnzimmer, im Eingangsbereich oder in der gro\u00dfen Halle - der k\u00fcnstlerische Ausdruck und die luxuri\u00f6sen Materialien definieren die Eleganz von Innenr\u00e4umen neu.<\/p>\n<p>Entdecken Sie die unvergleichliche Kunst der Marmorintarsien und lassen Sie Ihre W\u00e4nde die Sprache der zeitlosen Raffinesse sprechen.<\/p>","protected":false},"excerpt":{"rendered":"<p>Kunstvolle Marmorintarsien Wanddekoration<\/p>\n<p><strong>Artikel Nummer: <\/strong>WA5H009<\/p>\n<p><strong>Material:<\/strong>\u00a0Marmor, Edelstein. (Marmor Inlay Wand Panel Material kann angepasst werden)<\/p>\n<p><strong>Gr\u00f6\u00dfe:<\/strong>\u00a0Ma\u00dfgeschneiderte Gr\u00f6\u00dfe f\u00fcr jedes Wanddekor aus Intarsienmarmor<\/p>\n<p><strong>Entwurf:<\/strong>\u00a0Standard- oder kundenspezifische Marmorintarsien-Designs<\/p>\n<p><strong>Anwendung:<\/strong>\u00a0Luxusvillen und -wohnungen, Hotels und Resorts, Gesch\u00e4ftsr\u00e4ume,<\/p>\n<p>Wohnzimmer, Besonderes Wandpaneel, Wanddekor, Intarsien-Wandkunst, Wandkunst aus Stein,<\/p>\n<p>\u00d6ffentliche R\u00e4ume, Eingang und Foyer, High-End-Clubs und Privatclubs,<\/p>\n<p>Ausstellungs- und Ausstellungsr\u00e4ume, Boutiquen, Museen, Kirchen, Moscheen, usw.<\/p>","protected":false},"featured_media":1787,"template":"","meta":{"_joinchat":[]},"product_brand":[],"product_cat":[22],"product_tag":[],"class_list":{"0":"post-1786","1":"product","2":"type-product","3":"status-publish","4":"has-post-thumbnail","6":"product_cat-marble-inlay-wall-decor","8":"first","9":"instock","10":"shipping-taxable","11":"product-type-simple"},"_links":{"self":[{"href":"https:\/\/www.smmarbleinlay.com\/de\/wp-json\/wp\/v2\/product\/1786","targetHints":{"allow":["GET"]}}],"collection":[{"href":"https:\/\/www.smmarbleinlay.com\/de\/wp-json\/wp\/v2\/product"}],"about":[{"href":"https:\/\/www.smmarbleinlay.com\/de\/wp-json\/wp\/v2\/types\/product"}],"wp:featuredmedia":[{"embeddable":true,"href":"https:\/\/www.smmarbleinlay.com\/de\/wp-json\/wp\/v2\/media\/1787"}],"wp:attachment":[{"href":"https:\/\/www.smmarbleinlay.com\/de\/wp-json\/wp\/v2\/media?parent=1786"}],"wp:term":[{"taxonomy":"product_brand","embeddable":true,"href":"https:\/\/www.smmarbleinlay.com\/de\/wp-json\/wp\/v2\/product_brand?post=1786"},{"taxonomy":"product_cat","embeddable":true,"href":"https:\/\/www.smmarbleinlay.com\/de\/wp-json\/wp\/v2\/product_cat?post=1786"},{"taxonomy":"product_tag","embeddable":true,"href":"https:\/\/www.smmarbleinlay.com\/de\/wp-json\/wp\/v2\/product_tag?post=1786"}],"curies":[{"name":"wp","href":"https:\/\/api.w.org\/{rel}","templated":true}]}}