{"id":1789,"date":"2025-04-03T10:40:20","date_gmt":"2025-04-03T02:40:20","guid":{"rendered":"https:\/\/www.smmarbleinlay.com\/?post_type=product&#038;p=1789"},"modified":"2025-04-09T12:43:35","modified_gmt":"2025-04-09T04:43:35","slug":"elegant-marble-inlay-wall-decor-with-a-ballroom-theme","status":"publish","type":"product","link":"https:\/\/www.smmarbleinlay.com\/de\/produkt\/elegant-marble-inlay-wall-decor-with-a-ballroom-theme\/","title":{"rendered":"Eleganter Wandschmuck mit Marmorintarsien und Ballsaal-Thema"},"content":{"rendered":"<h2 class=\"\" data-start=\"74\" data-end=\"121\">Wanddekoration mit Marmorintarsien Zeitloser Luxus im Marmorintarsien-Design<\/h2>\n<p class=\"\" data-start=\"123\" data-end=\"425\">Diese elegante Wanddekoration mit Marmorintarsien f\u00e4ngt die Erhabenheit einer vergangenen \u00c4ra mit dieser exquisit gearbeiteten Wanddekoration mit Marmorintarsien ein, die von der Eleganz eines Ballsaals inspiriert ist.<\/p>\n<p class=\"\" data-start=\"123\" data-end=\"425\">Dieses atemberaubende Meisterwerk der Wanddekoration mit Marmorintarsien bringt Leben und Bewegung in Ihre Innenr\u00e4ume und stellt eine \u00fcppige Ballsaal-Szene mit tadellosen Details und Raffinesse dar.<\/p>\n<h2 class=\"\" data-start=\"427\" data-end=\"494\">Exquisite Marmorintarsien f\u00fcr eine raffinierte Steinwand<\/h2>\n<p class=\"\" data-start=\"496\" data-end=\"812\">Jedes Element dieses Wandpaneels mit Marmorintarsien wird in sorgf\u00e4ltiger Handarbeit aus einer Reihe hochwertiger Natursteine und Halbedelsteine gefertigt.<\/p>\n<p class=\"\" data-start=\"496\" data-end=\"812\">Das delikate Zusammenspiel von Farben und Texturen schafft einen dynamischen visuellen Reiz und zeigt ein au\u00dfergew\u00f6hnliches Ma\u00df an Handwerkskunst im Stil der Marmorintarsienarbeit.<\/p>\n<h2 class=\"\" data-start=\"814\" data-end=\"879\">Ein Wandpaneel mit Marmorintarsien f\u00fcr luxuri\u00f6se Innenr\u00e4ume<\/h2>\n<p class=\"\" data-start=\"881\" data-end=\"1169\">Diese f\u00fcr hochwertige Villen, Hotels und Luxusresidenzen konzipierte Steinwand verwandelt jeden Raum in ein zeitloses Meisterwerk.<\/p>\n<p class=\"\" data-start=\"881\" data-end=\"1169\">Ob in einem gro\u00dfen Foyer, einem Ballsaal oder einem opulenten Wohnbereich, dieses Marmorintarsien-Design verleiht einen Hauch von aristokratischem Charme und k\u00fcnstlerischer Eleganz.<\/p>\n<p class=\"\" data-start=\"1171\" data-end=\"1309\">Erleben Sie die Sch\u00f6nheit historischer Kunstfertigkeit in Form von Marmorintarsien, bei denen jedes Detail eine Geschichte von Luxus und Raffinesse erz\u00e4hlt.<\/p>","protected":false},"excerpt":{"rendered":"<p data-start=\"74\" data-end=\"121\">Marmorintarsien Wanddekor Tanzen<\/p>\n<p><strong>Artikel Nummer: <\/strong>WA6I004<\/p>\n<p><strong>Material:<\/strong>\u00a0Marmor, Edelstein. (Marmor Inlay Wand Panel Material kann angepasst werden)<\/p>\n<p><strong>Gr\u00f6\u00dfe:<\/strong>\u00a0Ma\u00dfgeschneiderte Gr\u00f6\u00dfe f\u00fcr jedes Wanddekor aus Intarsienmarmor<\/p>\n<p><strong>Entwurf:<\/strong>\u00a0Standard- oder kundenspezifische Marmorintarsien-Designs<\/p>\n<p><strong>Anwendung:<\/strong>\u00a0Luxusvillen und -wohnungen, Hotels und Resorts, Gesch\u00e4ftsr\u00e4ume,<\/p>\n<p>Wohnzimmer, Besonderes Wandpaneel, Wanddekor, Intarsien-Wandkunst, Wandkunst aus Stein,<\/p>\n<p>\u00d6ffentliche R\u00e4ume, Eingang und Foyer, High-End-Clubs und Privatclubs,<\/p>\n<p>Ausstellungs- und Ausstellungsr\u00e4ume, Boutiquen, Museen, Kirchen, Moscheen, usw.<\/p>","protected":false},"featured_media":1790,"template":"","meta":{"_joinchat":[]},"product_brand":[],"product_cat":[22],"product_tag":[],"class_list":{"0":"post-1789","1":"product","2":"type-product","3":"status-publish","4":"has-post-thumbnail","6":"product_cat-marble-inlay-wall-decor","8":"first","9":"instock","10":"shipping-taxable","11":"product-type-simple"},"_links":{"self":[{"href":"https:\/\/www.smmarbleinlay.com\/de\/wp-json\/wp\/v2\/product\/1789","targetHints":{"allow":["GET"]}}],"collection":[{"href":"https:\/\/www.smmarbleinlay.com\/de\/wp-json\/wp\/v2\/product"}],"about":[{"href":"https:\/\/www.smmarbleinlay.com\/de\/wp-json\/wp\/v2\/types\/product"}],"wp:featuredmedia":[{"embeddable":true,"href":"https:\/\/www.smmarbleinlay.com\/de\/wp-json\/wp\/v2\/media\/1790"}],"wp:attachment":[{"href":"https:\/\/www.smmarbleinlay.com\/de\/wp-json\/wp\/v2\/media?parent=1789"}],"wp:term":[{"taxonomy":"product_brand","embeddable":true,"href":"https:\/\/www.smmarbleinlay.com\/de\/wp-json\/wp\/v2\/product_brand?post=1789"},{"taxonomy":"product_cat","embeddable":true,"href":"https:\/\/www.smmarbleinlay.com\/de\/wp-json\/wp\/v2\/product_cat?post=1789"},{"taxonomy":"product_tag","embeddable":true,"href":"https:\/\/www.smmarbleinlay.com\/de\/wp-json\/wp\/v2\/product_tag?post=1789"}],"curies":[{"name":"wp","href":"https:\/\/api.w.org\/{rel}","templated":true}]}}