{"id":1792,"date":"2025-04-03T11:03:54","date_gmt":"2025-04-03T03:03:54","guid":{"rendered":"https:\/\/www.smmarbleinlay.com\/?post_type=product&#038;p=1792"},"modified":"2025-04-10T09:47:06","modified_gmt":"2025-04-10T01:47:06","slug":"illuminated-backlit-marble-inlay-background-wall-decor","status":"publish","type":"product","link":"https:\/\/www.smmarbleinlay.com\/de\/produkt\/illuminated-backlit-marble-inlay-background-wall-decor\/","title":{"rendered":"Beleuchteter Hintergrund mit Marmorintarsien Wanddekoration mit Jesus"},"content":{"rendered":"<h2 class=\"\" data-start=\"72\" data-end=\"119\">Divine Backlit Marble Inlay Hintergrund Wanddekor in Marmor Inlay Design<\/h2>\n<p class=\"\" data-start=\"121\" data-end=\"409\">Beleuchtete Marmorintarsien als Hintergrunddekor sind die erste Wahl f\u00fcr eine luxuri\u00f6se Innenraumgestaltung.<\/p>\n<p class=\"\" data-start=\"121\" data-end=\"409\">Erleben Sie die beleuchtete, hintergrundbeleuchtete Marmorintarsien-Wanddekoration der Gelassenheit und spirituellen Tiefe dieser atemberaubenden Marmorintarsien-Hintergrundwanddekoration, die Jesus mit g\u00f6ttlicher Ausstrahlung darstellt.<\/p>\n<p class=\"\" data-start=\"121\" data-end=\"409\">Dieses Wandpaneel aus hinterleuchtetem Marmor wurde sorgf\u00e4ltig bearbeitet, um das Licht durchzulassen und die Tiefe und den Realismus der sakralen Figur zu verst\u00e4rken.<\/p>\n<h2 class=\"\" data-start=\"411\" data-end=\"481\">Meisterhafte Intarsienarbeit mit durchscheinendem Steinwandeffekt<\/h2>\n<p class=\"\" data-start=\"483\" data-end=\"780\">Das aus hochwertigem durchscheinendem Marmor und Halbedelsteinen gefertigte Marmorintarsien-Design zeichnet jedes Detail pr\u00e4zise nach.<\/p>\n<p class=\"\" data-start=\"483\" data-end=\"780\">Die einzigartige Intarsienarbeit l\u00e4sst das Licht auf das Kunstwerk fallen und erzeugt einen atemberaubenden visuellen Effekt, der das spirituelle Ambiente eines jeden Raumes verst\u00e4rkt.<\/p>\n<h2 class=\"\" data-start=\"782\" data-end=\"849\">Ein sakrales Meisterwerk f\u00fcr luxuri\u00f6se und spirituelle Innenr\u00e4ume<\/h2>\n<p class=\"\" data-start=\"851\" data-end=\"1177\">Diese Steinwand ist ideal f\u00fcr Kirchen, Kapellen, Meditationsr\u00e4ume oder elegante Wohnr\u00e4ume und verwandelt jede Umgebung in einen Ort der Besinnung und g\u00f6ttlichen Sch\u00f6nheit.<\/p>\n<p class=\"\" data-start=\"851\" data-end=\"1177\">Das Zusammenspiel von Licht und Stein in diesem Wandpaneel mit Marmorintarsien hebt die Atmosph\u00e4re und macht es zu einem perfekten Mittelpunkt f\u00fcr Orte der Verehrung und Andacht.<\/p>\n<p class=\"\" data-start=\"1179\" data-end=\"1316\">Entdecken Sie die unvergleichliche Handwerkskunst der Marmorintarsien, bei der sich Kunstfertigkeit und Spiritualit\u00e4t zu einem strahlenden Ausdruck des Glaubens vereinen.<\/p>","protected":false},"excerpt":{"rendered":"<p>Beleuchteter Marmor Inlay Hintergrund Wanddekor<\/p>\n<p><strong>Artikel Nummer: <\/strong>WA6I005<\/p>\n<p><strong>Material:<\/strong>\u00a0Mable, Edelstein. (Marmor Inlay Materialien k\u00f6nnen angepasst werden)<\/p>\n<p><strong>Gr\u00f6\u00dfe:<\/strong>\u00a0Ma\u00dfgeschneiderte Gr\u00f6\u00dfe (Gr\u00f6\u00dfe der Marmoreinlage)<\/p>\n<p><strong>Entwurf:<\/strong>\u00a0Standard- oder kundenspezifische Marmordesigns<\/p>\n<p><strong>Anwendung:<\/strong>\u00a0Luxusvillen und -wohnungen, Hotels und Resorts, Gesch\u00e4ftsr\u00e4ume,<\/p>\n<p>\u00d6ffentliche R\u00e4ume, Treppenh\u00e4user &amp; Flure, Eingang &amp; Foyer, Pietra Dura Art Floor,<\/p>\n<p>High-End-Clubs und Privatclubs, Showrooms und Ausstellungsr\u00e4ume,<\/p>\n<p>Boutiquen, Museum, Kirche, Moschee, etc.<\/p>","protected":false},"featured_media":1793,"template":"","meta":{"_joinchat":[]},"product_brand":[],"product_cat":[22],"product_tag":[],"class_list":{"0":"post-1792","1":"product","2":"type-product","3":"status-publish","4":"has-post-thumbnail","6":"product_cat-marble-inlay-wall-decor","8":"first","9":"instock","10":"shipping-taxable","11":"product-type-simple"},"_links":{"self":[{"href":"https:\/\/www.smmarbleinlay.com\/de\/wp-json\/wp\/v2\/product\/1792","targetHints":{"allow":["GET"]}}],"collection":[{"href":"https:\/\/www.smmarbleinlay.com\/de\/wp-json\/wp\/v2\/product"}],"about":[{"href":"https:\/\/www.smmarbleinlay.com\/de\/wp-json\/wp\/v2\/types\/product"}],"wp:featuredmedia":[{"embeddable":true,"href":"https:\/\/www.smmarbleinlay.com\/de\/wp-json\/wp\/v2\/media\/1793"}],"wp:attachment":[{"href":"https:\/\/www.smmarbleinlay.com\/de\/wp-json\/wp\/v2\/media?parent=1792"}],"wp:term":[{"taxonomy":"product_brand","embeddable":true,"href":"https:\/\/www.smmarbleinlay.com\/de\/wp-json\/wp\/v2\/product_brand?post=1792"},{"taxonomy":"product_cat","embeddable":true,"href":"https:\/\/www.smmarbleinlay.com\/de\/wp-json\/wp\/v2\/product_cat?post=1792"},{"taxonomy":"product_tag","embeddable":true,"href":"https:\/\/www.smmarbleinlay.com\/de\/wp-json\/wp\/v2\/product_tag?post=1792"}],"curies":[{"name":"wp","href":"https:\/\/api.w.org\/{rel}","templated":true}]}}