{"id":1795,"date":"2025-04-03T11:09:34","date_gmt":"2025-04-03T03:09:34","guid":{"rendered":"https:\/\/www.smmarbleinlay.com\/?post_type=product&#038;p=1795"},"modified":"2025-04-09T11:38:38","modified_gmt":"2025-04-09T03:38:38","slug":"luxury-marble-inlay-wall-panel-german-neuschwanstein-castle-theme","status":"publish","type":"product","link":"https:\/\/www.smmarbleinlay.com\/de\/produkt\/luxury-marble-inlay-wall-panel-german-neuschwanstein-castle-theme\/","title":{"rendered":"Luxus-Marmor-Inlay-Wandpaneel - Deutsches Schloss Neuschwanstein-Thema"},"content":{"rendered":"<h2>Luxuri\u00f6se Marmorintarsien-Wandplatte mit Schlossthema<\/h2>\n<p>Das luxuri\u00f6se Wanddekor mit Marmorintarsien im Schlossthema ist die erste Wahl f\u00fcr gro\u00dfartige Inneneinrichtungen.<\/p>\n<p>Erleben Sie die perfekte Mischung aus Kunstfertigkeit und Handwerkskunst mit diesem atemberaubenden Wanddekor mit Marmorintarsien.<\/p>\n<p>Dieses Meisterwerk mit einer atemberaubenden Darstellung des ber\u00fchmten deutschen Schlosses Neuschwanstein wurde mit Pr\u00e4zision aus hochwertigem Naturmarmor gefertigt.<\/p>\n<h2>Zeitloser Stil der Marmorintarsienarbeit<\/h2>\n<p>Dieses Wanddekor mit Marmorintarsien zeigt eine komplizierte Intarsientechnik, die das legend\u00e4re Schloss zum Leben erweckt.<\/p>\n<p>Die harmonische Kombination aus Natursteinfarben, detaillierten architektonischen Elementen und eleganter Handwerkskunst schafft ein luxuri\u00f6ses Ambiente.<\/p>\n<h2>Elegante Steinmauer mit Inlay-Design<\/h2>\n<p>Versch\u00f6nern Sie Ihr Interieur mit dieser Steinwand mit Marmorintarsien, die sich nahtlos in klassische und moderne R\u00e4ume integrieren l\u00e4sst.<\/p>\n<p>Ob in einem Wohnzimmer, einer Hotellobby oder einem gehobenen Gesch\u00e4ftslokal, diese Wanddekoration mit Marmorintarsien verleiht jeder Umgebung Raffinesse und k\u00fcnstlerischen Charme.<\/p>\n<h2>Premium-Marmor-Inlay-Wandpaneel f\u00fcr Innendekoration<\/h2>\n<p>Dieses Wandpaneel mit Marmorintarsien ist nicht nur ein dekoratives St\u00fcck, sondern ein Ausdruck von Luxus und Erbe.<\/p>\n<p>Die exquisiten Details und die hochwertige Handwerkskunst machen ihn zur idealen Wahl f\u00fcr alle, die eine raffinierte Innenraum\u00e4sthetik sch\u00e4tzen.<\/p>\n<p>Verwandeln Sie Ihren Raum mit diesem au\u00dfergew\u00f6hnlichen Wanddekor mit Marmorintarsien, wo zeitlose Eleganz auf k\u00fcnstlerische Exzellenz trifft!<\/p>","protected":false},"excerpt":{"rendered":"<p>Luxuri\u00f6se Marmorintarsien-Wandplatte Schloss<\/p>\n<p><strong>Artikel Nummer: <\/strong>WA6I006<\/p>\n<p><strong>Material:<\/strong>\u00a0Marmor, Edelstein. (Marmor Inlay Wand Panel Material kann angepasst werden)<\/p>\n<p><strong>Gr\u00f6\u00dfe:<\/strong>\u00a0Ma\u00dfgeschneiderte Gr\u00f6\u00dfe f\u00fcr jedes Wanddekor aus Intarsienmarmor<\/p>\n<p><strong>Entwurf:<\/strong>\u00a0Standard- oder kundenspezifische Marmorintarsien-Designs<\/p>\n<p><strong>Anwendung:<\/strong>\u00a0Luxusvillen und -wohnungen, Hotels und Resorts, Gesch\u00e4ftsr\u00e4ume,<\/p>\n<p>Wohnzimmer, Besonderes Wandpaneel, Wanddekor, Intarsien-Wandkunst, Wandkunst aus Stein,<\/p>\n<p>\u00d6ffentliche R\u00e4ume, Eingang und Foyer, High-End-Clubs und Privatclubs,<\/p>\n<p>Ausstellungs- und Ausstellungsr\u00e4ume, Boutiquen, Museen, Kirchen, Moscheen, usw.<\/p>","protected":false},"featured_media":1796,"template":"","meta":{"_joinchat":[]},"product_brand":[],"product_cat":[22],"product_tag":[],"class_list":{"0":"post-1795","1":"product","2":"type-product","3":"status-publish","4":"has-post-thumbnail","6":"product_cat-marble-inlay-wall-decor","8":"first","9":"instock","10":"shipping-taxable","11":"product-type-simple"},"_links":{"self":[{"href":"https:\/\/www.smmarbleinlay.com\/de\/wp-json\/wp\/v2\/product\/1795","targetHints":{"allow":["GET"]}}],"collection":[{"href":"https:\/\/www.smmarbleinlay.com\/de\/wp-json\/wp\/v2\/product"}],"about":[{"href":"https:\/\/www.smmarbleinlay.com\/de\/wp-json\/wp\/v2\/types\/product"}],"wp:featuredmedia":[{"embeddable":true,"href":"https:\/\/www.smmarbleinlay.com\/de\/wp-json\/wp\/v2\/media\/1796"}],"wp:attachment":[{"href":"https:\/\/www.smmarbleinlay.com\/de\/wp-json\/wp\/v2\/media?parent=1795"}],"wp:term":[{"taxonomy":"product_brand","embeddable":true,"href":"https:\/\/www.smmarbleinlay.com\/de\/wp-json\/wp\/v2\/product_brand?post=1795"},{"taxonomy":"product_cat","embeddable":true,"href":"https:\/\/www.smmarbleinlay.com\/de\/wp-json\/wp\/v2\/product_cat?post=1795"},{"taxonomy":"product_tag","embeddable":true,"href":"https:\/\/www.smmarbleinlay.com\/de\/wp-json\/wp\/v2\/product_tag?post=1795"}],"curies":[{"name":"wp","href":"https:\/\/api.w.org\/{rel}","templated":true}]}}