{"id":1798,"date":"2025-04-03T11:14:15","date_gmt":"2025-04-03T03:14:15","guid":{"rendered":"https:\/\/www.smmarbleinlay.com\/?post_type=product&#038;p=1798"},"modified":"2025-04-08T20:52:15","modified_gmt":"2025-04-08T12:52:15","slug":"exquisite-marble-inlay-wall-panel-great-wall-of-china-theme","status":"publish","type":"product","link":"https:\/\/www.smmarbleinlay.com\/de\/produkt\/exquisite-marble-inlay-wall-panel-great-wall-of-china-theme\/","title":{"rendered":"Exquisite Marmor-Intarsien-Wandplatte - Thema Chinesische Mauer"},"content":{"rendered":"<h2 class=\"\" data-start=\"71\" data-end=\"129\">Meisterwerk aus Marmor Inlay Hintergrund Wanddekor<\/h2>\n<p>Dieses exquisite Wandpaneel mit Marmorintarsien eignet sich f\u00fcr die Innengestaltung gro\u00dfer Villen.<\/p>\n<p class=\"\" data-start=\"130\" data-end=\"433\">Inspiriert von der Erhabenheit der Chinesischen Mauer, zeigt diese Wanddekoration mit Marmorintarsien eine atemberaubende Verschmelzung von traditioneller chinesischer \u00c4sthetik und h\u00f6chster Handwerkskunst.<\/p>\n<p class=\"\" data-start=\"130\" data-end=\"433\">Dieses exquisite Wandpaneel mit Marmorintarsien wurde aus dem feinsten und seltensten Marmor gefertigt und ist eine Hommage an die zeitlose Sch\u00f6nheit der chinesischen Kultur.<\/p>\n<h2 class=\"\" data-start=\"435\" data-end=\"505\">Aufw\u00e4ndige Marmorintarsienarbeit mit unvergleichlicher Pr\u00e4zision<\/h2>\n<p class=\"\" data-start=\"506\" data-end=\"832\">Jedes Detail dieser Marmorintarsienarbeit spiegelt au\u00dfergew\u00f6hnliche Kunstfertigkeit wider, mit exquisiten Marmorintarsien, die so klein wie 1 mm sind und sorgf\u00e4ltig angeordnet wurden, um eine authentische und naturgetreue Darstellung der malerischen Landschaft der Gro\u00dfen Mauer zu schaffen.<\/p>\n<p class=\"\" data-start=\"506\" data-end=\"832\">Die nat\u00fcrlichen Steinfarben und die pr\u00e4zise Schichtung verleihen dieser atemberaubenden Komposition Tiefe und Realismus.<\/p>\n<h2 class=\"\" data-start=\"834\" data-end=\"898\">Luxuri\u00f6se Marmorintarsien-Steinwand f\u00fcr elegante Innenr\u00e4ume<\/h2>\n<p class=\"\" data-start=\"899\" data-end=\"1175\">Diese Steinwand mit Marmorintarsien wurde entwickelt, um hochwertige Innenr\u00e4ume aufzuwerten, und l\u00e4sst sich nahtlos in Luxuswohnungen, Hotels und Gesch\u00e4ftsr\u00e4ume integrieren.<\/p>\n<p class=\"\" data-start=\"899\" data-end=\"1175\">Seine raffinierte Eleganz und kulturelle Bedeutung machen es zu einer ausgezeichneten Wahl f\u00fcr alle, die Kunst und Geschichte zu sch\u00e4tzen wissen.<\/p>\n<h2 class=\"\" data-start=\"1177\" data-end=\"1246\">Zeitlose Marmorintarsien-Wandplatte mit exklusivem Intarsiendesign<\/h2>\n<p class=\"\" data-start=\"1247\" data-end=\"1502\">Dieses Wandpaneel mit Marmorintarsien ist nicht nur ein dekoratives Element - es ist ein k\u00fcnstlerisches Statement.<\/p>\n<p class=\"\" data-start=\"1247\" data-end=\"1502\">Die Kombination aus seltenen handgefertigten Intarsien und hochwertigem Marmor sorgt f\u00fcr Langlebigkeit und \u00e4sthetische Brillanz und macht ihn zu einem Blickfang in jedem Innenraum.<\/p>\n<p class=\"\" data-start=\"1504\" data-end=\"1674\">Verwandeln Sie Ihre Umgebung mit diesem au\u00dfergew\u00f6hnlichen Wanddekor mit Marmorintarsien, bei dem Tradition und Innovation in einem Meisterwerk der Steinintarsien-Kunst aufeinandertreffen.<\/p>","protected":false},"excerpt":{"rendered":"<p><strong>Artikel Nummer:\u00a0<\/strong>FL7J001<\/p>\n<p><strong>Material:<\/strong>\u00a0Marmor, Edelstein. (Marmor Inlay Wand Panel Material kann angepasst werden)<\/p>\n<p><strong>Gr\u00f6\u00dfe:<\/strong>\u00a0Ma\u00dfgeschneiderte Gr\u00f6\u00dfe f\u00fcr jedes Wanddekor aus Intarsienmarmor<\/p>\n<p><strong>Entwurf:<\/strong>\u00a0Standard- oder kundenspezifische Marmorintarsien-Designs<\/p>\n<p><strong>Anwendung:<\/strong>\u00a0Luxusvillen und -wohnungen, Hotels und Resorts, Gesch\u00e4ftsr\u00e4ume,<\/p>\n<p>Wohnzimmer, Besonderes Wandpaneel, Wanddekor, Intarsien-Wandkunst, Wandkunst aus Stein,<\/p>\n<p>\u00d6ffentliche R\u00e4ume, Eingang und Foyer, High-End-Clubs und Privatclubs,<\/p>\n<p>Ausstellungs- und Ausstellungsr\u00e4ume, Boutiquen, Museen, Kirchen, Moscheen, usw.<\/p>","protected":false},"featured_media":1799,"template":"","meta":{"_joinchat":[]},"product_brand":[],"product_cat":[22],"product_tag":[],"class_list":{"0":"post-1798","1":"product","2":"type-product","3":"status-publish","4":"has-post-thumbnail","6":"product_cat-marble-inlay-wall-decor","8":"first","9":"instock","10":"shipping-taxable","11":"product-type-simple"},"_links":{"self":[{"href":"https:\/\/www.smmarbleinlay.com\/de\/wp-json\/wp\/v2\/product\/1798","targetHints":{"allow":["GET"]}}],"collection":[{"href":"https:\/\/www.smmarbleinlay.com\/de\/wp-json\/wp\/v2\/product"}],"about":[{"href":"https:\/\/www.smmarbleinlay.com\/de\/wp-json\/wp\/v2\/types\/product"}],"wp:featuredmedia":[{"embeddable":true,"href":"https:\/\/www.smmarbleinlay.com\/de\/wp-json\/wp\/v2\/media\/1799"}],"wp:attachment":[{"href":"https:\/\/www.smmarbleinlay.com\/de\/wp-json\/wp\/v2\/media?parent=1798"}],"wp:term":[{"taxonomy":"product_brand","embeddable":true,"href":"https:\/\/www.smmarbleinlay.com\/de\/wp-json\/wp\/v2\/product_brand?post=1798"},{"taxonomy":"product_cat","embeddable":true,"href":"https:\/\/www.smmarbleinlay.com\/de\/wp-json\/wp\/v2\/product_cat?post=1798"},{"taxonomy":"product_tag","embeddable":true,"href":"https:\/\/www.smmarbleinlay.com\/de\/wp-json\/wp\/v2\/product_tag?post=1798"}],"curies":[{"name":"wp","href":"https:\/\/api.w.org\/{rel}","templated":true}]}}