{"id":1801,"date":"2025-04-03T11:19:18","date_gmt":"2025-04-03T03:19:18","guid":{"rendered":"https:\/\/www.smmarbleinlay.com\/?post_type=product&#038;p=1801"},"modified":"2025-04-10T09:38:52","modified_gmt":"2025-04-10T01:38:52","slug":"luxury-swarovski-marble-inlay-background-wall-decor-with-crystals","status":"publish","type":"product","link":"https:\/\/www.smmarbleinlay.com\/de\/produkt\/luxury-swarovski-marble-inlay-background-wall-decor-with-crystals\/","title":{"rendered":"Luxus Swarovski Marmor Inlay Hintergrund Wanddekor mit Kristallen"},"content":{"rendered":"<h2>Luxus Swarovski Marmor Inlay Hintergrund Wanddekoration mit Swarovski-Kristallen<\/h2>\n<p>Diese luxuri\u00f6se Wanddekoration mit Swarovski-Kristallen als Marmorintarsie eignet sich f\u00fcr gro\u00dfe Inneneinrichtungen.<\/p>\n<p>Dieses mit Pr\u00e4zision und Eleganz gefertigte Wanddekor mit Marmorintarsien erweckt die Natur mit einer exquisiten Komposition aus Blumen, V\u00f6geln und Schmetterlingen zum Leben.<\/p>\n<p>Das Wanddekor mit Marmorintarsien ist eine Kombination aus hochwertigem Naturmarmor und schimmernden Swarovski-Kristallen, die einen faszinierenden visuellen Effekt erzeugt und sich perfekt f\u00fcr anspruchsvolle Innenr\u00e4ume eignet.<\/p>\n<h2>Raffinierte Marmor-Intarsienarbeit mit k\u00fcnstlerischem Inlay-Design<\/h2>\n<p>Die Wanddekoration mit Marmorintarsien ist im Stil einer komplizierten Marmorintarsienarbeit gestaltet. Jedes eingelegte Marmordetail ist handgefertigt, um die nat\u00fcrliche Sch\u00f6nheit der Marmoradern hervorzuheben, w\u00e4hrend die Swarovski-Kristalle einen strahlenden Glanz verleihen.<\/p>\n<p>Die zarten Marmorintarsien im Hintergrund der Wanddekoration gehen nahtlos in verschiedene Texturen und Farben \u00fcber und bieten ein atemberaubendes Meisterwerk, das Luxus ausstrahlt.<\/p>\n<h2>Exquisite Marmor-Intarsien-Steinwand f\u00fcr High-End-Interieurs<\/h2>\n<p>Diese luxuri\u00f6se Marmorintarsien-Steinwand ist die ideale Wahl f\u00fcr luxuri\u00f6se Umgebungen, einschlie\u00dflich hochwertiger Wohnh\u00e4user, F\u00fcnf-Sterne-Hotels, gehobener Boutiquen und gro\u00dfer Lobbys.<\/p>\n<p>Ihre k\u00fcnstlerische Eleganz und die funkelnden Akzente machen sie zu einem Blickfang, der das Ambiente eines jeden Raumes aufwertet.<\/p>\n<h2>Zeitloses Wandpaneel mit Marmorintarsien und einzigartiger Handwerkskunst<\/h2>\n<p>Das Wandpaneel mit Marmorintarsien ist eine Verschmelzung von von der Natur inspirierter Sch\u00f6nheit und raffinierter Handwerkskunst.<\/p>\n<p>Jedes Element wurde sorgf\u00e4ltig arrangiert, um eine harmonische Komposition zu schaffen, die sowohl k\u00fcnstlerische Exzellenz als auch opulentes Design widerspiegelt.<\/p>\n<p>Versch\u00f6nern Sie Ihr Interieur mit dieser Wanddekoration mit Marmorintarsien, bei der der zeitlose Charme von Marmor auf die schillernde Brillanz von Swarovski-Kristallen in einem atemberaubenden Meisterwerk mit Blumen- und Schmetterlingsmotiven trifft.<\/p>","protected":false},"excerpt":{"rendered":"<p><strong>Artikel Nummer: <\/strong>WA6I007<\/p>\n<p><strong>Material:<\/strong>\u00a0Marmor, Edelstein. (Marmor Inlay Wand Panel Material kann angepasst werden)<\/p>\n<p><strong>Gr\u00f6\u00dfe:<\/strong>\u00a0Ma\u00dfgeschneiderte Gr\u00f6\u00dfe f\u00fcr jedes Wanddekor aus Intarsienmarmor<\/p>\n<p><strong>Entwurf:<\/strong>\u00a0Standard- oder kundenspezifische Marmorintarsien-Designs<\/p>\n<p><strong>Anwendung:<\/strong>\u00a0Luxusvillen und -wohnungen, Hotels und Resorts, Gesch\u00e4ftsr\u00e4ume,<\/p>\n<p>Wohnzimmer, Besonderes Wandpaneel, Wanddekor, Intarsien-Wandkunst, Wandkunst aus Stein,<\/p>\n<p>\u00d6ffentliche R\u00e4ume, Eingang und Foyer, High-End-Clubs und Privatclubs,<\/p>\n<p>Ausstellungs- und Ausstellungsr\u00e4ume, Boutiquen, Museen, Kirchen, Moscheen, usw.<\/p>","protected":false},"featured_media":1802,"template":"","meta":{"_joinchat":[]},"product_brand":[],"product_cat":[22],"product_tag":[],"class_list":{"0":"post-1801","1":"product","2":"type-product","3":"status-publish","4":"has-post-thumbnail","6":"product_cat-marble-inlay-wall-decor","8":"first","9":"instock","10":"shipping-taxable","11":"product-type-simple"},"_links":{"self":[{"href":"https:\/\/www.smmarbleinlay.com\/de\/wp-json\/wp\/v2\/product\/1801","targetHints":{"allow":["GET"]}}],"collection":[{"href":"https:\/\/www.smmarbleinlay.com\/de\/wp-json\/wp\/v2\/product"}],"about":[{"href":"https:\/\/www.smmarbleinlay.com\/de\/wp-json\/wp\/v2\/types\/product"}],"wp:featuredmedia":[{"embeddable":true,"href":"https:\/\/www.smmarbleinlay.com\/de\/wp-json\/wp\/v2\/media\/1802"}],"wp:attachment":[{"href":"https:\/\/www.smmarbleinlay.com\/de\/wp-json\/wp\/v2\/media?parent=1801"}],"wp:term":[{"taxonomy":"product_brand","embeddable":true,"href":"https:\/\/www.smmarbleinlay.com\/de\/wp-json\/wp\/v2\/product_brand?post=1801"},{"taxonomy":"product_cat","embeddable":true,"href":"https:\/\/www.smmarbleinlay.com\/de\/wp-json\/wp\/v2\/product_cat?post=1801"},{"taxonomy":"product_tag","embeddable":true,"href":"https:\/\/www.smmarbleinlay.com\/de\/wp-json\/wp\/v2\/product_tag?post=1801"}],"curies":[{"name":"wp","href":"https:\/\/api.w.org\/{rel}","templated":true}]}}