{"id":1830,"date":"2025-04-05T10:58:05","date_gmt":"2025-04-05T02:58:05","guid":{"rendered":"https:\/\/www.smmarbleinlay.com\/?post_type=product&#038;p=1830"},"modified":"2025-04-08T20:32:56","modified_gmt":"2025-04-08T12:32:56","slug":"marble-inlay-background-wall-decor-2","status":"publish","type":"product","link":"https:\/\/www.smmarbleinlay.com\/de\/produkt\/marble-inlay-background-wall-decor-2\/","title":{"rendered":"Marmorintarsien Hintergrund Wanddekor Luxuri\u00f6se Innenr\u00e4ume"},"content":{"rendered":"<h2>Meisterwerk der Marmorintarsie Wanddekoration f\u00fcr luxuri\u00f6se Innenr\u00e4ume<\/h2>\n<p>Diese Wanddekoration mit Marmorintarsien ist eine atemberaubende Verschmelzung von Kunstfertigkeit und Handwerkskunst, die in sorgf\u00e4ltiger Handarbeit aus hochwertigem Naturstein hergestellt wird.<\/p>\n<p>Das komplizierte Wanddesign mit Intarsien aus Marmor zeigt einen majest\u00e4tischen Geparden, der nahtlos nat\u00fcrliche Marmormuster mit feinen Details verbindet und so die wilde Sch\u00f6nheit zum Leben erweckt.<\/p>\n<p>Die reichhaltigen Texturen und die dynamische Komposition machen dieses Wandpaneel mit Marmorintarsien zu einem auff\u00e4lligen Blickfang in hochwertigen Innenr\u00e4umen.<\/p>\n<h2>Hochwertige Materialien von Marmor Inlay Hintergrund Wanddekor f\u00fcr einen luxuri\u00f6sen Appeal<\/h2>\n<p>Dieses aus hochwertigem Marmor, Halbedelsteinen und nat\u00fcrlichen Mineralien gefertigte Wandintarsien-Design garantiert Langlebigkeit und ein exquisites Finish.<\/p>\n<p>Die nat\u00fcrlichen Adern und Farben des Marmors verst\u00e4rken die Tiefe und den Realismus des Gepardenk\u00f6rpers, w\u00e4hrend sorgf\u00e4ltig ausgew\u00e4hlte Materialien wie Lapislazuli, Jade und Onyx einen lebhaften Kontrast bilden.<\/p>\n<h2>Vielseitiger Einsatz f\u00fcr High-End-R\u00e4ume<\/h2>\n<p>Dieses Wandpaneel mit Marmorintarsien eignet sich perfekt f\u00fcr gehobene Wohn- und Gesch\u00e4ftsr\u00e4ume, einschlie\u00dflich:<\/p>\n<ul>\n<li>Luxus-Wohnzimmer - Ein Kunstwerk, das die elegante Einrichtung erg\u00e4nzt.<\/li>\n<li>Hotellobbys - Die Pracht prestigetr\u00e4chtiger Gastr\u00e4ume wird aufgewertet.<\/li>\n<li>B\u00fcroempf\u00e4nge - Ein k\u00fcnstlerisch anspruchsvolles Ambiente f\u00fcr Unternehmen.<\/li>\n<li>Boutiquen und Galerien - Erh\u00f6hen Sie das Ambiente mit exquisiter Handwerkskunst.<\/li>\n<\/ul>\n<h2>Zeitlose Eleganz im Marmorintarsien-Stil<\/h2>\n<p>Die Verschmelzung des traditionellen Stils der Marmorintarsienarbeit mit zeitgen\u00f6ssischer \u00c4sthetik sorgt daf\u00fcr, dass diese Marmorintarsienr\u00fcckwand ein zeitloses Luxusmerkmal bleibt.<\/p>\n<p>Jedes handgefertigte St\u00fcck zeichnet sich durch die Liebe zum Detail aus und bildet einen einzigartigen und atemberaubenden Blickpunkt, der jeden Raum aufwertet.<\/p>\n<p>Erh\u00f6hen Sie Ihr Interieur mit dieser Steinwand mit Marmorintarsien, ein wahres Zeugnis f\u00fcr Eleganz und Handwerkskunst.<\/p>","protected":false},"excerpt":{"rendered":"<p><strong>Wanddekoration aus Intarsienmarmor mit Leopardenmotiv<\/strong><\/p>\n<p><strong>Artikel Nummer: <\/strong>WA6I008<\/p>\n<p><strong>Material:<\/strong>\u00a0Marmor, Edelstein. (Marmor Inlay Wand Panel Material kann angepasst werden)<\/p>\n<p><strong>Gr\u00f6\u00dfe:<\/strong>\u00a0Ma\u00dfgeschneiderte Gr\u00f6\u00dfe f\u00fcr jedes Wanddekor aus Intarsienmarmor<\/p>\n<p><strong>Entwurf:<\/strong>\u00a0Standard- oder kundenspezifische Marmorintarsien-Designs<\/p>\n<p><strong>Anwendung:<\/strong>\u00a0Luxusvillen und -wohnungen, Hotels und Resorts, Gesch\u00e4ftsr\u00e4ume,<\/p>\n<p>Wohnzimmer, Besonderes Wandpaneel, Wanddekor, Intarsien-Wandkunst, Wandkunst aus Stein,<\/p>\n<p>\u00d6ffentliche R\u00e4ume, Eingang und Foyer, High-End-Clubs und Privatclubs,<\/p>\n<p>Ausstellungs- und Ausstellungsr\u00e4ume, Boutiquen, Museen, Kirchen, Moscheen, usw.<\/p>","protected":false},"featured_media":1831,"template":"","meta":{"_joinchat":[]},"product_brand":[],"product_cat":[22],"product_tag":[],"class_list":{"0":"post-1830","1":"product","2":"type-product","3":"status-publish","4":"has-post-thumbnail","6":"product_cat-marble-inlay-wall-decor","8":"first","9":"instock","10":"shipping-taxable","11":"product-type-simple"},"_links":{"self":[{"href":"https:\/\/www.smmarbleinlay.com\/de\/wp-json\/wp\/v2\/product\/1830","targetHints":{"allow":["GET"]}}],"collection":[{"href":"https:\/\/www.smmarbleinlay.com\/de\/wp-json\/wp\/v2\/product"}],"about":[{"href":"https:\/\/www.smmarbleinlay.com\/de\/wp-json\/wp\/v2\/types\/product"}],"wp:featuredmedia":[{"embeddable":true,"href":"https:\/\/www.smmarbleinlay.com\/de\/wp-json\/wp\/v2\/media\/1831"}],"wp:attachment":[{"href":"https:\/\/www.smmarbleinlay.com\/de\/wp-json\/wp\/v2\/media?parent=1830"}],"wp:term":[{"taxonomy":"product_brand","embeddable":true,"href":"https:\/\/www.smmarbleinlay.com\/de\/wp-json\/wp\/v2\/product_brand?post=1830"},{"taxonomy":"product_cat","embeddable":true,"href":"https:\/\/www.smmarbleinlay.com\/de\/wp-json\/wp\/v2\/product_cat?post=1830"},{"taxonomy":"product_tag","embeddable":true,"href":"https:\/\/www.smmarbleinlay.com\/de\/wp-json\/wp\/v2\/product_tag?post=1830"}],"curies":[{"name":"wp","href":"https:\/\/api.w.org\/{rel}","templated":true}]}}