{"id":1833,"date":"2025-04-05T11:03:12","date_gmt":"2025-04-05T03:03:12","guid":{"rendered":"https:\/\/www.smmarbleinlay.com\/?post_type=product&#038;p=1833"},"modified":"2025-04-08T20:30:42","modified_gmt":"2025-04-08T12:30:42","slug":"marble-inlay-wall-decor-panel-sucess-motif","status":"publish","type":"product","link":"https:\/\/www.smmarbleinlay.com\/de\/produkt\/marble-inlay-wall-decor-panel-sucess-motif\/","title":{"rendered":"Marmor Inlay Wanddekorplatte Sucess Motiv"},"content":{"rendered":"<h2 class=\"\" data-start=\"63\" data-end=\"126\">Prachtvolle Marmorintarsien-Wandplatte mit Pegasus-Motiv<\/h2>\n<p class=\"\" data-start=\"128\" data-end=\"519\">Diese Wanddekorplatte mit Marmorintarsien ist ein atemberaubendes Kunstwerk, das Erfolg und Wohlstand symbolisiert.<\/p>\n<p class=\"\" data-start=\"128\" data-end=\"519\">Das Design der Wandtafel mit Marmorintarsien zeigt zwei majest\u00e4tische Pegasus-Figuren, die f\u00fcr St\u00e4rke, Ehrgeiz und das Streben nach Spitzenleistungen stehen.<\/p>\n<p class=\"\" data-start=\"128\" data-end=\"519\">Diese handgefertigte Wanddekoration aus Marmor mit Intarsienarbeit verbindet komplizierte Details mit hochwertigen Materialien und ist ein Ausdruck von Raffinesse und Erhabenheit.<\/p>\n<h2 class=\"\" data-start=\"521\" data-end=\"572\">Hochwertiger Marmor und exquisite Handwerkskunst<\/h2>\n<p class=\"\" data-start=\"574\" data-end=\"940\">Dieses aus feinstem Naturmarmor, Halbedelsteinen und exotischen Materialien gefertigte Wandpaneel mit Marmorintarsien ist ein Meisterwerk der Kunst.<\/p>\n<p class=\"\" data-start=\"574\" data-end=\"940\">Die detaillierten Pegasus-Figuren und das ornamentale Schn\u00f6rkelwerk werden durch nat\u00fcrliche Steinmaserungen und leuchtende Einlegearbeiten zum Leben erweckt.<\/p>\n<p class=\"\" data-start=\"574\" data-end=\"940\">Jede Kurve und Linie spiegelt handwerkliche Pr\u00e4zision wider und unterstreicht das Gef\u00fchl von Luxus.<\/p>\n<h2 class=\"\" data-start=\"942\" data-end=\"998\">Vielseitige Anwendung f\u00fcr repr\u00e4sentative Innenr\u00e4ume<\/h2>\n<p class=\"\" data-start=\"1000\" data-end=\"1096\">Diese Steinwand mit Marmorintarsien ist eine ideale Erg\u00e4nzung f\u00fcr luxuri\u00f6se Innenr\u00e4ume, einschlie\u00dflich:<\/p>\n<ul data-start=\"1097\" data-end=\"1418\">\n<li class=\"\" data-start=\"1097\" data-end=\"1174\">\n<p class=\"\" data-start=\"1099\" data-end=\"1174\">Gro\u00dfe Foyers und Eing\u00e4nge - Schaffen Sie eine k\u00f6nigliche und einladende Atmosph\u00e4re.<\/p>\n<\/li>\n<li class=\"\" data-start=\"1175\" data-end=\"1253\">\n<p class=\"\" data-start=\"1177\" data-end=\"1253\">Luxuri\u00f6se Wohnr\u00e4ume - Ein fesselndes Herzst\u00fcck, das den Erfolg verk\u00f6rpert.<\/p>\n<\/li>\n<li class=\"\" data-start=\"1254\" data-end=\"1330\">\n<p class=\"\" data-start=\"1256\" data-end=\"1330\">Corporate Offices &amp; Boardrooms - Inspiration f\u00fcr Ehrgeiz und Leistung.<\/p>\n<\/li>\n<li class=\"\" data-start=\"1331\" data-end=\"1418\">\n<p class=\"\" data-start=\"1333\" data-end=\"1418\">Hotellobbys und Empfangsbereiche - Steigerung des Prestiges von Gastgewerbebereichen.<\/p>\n<\/li>\n<\/ul>\n<h2 class=\"\" data-start=\"1420\" data-end=\"1471\">Zeitlose Eleganz mit Marmor-Intarsien-Design<\/h2>\n<p class=\"\" data-start=\"1473\" data-end=\"1785\">Diese Hintergrundwand mit Marmorintarsien, die sowohl die klassische als auch die moderne \u00c4sthetik erg\u00e4nzt, ist ein wahres Zeugnis k\u00fcnstlerischer Meisterschaft.<\/p>\n<p class=\"\" data-start=\"1473\" data-end=\"1785\">Die nahtlose Kombination aus Marmorintarsien-Design und opulenten Details sorgt daf\u00fcr, dass dieses Wandpaneel mit Marmorintarsien ein zeitloses Symbol f\u00fcr Eleganz und Erfolg bleibt.<\/p>\n<p class=\"\" data-start=\"1787\" data-end=\"1875\">Versch\u00f6nern Sie Ihren Raum mit diesem Wanddekor aus Stein, wo Luxus auf Inspiration trifft.<\/p>","protected":false},"excerpt":{"rendered":"<p>Wandtafel aus Intarsienmarmor mit Erfolgssymbol<\/p>\n<p><strong>Artikel Nummer: <\/strong>WA6I009<\/p>\n<p><strong>Material:<\/strong>\u00a0Marmor, Edelstein. (Marmor Inlay Wand Panel Material kann angepasst werden)<\/p>\n<p><strong>Gr\u00f6\u00dfe:<\/strong>\u00a0Ma\u00dfgeschneiderte Gr\u00f6\u00dfe f\u00fcr jedes Wanddekor aus Intarsienmarmor<\/p>\n<p><strong>Entwurf:<\/strong>\u00a0Standard- oder kundenspezifische Marmorintarsien-Designs<\/p>\n<p><strong>Anwendung:<\/strong>\u00a0Luxusvillen und -wohnungen, Hotels und Resorts, Gesch\u00e4ftsr\u00e4ume,<\/p>\n<p>Wohnzimmer, Besonderes Wandpaneel, Wanddekor, Intarsien-Wandkunst, Wandkunst aus Stein,<\/p>\n<p>\u00d6ffentliche R\u00e4ume, Eingang und Foyer, High-End-Clubs und Privatclubs,<\/p>\n<p>Ausstellungs- und Ausstellungsr\u00e4ume, Boutiquen, Museen, Kirchen, Moscheen, usw.<\/p>","protected":false},"featured_media":1834,"template":"","meta":{"_joinchat":[]},"product_brand":[],"product_cat":[22],"product_tag":[],"class_list":{"0":"post-1833","1":"product","2":"type-product","3":"status-publish","4":"has-post-thumbnail","6":"product_cat-marble-inlay-wall-decor","8":"first","9":"instock","10":"shipping-taxable","11":"product-type-simple"},"_links":{"self":[{"href":"https:\/\/www.smmarbleinlay.com\/de\/wp-json\/wp\/v2\/product\/1833","targetHints":{"allow":["GET"]}}],"collection":[{"href":"https:\/\/www.smmarbleinlay.com\/de\/wp-json\/wp\/v2\/product"}],"about":[{"href":"https:\/\/www.smmarbleinlay.com\/de\/wp-json\/wp\/v2\/types\/product"}],"wp:featuredmedia":[{"embeddable":true,"href":"https:\/\/www.smmarbleinlay.com\/de\/wp-json\/wp\/v2\/media\/1834"}],"wp:attachment":[{"href":"https:\/\/www.smmarbleinlay.com\/de\/wp-json\/wp\/v2\/media?parent=1833"}],"wp:term":[{"taxonomy":"product_brand","embeddable":true,"href":"https:\/\/www.smmarbleinlay.com\/de\/wp-json\/wp\/v2\/product_brand?post=1833"},{"taxonomy":"product_cat","embeddable":true,"href":"https:\/\/www.smmarbleinlay.com\/de\/wp-json\/wp\/v2\/product_cat?post=1833"},{"taxonomy":"product_tag","embeddable":true,"href":"https:\/\/www.smmarbleinlay.com\/de\/wp-json\/wp\/v2\/product_tag?post=1833"}],"curies":[{"name":"wp","href":"https:\/\/api.w.org\/{rel}","templated":true}]}}