{"id":1836,"date":"2025-04-05T11:25:13","date_gmt":"2025-04-05T03:25:13","guid":{"rendered":"https:\/\/www.smmarbleinlay.com\/?post_type=product&#038;p=1836"},"modified":"2025-06-10T08:23:41","modified_gmt":"2025-06-10T00:23:41","slug":"artistic-marble-inlay-background-wall-decor","status":"publish","type":"product","link":"https:\/\/www.smmarbleinlay.com\/de\/produkt\/artistic-marble-inlay-background-wall-decor\/","title":{"rendered":"Kunstvolle Marmorintarsien Hintergrund Wanddekoration Floral"},"content":{"rendered":"<h2><\/h2>\n<h2 class=\"\" data-start=\"631\" data-end=\"716\"><strong>K\u00fcnstlerische Marmorintarsien inspiriert von \u00d6lgem\u00e4lden - ein einzigartiges Konzept f\u00fcr Fliesenmedaillons<\/strong><\/h2>\n<p class=\"\" data-start=\"718\" data-end=\"1061\">Das Wanddekor mit Marmorintarsien ist von traditionellen \u00d6lgem\u00e4lden inspiriert, die durch die zeitlose Pietra dure-Technik neu interpretiert werden.<\/p>\n<p class=\"\" data-start=\"718\" data-end=\"1061\">Jedes Bl\u00fctenblatt, jedes Blatt und jedes florale Element ist sorgf\u00e4ltig eingelegt und spiegelt die Pinselstriche einer klassischen Leinwand wider, was der Komposition eine malerische Weichheit verleiht, die in Stein nur selten erreicht wird.<\/p>\n<p class=\"\" data-start=\"1063\" data-end=\"1304\">Diese Wanddekoration mit Marmorintarsien ist eine innovative Mischung aus Kunst und Fliesenmedaillons, die die Wand in ein dynamisches, lebendiges St\u00fcck Architektur verwandelt - perfekt f\u00fcr alle, die die k\u00fcnstlerische Tiefe sowohl alter Techniken als auch zeitgen\u00f6ssischer \u00c4sthetik sch\u00e4tzen.<\/p>\n<p><iframe loading=\"lazy\" title=\"Custom marble inlay wall decor\u2014timeless luxury.\" width=\"1290\" height=\"726\" src=\"https:\/\/www.youtube.com\/embed\/yV9GVfCRWKw?feature=oembed\" frameborder=\"0\" allow=\"accelerometer; autoplay; clipboard-write; encrypted-media; gyroscope; picture-in-picture; web-share\" referrerpolicy=\"strict-origin-when-cross-origin\" allowfullscreen><\/iframe><\/p>\n<h2 class=\"\" data-start=\"1306\" data-end=\"1394\"><strong>Hochwertige Materialien und Pietra Dure Handwerkskunst - Marmordesign wird zur Kunst<\/strong><\/h2>\n<p class=\"\" data-start=\"1396\" data-end=\"1701\">Dieses aus hochwertigem Marmor, Halbedelsteinen und exotischen Mineralien gefertigte Paneel demonstriert die besten Traditionen der Pietra dure.<\/p>\n<p class=\"\" data-start=\"1396\" data-end=\"1701\">Die aufw\u00e4ndige Technik der Marmorintarsien im Hintergrund dieses Wandbildes hebt jedes Detail hervor, von den Adern in jedem Bl\u00fctenblatt bis hin zu den subtilen Farbverl\u00e4ufen der Blumenbl\u00fcten.<\/p>\n<p class=\"\" data-start=\"1703\" data-end=\"2110\">Im Gegensatz zu bedruckten oder bemalten Paneelen wird bei diesem Marmordesign echtes Naturmaterial verwendet, das eine un\u00fcbertroffene Textur, Haltbarkeit und Tiefe bietet.<\/p>\n<p class=\"\" data-start=\"1703\" data-end=\"2110\">Die nat\u00fcrliche Maserung des Steins verleiht ihm einen organischen Realismus, w\u00e4hrend der Kontrast der T\u00f6ne und Farben eine k\u00fchne, k\u00fcnstlerische Aussage liefert.<\/p>\n<p class=\"\" data-start=\"1703\" data-end=\"2110\">Jedes St\u00fcck wird mit der Pr\u00e4zision eines Juweliers von Hand zusammengesetzt, um sicherzustellen, dass die Komposition perfekt aufeinander abgestimmt und elegant vollendet ist.<\/p>\n<h2 class=\"\" data-start=\"2112\" data-end=\"2198\"><strong>Elegante Anwendung im luxuri\u00f6sen Interieur - ein Boden-Design-Statement in vertikaler Form<\/strong><\/h2>\n<p class=\"\" data-start=\"2200\" data-end=\"2484\">Obwohl dieses Wandpaneel f\u00fcr eine vertikale Installation konzipiert ist, funktioniert es wie ein vertikales Bodendesign - es schafft eine reichhaltige visuelle Erz\u00e4hlung auf einer flachen Oberfl\u00e4che.<\/p>\n<p class=\"\" data-start=\"2200\" data-end=\"2484\">Sein visuelles Gewicht und seine Symmetrie erinnern an Fliesenmedaillons und verleihen ihm die Kraft, die Atmosph\u00e4re eines jeden Raumes zu ver\u00e4ndern.<\/p>\n<p class=\"\" data-start=\"2486\" data-end=\"2563\">Dieses Wandpaneel mit Marmorintarsien ist ideal f\u00fcr luxuri\u00f6se Anwendungen, einschlie\u00dflich:<\/p>\n<ul data-start=\"2565\" data-end=\"2926\">\n<li class=\"\" data-start=\"2565\" data-end=\"2658\">\n<p class=\"\" data-start=\"2567\" data-end=\"2658\">Luxuri\u00f6se Wohnr\u00e4ume - Ein k\u00fcnstlerischer Mittelpunkt mit zeitloser Raffinesse.<\/p>\n<\/li>\n<li class=\"\" data-start=\"2659\" data-end=\"2745\">\n<p class=\"\" data-start=\"2661\" data-end=\"2745\">Grand-Hotel-Lobbys - Sie vermitteln ein Gef\u00fchl von raffiniertem Luxus und heiterer Sch\u00f6nheit.<\/p>\n<\/li>\n<li class=\"\" data-start=\"2746\" data-end=\"2842\">\n<p class=\"\" data-start=\"2748\" data-end=\"2842\">Exklusive Residenzen und Villen - Aufwertung der Innenarchitektur durch ma\u00dfgeschneiderte Eleganz.<\/p>\n<\/li>\n<li class=\"\" data-start=\"2843\" data-end=\"2926\">\n<p class=\"\" data-start=\"2845\" data-end=\"2926\">Boutiquen und Kunstgalerien - Verschmelzung von Kunst und luxuri\u00f6sem Ambiente.<\/p>\n<\/li>\n<\/ul>\n<h2 class=\"\" data-start=\"2928\" data-end=\"3030\">Eine zeitlose Pietra Dure-Marmorintarsienwand - eine neue Vision f\u00fcr Fliesenmedaillons und Marmorbodengestaltung<\/h2>\n<p class=\"\" data-start=\"3032\" data-end=\"3320\">Mit seiner Verschmelzung von Pietra dure-Kunst und elegantem Marmordesign ist dieses Paneel mehr als nur ein Dekor - es ist ein Zeugnis f\u00fcr zeitlosen Luxus.<\/p>\n<p class=\"\" data-start=\"3032\" data-end=\"3320\">Die von der \u00d6lmalerei inspirierte Marmorintarsie verwandelt den Naturstein in ein ausdrucksstarkes Medium und schl\u00e4gt eine Br\u00fccke zwischen Kunst und Architektur.<\/p>\n<p class=\"\" data-start=\"3322\" data-end=\"3686\">Ob als pr\u00e4chtiges Mittelst\u00fcck in einem formellen Salon oder als dramatischer Hintergrund in einer Boutique, dieses von Fliesenmedaillons inspirierte Wandpaneel zieht die Aufmerksamkeit auf sich und harmoniert mit luxuri\u00f6sen M\u00f6beln und architektonischen Elementen.<\/p>\n<p class=\"\" data-start=\"3322\" data-end=\"3686\">Seine F\u00e4higkeit, den Charakter eines Raumes zu erh\u00f6hen, spiegelt die Wirkung eines gro\u00dfen Marmormedaillons wider, nur in vertikaler Form.<\/p>\n<p data-start=\"3322\" data-end=\"3686\">Bringen Sie Leben, Kunstfertigkeit und zeitlose Eleganz in Ihren Raum mit diesem Wandpaneel mit Pietra dure-Marmorintarsien, wo Naturstein auf die Seele der Malerei trifft.<\/p>\n<p data-start=\"3322\" data-end=\"3686\">Lassen Sie Ihre Inneneinrichtung eine Geschichte von Handwerkskunst, Luxus und dauerhafter Sch\u00f6nheit erz\u00e4hlen.<\/p>","protected":false},"excerpt":{"rendered":"<p><strong>Exquisite Marmorintarsien Wandtafel Florales Design<\/strong><\/p>\n<p><strong>Artikel Nummer: <\/strong>WA6I010<\/p>\n<p><strong>Material:<\/strong>\u00a0Marmor, Edelstein. (Marmor Inlay Wand Panel Material kann angepasst werden)<\/p>\n<p><strong>Gr\u00f6\u00dfe:<\/strong>\u00a0Ma\u00dfgeschneiderte Gr\u00f6\u00dfe f\u00fcr jedes Wanddekor aus Intarsienmarmor<\/p>\n<p><strong>Entwurf:<\/strong>\u00a0Standard- oder kundenspezifische Marmorintarsien-Designs<\/p>\n<p><strong>Anwendung:<\/strong>\u00a0Luxusvillen und -wohnungen, Hotels und Resorts, Gesch\u00e4ftsr\u00e4ume,<\/p>\n<p>Wohnzimmer, Besonderes Wandpaneel, Wanddekor, Intarsien-Wandkunst, Wandkunst aus Stein,<\/p>\n<p>\u00d6ffentliche R\u00e4ume, Eingang und Foyer, High-End-Clubs und Privatclubs,<\/p>\n<p>Ausstellungs- und Ausstellungsr\u00e4ume, Boutiquen, Museen, Kirchen, Moscheen, usw.<\/p>","protected":false},"featured_media":1837,"template":"","meta":{"_joinchat":[]},"product_brand":[],"product_cat":[22],"product_tag":[],"class_list":{"0":"post-1836","1":"product","2":"type-product","3":"status-publish","4":"has-post-thumbnail","6":"product_cat-marble-inlay-wall-decor","8":"first","9":"instock","10":"shipping-taxable","11":"product-type-simple"},"_links":{"self":[{"href":"https:\/\/www.smmarbleinlay.com\/de\/wp-json\/wp\/v2\/product\/1836","targetHints":{"allow":["GET"]}}],"collection":[{"href":"https:\/\/www.smmarbleinlay.com\/de\/wp-json\/wp\/v2\/product"}],"about":[{"href":"https:\/\/www.smmarbleinlay.com\/de\/wp-json\/wp\/v2\/types\/product"}],"wp:featuredmedia":[{"embeddable":true,"href":"https:\/\/www.smmarbleinlay.com\/de\/wp-json\/wp\/v2\/media\/1837"}],"wp:attachment":[{"href":"https:\/\/www.smmarbleinlay.com\/de\/wp-json\/wp\/v2\/media?parent=1836"}],"wp:term":[{"taxonomy":"product_brand","embeddable":true,"href":"https:\/\/www.smmarbleinlay.com\/de\/wp-json\/wp\/v2\/product_brand?post=1836"},{"taxonomy":"product_cat","embeddable":true,"href":"https:\/\/www.smmarbleinlay.com\/de\/wp-json\/wp\/v2\/product_cat?post=1836"},{"taxonomy":"product_tag","embeddable":true,"href":"https:\/\/www.smmarbleinlay.com\/de\/wp-json\/wp\/v2\/product_tag?post=1836"}],"curies":[{"name":"wp","href":"https:\/\/api.w.org\/{rel}","templated":true}]}}