{"id":1840,"date":"2025-04-05T11:40:06","date_gmt":"2025-04-05T03:40:06","guid":{"rendered":"https:\/\/www.smmarbleinlay.com\/?post_type=product&#038;p=1840"},"modified":"2025-06-10T08:24:26","modified_gmt":"2025-06-10T00:24:26","slug":"marble-inlay-wall-panel-tropical","status":"publish","type":"product","link":"https:\/\/www.smmarbleinlay.com\/de\/produkt\/marble-inlay-wall-panel-tropical\/","title":{"rendered":"Marmor-Intarsien-Wandpaneel Tropisches Dschungel-Design"},"content":{"rendered":"<h2>Atemberaubende Marmorintarsien-Wandplatte f\u00fcr Luxusvilla<\/h2>\n<p>Dieses atemberaubende Wandpaneel mit Marmorintarsien zeigt ein tropisches Dschungelthema, das kunstvoll gefertigt wurde, um die Sch\u00f6nheit der Natur in Ihren Raum zu bringen.<\/p>\n<p>Das Design ist im Stil einer Marmorintarsie ausgef\u00fchrt und nutzt die einzigartige Maserung und Struktur des nat\u00fcrlichen Marmors, um eine realistische und lebendige Szene zu schaffen.<\/p>\n<p>Die nahtlose Intarsie f\u00e4ngt die Essenz einer Dschungellandschaft ein, wobei die nat\u00fcrlichen Eigenschaften jedes Steins zur Gesamttiefe und Dreidimensionalit\u00e4t des St\u00fccks beitragen.<\/p>\n<p>Diese Methode erm\u00f6glicht es, komplizierte Details zu zeigen und gleichzeitig das organische Aussehen der verwendeten Steine beizubehalten.<\/p>\n<p><iframe loading=\"lazy\" title=\"Benutzerdefinierte Marmorintarsien Wanddekor #1 Wahl f\u00fcr Luxus-Villa\" width=\"1290\" height=\"726\" src=\"https:\/\/www.youtube.com\/embed\/ytyy7bh64fM?feature=oembed\" frameborder=\"0\" allow=\"accelerometer; autoplay; clipboard-write; encrypted-media; gyroscope; picture-in-picture; web-share\" referrerpolicy=\"strict-origin-when-cross-origin\" allowfullscreen><\/iframe><\/p>\n<h2>Handwerkskunst - Handarbeit mit Pr\u00e4zision<\/h2>\n<p>Bei der Herstellung dieser Marmorintarsien-Steinwand werden 28 verschiedene Arten von Naturmarmor in sorgf\u00e4ltiger Handarbeit zusammengef\u00fcgt, wobei jedes St\u00fcck sorgf\u00e4ltig nach Farbe und Muster ausgew\u00e4hlt wird.<\/p>\n<p>Tausende von kleinen Marmorteilen sind kunstvoll in dieses pr\u00e4chtige Kunstwerk eingelegt und machen es zu einem perfekten Beispiel f\u00fcr Intarsienkunst.<\/p>\n<p>Die Handwerkskunst sorgt f\u00fcr ein perfektes Gleichgewicht zwischen Kunstfertigkeit und Haltbarkeit, so dass ein langlebiges dekoratives Element entsteht, das sowohl funktional als auch sch\u00f6n ist.<\/p>\n<h2>Anwendung - Ideal f\u00fcr luxuri\u00f6se R\u00e4ume<\/h2>\n<p>Das Wanddekor mit Marmorintarsien ist f\u00fcr verschiedene hochwertige Anwendungen geeignet, von opulenten Wohnzimmern bis hin zu luxuri\u00f6sen Hotellobbys.<\/p>\n<p>Das tropische Dschungelthema sorgt f\u00fcr ein intensives Erlebnis, das ideal ist, um eine nat\u00fcrliche und ruhige Atmosph\u00e4re zu schaffen.<\/p>\n<p>Egal, ob es in einer Privatwohnung oder in einem Gesch\u00e4ftsraum eingesetzt wird, dieses Paneel wertet den Raum mit seiner raffinierten \u00c4sthetik und anspruchsvollen Handwerkskunst auf und ist damit die perfekte Wahl f\u00fcr alle, die eine elegante Wanddekoration suchen.<\/p>","protected":false},"excerpt":{"rendered":"<p><strong>Atemberaubende Marmorintarsien-Wandplatte f\u00fcr Luxusvilla<\/strong><\/p>\n<p><strong>Artikel Nummer: <\/strong>WA6I011<\/p>\n<p><strong>Material:<\/strong>\u00a0Marmor, Edelstein. (Marmor Inlay Wand Panel Material kann angepasst werden)<\/p>\n<p><strong>Gr\u00f6\u00dfe:<\/strong>\u00a0Ma\u00dfgeschneiderte Gr\u00f6\u00dfe f\u00fcr jedes Wanddekor aus Intarsienmarmor<\/p>\n<p><strong>Entwurf:<\/strong>\u00a0Standard- oder kundenspezifische Marmorintarsien-Designs<\/p>\n<p><strong>Anwendung:<\/strong>\u00a0Luxusvillen und -wohnungen, Hotels und Resorts, Gesch\u00e4ftsr\u00e4ume,<\/p>\n<p>Wohnzimmer, Besonderes Wandpaneel, Wanddekor, Intarsien-Wandkunst, Wandkunst aus Stein,<\/p>\n<p>\u00d6ffentliche R\u00e4ume, Eingang und Foyer, High-End-Clubs und Privatclubs,<\/p>\n<p>Ausstellungs- und Ausstellungsr\u00e4ume, Boutiquen, Museen, Kirchen, Moscheen, usw.<\/p>","protected":false},"featured_media":1842,"template":"","meta":{"_joinchat":[]},"product_brand":[],"product_cat":[22],"product_tag":[],"class_list":{"0":"post-1840","1":"product","2":"type-product","3":"status-publish","4":"has-post-thumbnail","6":"product_cat-marble-inlay-wall-decor","8":"first","9":"instock","10":"shipping-taxable","11":"product-type-simple"},"_links":{"self":[{"href":"https:\/\/www.smmarbleinlay.com\/de\/wp-json\/wp\/v2\/product\/1840","targetHints":{"allow":["GET"]}}],"collection":[{"href":"https:\/\/www.smmarbleinlay.com\/de\/wp-json\/wp\/v2\/product"}],"about":[{"href":"https:\/\/www.smmarbleinlay.com\/de\/wp-json\/wp\/v2\/types\/product"}],"wp:featuredmedia":[{"embeddable":true,"href":"https:\/\/www.smmarbleinlay.com\/de\/wp-json\/wp\/v2\/media\/1842"}],"wp:attachment":[{"href":"https:\/\/www.smmarbleinlay.com\/de\/wp-json\/wp\/v2\/media?parent=1840"}],"wp:term":[{"taxonomy":"product_brand","embeddable":true,"href":"https:\/\/www.smmarbleinlay.com\/de\/wp-json\/wp\/v2\/product_brand?post=1840"},{"taxonomy":"product_cat","embeddable":true,"href":"https:\/\/www.smmarbleinlay.com\/de\/wp-json\/wp\/v2\/product_cat?post=1840"},{"taxonomy":"product_tag","embeddable":true,"href":"https:\/\/www.smmarbleinlay.com\/de\/wp-json\/wp\/v2\/product_tag?post=1840"}],"curies":[{"name":"wp","href":"https:\/\/api.w.org\/{rel}","templated":true}]}}