{"id":1851,"date":"2025-04-05T14:34:19","date_gmt":"2025-04-05T06:34:19","guid":{"rendered":"https:\/\/www.smmarbleinlay.com\/?post_type=product&#038;p=1851"},"modified":"2025-04-09T16:58:35","modified_gmt":"2025-04-09T08:58:35","slug":"modern-marble-inlay-floor-design-pietra-dure-pattern","status":"publish","type":"product","link":"https:\/\/www.smmarbleinlay.com\/de\/produkt\/modern-marble-inlay-floor-design-pietra-dure-pattern\/","title":{"rendered":"Modernes Marmor-Intarsienboden-Design Pietra Dure-Muster"},"content":{"rendered":"<h2>Modernes Marmor-Intarsienboden-Design - Pietra Dure-Muster<\/h2>\n<p>Dieses moderne Marmorintarsien-Bodendesign Pietra Dure zeichnet sich durch ein k\u00fchnes geometrisches Muster mit Marmorintarsien aus.<\/p>\n<p>Das moderne Marmorintarsien-Bodendesign mit scharfen Rauten und wei\u00dfen Linien sorgt f\u00fcr einen auff\u00e4lligen, eleganten Look, der jedem Raum Raffinesse verleiht.<\/p>\n<h2>Marmorintarsien und Farbabstimmung - eine perfekte Mischung<\/h2>\n<p>Mit seinen hellgrauen und cremefarbenen T\u00f6nen bietet dieses Marmordesign einen weichen, neutralen Hintergrund, der moderne Interieurs erg\u00e4nzt.<\/p>\n<p>Die Mischung aus nat\u00fcrlichem Marmor und pr\u00e4ziser Geometrie schafft einen raffinierten, ausgewogenen Stil.<\/p>\n<h2>Anwendung - Vielseitig und stilvoll<\/h2>\n<p>Diese Marmorintarsie mit Fliesenmedaillon ist ideal f\u00fcr hochwertige R\u00e4ume wie luxuri\u00f6se Wohnr\u00e4ume, Hotellobbys oder gehobene B\u00fcros.<\/p>\n<p>Seine zeitlose Eleganz wertet jeden Raum auf und macht ihn zu einer perfekten Mischung aus Stil und Handwerkskunst.<\/p>","protected":false},"excerpt":{"rendered":"<p><strong>Marmor Intarsien Fu\u00dfboden Design Modern Style<\/strong><\/p>\n<p><strong>Artikel Nummer: <\/strong>FLM4G008<\/p>\n<p><strong>Material:<\/strong>\u00a0Mable, Edelstein. (Marmor Inlay Boden Design Materialien k\u00f6nnen angepasst werden)<\/p>\n<p><strong>Gr\u00f6\u00dfe:<\/strong>\u00a0Ma\u00dfgeschneiderte Gr\u00f6\u00dfe (individuelle Gr\u00f6\u00dfe der Marmorintarsien im Bodendesign)<\/p>\n<p><strong>Entwurf:<\/strong>\u00a0Standard- oder kundenspezifisches Design f\u00fcr Marmorintarsienb\u00f6den<\/p>\n<p><strong>Anwendung:<\/strong>\u00a0Luxusvillen und -wohnungen, Hotels und Resorts, Gesch\u00e4ftsr\u00e4ume,<\/p>\n<p>\u00d6ffentliche R\u00e4ume, Treppenh\u00e4user &amp; Flure, Eingang &amp; Foyer, Pietra Dura Art Floor,<\/p>\n<p>High-End-Clubs und Privatclubs, Showrooms und Ausstellungsr\u00e4ume,<\/p>\n<p>Boutiquen, Museum, Kirche, Moschee, etc.<\/p>","protected":false},"featured_media":1852,"template":"","meta":{"_joinchat":[]},"product_brand":[],"product_cat":[21],"product_tag":[],"class_list":{"0":"post-1851","1":"product","2":"type-product","3":"status-publish","4":"has-post-thumbnail","6":"product_cat-contemporary-marble-inlay-flooring","8":"first","9":"instock","10":"shipping-taxable","11":"product-type-simple"},"_links":{"self":[{"href":"https:\/\/www.smmarbleinlay.com\/de\/wp-json\/wp\/v2\/product\/1851","targetHints":{"allow":["GET"]}}],"collection":[{"href":"https:\/\/www.smmarbleinlay.com\/de\/wp-json\/wp\/v2\/product"}],"about":[{"href":"https:\/\/www.smmarbleinlay.com\/de\/wp-json\/wp\/v2\/types\/product"}],"wp:featuredmedia":[{"embeddable":true,"href":"https:\/\/www.smmarbleinlay.com\/de\/wp-json\/wp\/v2\/media\/1852"}],"wp:attachment":[{"href":"https:\/\/www.smmarbleinlay.com\/de\/wp-json\/wp\/v2\/media?parent=1851"}],"wp:term":[{"taxonomy":"product_brand","embeddable":true,"href":"https:\/\/www.smmarbleinlay.com\/de\/wp-json\/wp\/v2\/product_brand?post=1851"},{"taxonomy":"product_cat","embeddable":true,"href":"https:\/\/www.smmarbleinlay.com\/de\/wp-json\/wp\/v2\/product_cat?post=1851"},{"taxonomy":"product_tag","embeddable":true,"href":"https:\/\/www.smmarbleinlay.com\/de\/wp-json\/wp\/v2\/product_tag?post=1851"}],"curies":[{"name":"wp","href":"https:\/\/api.w.org\/{rel}","templated":true}]}}