{"id":1854,"date":"2025-04-05T14:42:08","date_gmt":"2025-04-05T06:42:08","guid":{"rendered":"https:\/\/www.smmarbleinlay.com\/?post_type=product&#038;p=1854"},"modified":"2025-04-09T16:59:40","modified_gmt":"2025-04-09T08:59:40","slug":"marble-inlay-floor-modern-design-with-bold-geometric-patterns","status":"publish","type":"product","link":"https:\/\/www.smmarbleinlay.com\/de\/produkt\/marble-inlay-floor-modern-design-with-bold-geometric-patterns\/","title":{"rendered":"Marmorintarsienboden Modernes Design mit k\u00fchnen geometrischen Mustern"},"content":{"rendered":"<h2>Modernes Marmor-Intarsienboden-Design - Pietra Dure-Muster<\/h2>\n<p>Marmorintarsienboden modernes Design mit k\u00fchnem geometrischem Muster pr\u00e4sentiert ein markantes, modernes geometrisches Muster, das klare Linien mit scharfen Winkeln kombiniert.<\/p>\n<p>Das moderne Design des Marmorintarsienfu\u00dfbodens verwendet Marmorintarsien, um eine Reihe von sich \u00fcberlappenden Quadraten zu schaffen, was zu einem k\u00fchnen, dynamischen visuellen Effekt f\u00fchrt.<\/p>\n<p>Dieser moderne Marmorboden mit k\u00fchnen geometrischen Mustern bietet einen eleganten und anspruchsvollen Look, der jeden Raum aufwertet.<\/p>\n<h2>Marmorintarsien und Farbkoordination - k\u00fchn und stilvoll<\/h2>\n<p>Das moderne Design des Marmorintarsienbodens verwendet eine kontrastreiche Farbpalette aus Schwarz und Wei\u00df, die die dramatische Wirkung des Bodens noch verst\u00e4rkt.<\/p>\n<p>Die abwechselnd einfarbigen und gestreiften Linien unterstreichen den modernen Reiz, w\u00e4hrend die nat\u00fcrliche Struktur des Marmors dem Muster Tiefe und Eleganz verleiht.<\/p>\n<p>Diese Farbe in Kombination mit dem k\u00fchnen geometrischen Muster macht das Design vielseitig und perfekt f\u00fcr moderne Innenr\u00e4ume.<\/p>\n<h2>Anwendung - Perfekt f\u00fcr stilvolle Innenr\u00e4ume<\/h2>\n<p>Dieses moderne Design-Fliesenmedaillon mit Marmorintarsien eignet sich ideal f\u00fcr eine Vielzahl von hochwertigen R\u00e4umen, darunter moderne Wohnzimmer, gehobene Lobbys und stilvolle B\u00fcros.<\/p>\n<p>Der kr\u00e4ftige Kontrast und das auff\u00e4llige Muster machen ihn zu einem Highlight, das jeder Umgebung eine raffinierte und schicke Atmosph\u00e4re verleiht.<\/p>","protected":false},"excerpt":{"rendered":"<p>Modernes Marmor-Intarsienparkett Design<\/p>\n<p><strong>Artikel Nummer: <\/strong>FLM4G009<\/p>\n<p><strong>Material:<\/strong>\u00a0Mable, Edelstein. (Material kann angepasst werden)<\/p>\n<p><strong>Gr\u00f6\u00dfe:<\/strong>\u00a0Ma\u00dfgeschneiderte Gr\u00f6\u00dfe<\/p>\n<p><strong>Entwurf:<\/strong>\u00a0Standard- oder kundenspezifische Ausf\u00fchrungen<\/p>\n<p><strong>Anwendung:<\/strong>\u00a0Luxusvillen und -wohnungen, Hotels und Resorts, Gesch\u00e4ftsr\u00e4ume,<\/p>\n<p>\u00d6ffentliche R\u00e4ume, Treppenh\u00e4user &amp; Flure, Eingang &amp; Foyer, Pietra Dura Art Floor,<\/p>\n<p>High-End-Clubs und Privatclubs, Showrooms und Ausstellungsr\u00e4ume,<\/p>\n<p>Boutiquen, Museum, Kirche, Moschee, etc.<\/p>","protected":false},"featured_media":1855,"template":"","meta":{"_joinchat":[]},"product_brand":[],"product_cat":[21],"product_tag":[],"class_list":{"0":"post-1854","1":"product","2":"type-product","3":"status-publish","4":"has-post-thumbnail","6":"product_cat-contemporary-marble-inlay-flooring","8":"first","9":"instock","10":"shipping-taxable","11":"product-type-simple"},"_links":{"self":[{"href":"https:\/\/www.smmarbleinlay.com\/de\/wp-json\/wp\/v2\/product\/1854","targetHints":{"allow":["GET"]}}],"collection":[{"href":"https:\/\/www.smmarbleinlay.com\/de\/wp-json\/wp\/v2\/product"}],"about":[{"href":"https:\/\/www.smmarbleinlay.com\/de\/wp-json\/wp\/v2\/types\/product"}],"wp:featuredmedia":[{"embeddable":true,"href":"https:\/\/www.smmarbleinlay.com\/de\/wp-json\/wp\/v2\/media\/1855"}],"wp:attachment":[{"href":"https:\/\/www.smmarbleinlay.com\/de\/wp-json\/wp\/v2\/media?parent=1854"}],"wp:term":[{"taxonomy":"product_brand","embeddable":true,"href":"https:\/\/www.smmarbleinlay.com\/de\/wp-json\/wp\/v2\/product_brand?post=1854"},{"taxonomy":"product_cat","embeddable":true,"href":"https:\/\/www.smmarbleinlay.com\/de\/wp-json\/wp\/v2\/product_cat?post=1854"},{"taxonomy":"product_tag","embeddable":true,"href":"https:\/\/www.smmarbleinlay.com\/de\/wp-json\/wp\/v2\/product_tag?post=1854"}],"curies":[{"name":"wp","href":"https:\/\/api.w.org\/{rel}","templated":true}]}}