{"id":1857,"date":"2025-04-05T14:51:04","date_gmt":"2025-04-05T06:51:04","guid":{"rendered":"https:\/\/www.smmarbleinlay.com\/?post_type=product&#038;p=1857"},"modified":"2025-04-09T16:55:27","modified_gmt":"2025-04-09T08:55:27","slug":"marble-flooring-contemporary-inlaid-marble-floor-design","status":"publish","type":"product","link":"https:\/\/www.smmarbleinlay.com\/de\/produkt\/marble-flooring-contemporary-inlaid-marble-floor-design\/","title":{"rendered":"Marmorfu\u00dfb\u00f6den Zeitgen\u00f6ssischer Intarsienmarmorboden Design"},"content":{"rendered":"<h2>Zeitgen\u00f6ssisches Design f\u00fcr eingelegte Marmorb\u00f6den - Individuelle Marmor-Medaillons<\/h2>\n<p>Dieser moderne Marmorboden mit Intarsien vereint Luxus und Kunstfertigkeit mit seinem komplizierten geometrischen Muster und verleiht jedem Boden einen opulenten und modernen Look.<\/p>\n<p>Das Design besteht aus einer Kombination von gr\u00fcnen, rosafarbenen und grauen Marmorst\u00fccken, die von zarten goldenen Intarsien eingerahmt werden.<\/p>\n<p>Jedes Segment des eingelegten Marmorfu\u00dfbodens bildet einen flie\u00dfenden Bogen, wodurch ein optisch harmonischer und eleganter Effekt entsteht, der jeden Raum in einen luxuri\u00f6sen Bereich verwandeln kann.<\/p>\n<h2>Marmorintarsien-Design - Farbharmonie und Handwerkskunst<\/h2>\n<p>Das Design des Marmorfu\u00dfbodens verwendet eine sanfte und doch lebendige Farbpalette, die erdige Gr\u00fcnt\u00f6ne, satte Rosat\u00f6ne und subtile Graut\u00f6ne miteinander verbindet.<\/p>\n<p>Die kontrastreichen Farben des eingelegten Marmorfu\u00dfbodens ergeben ein ausgewogenes, raffiniertes Muster.<\/p>\n<p>Die goldenen Einlegearbeiten heben die Kurven und B\u00f6gen hervor und verleihen dem Bodenmarmor-Medaillon eine zus\u00e4tzliche Ebene der Eleganz und Raffinesse.<\/p>\n<p>Die sorgf\u00e4ltige Auswahl der Materialien und die handwerkliche Pr\u00e4zision zeigen die wahre Sch\u00f6nheit dieses ma\u00dfgeschneiderten Marmorfu\u00dfbodens.<\/p>\n<h2>Zeitgen\u00f6ssische Marmorb\u00f6den - perfekt f\u00fcr High-End-R\u00e4ume<\/h2>\n<p>Dieses moderne Marmorbodenmedaillon eignet sich perfekt f\u00fcr luxuri\u00f6se Innenr\u00e4ume wie gehobene Wohnr\u00e4ume, Hotellobbys und Chefb\u00fcros.<\/p>\n<p>Seine exquisiten Details und sein elegantes Aussehen machen ihn zu einer idealen Wahl f\u00fcr R\u00e4ume, die einen raffinierten Touch erfordern.<\/p>\n<p>Die ma\u00dfgefertigten Marmordesigns verleihen gro\u00dfen R\u00e4umen Tiefe und Pers\u00f6nlichkeit und dienen als Blickfang, der das Gesamtambiente der Umgebung aufwertet.<\/p>","protected":false},"excerpt":{"rendered":"<p>Marmorfu\u00dfboden Zeitgen\u00f6ssisches Design<\/p>\n<p><strong>Artikel Nummer: <\/strong>FLM4G010<\/p>\n<p><strong>Material:<\/strong>\u00a0Mable, Edelstein. (Marmor Inlay Boden Design Materialien k\u00f6nnen angepasst werden)<\/p>\n<p><strong>Gr\u00f6\u00dfe:<\/strong>\u00a0Ma\u00dfgeschneiderte Gr\u00f6\u00dfe (individuelle Gr\u00f6\u00dfe der Marmorintarsien im Bodendesign)<\/p>\n<p><strong>Entwurf:<\/strong>\u00a0Standard- oder kundenspezifisches Design f\u00fcr Marmorintarsienb\u00f6den<\/p>\n<p><strong>Anwendung:<\/strong>\u00a0Luxusvillen und -wohnungen, Hotels und Resorts, Gesch\u00e4ftsr\u00e4ume,<\/p>\n<p>\u00d6ffentliche R\u00e4ume, Treppenh\u00e4user &amp; Flure, Eingang &amp; Foyer, Pietra Dura Art Floor,<\/p>\n<p>High-End-Clubs und Privatclubs, Showrooms und Ausstellungsr\u00e4ume,<\/p>\n<p>Boutiquen, Museum, Kirche, Moschee, etc.<\/p>","protected":false},"featured_media":1858,"template":"","meta":{"_joinchat":[]},"product_brand":[],"product_cat":[21],"product_tag":[],"class_list":{"0":"post-1857","1":"product","2":"type-product","3":"status-publish","4":"has-post-thumbnail","6":"product_cat-contemporary-marble-inlay-flooring","8":"first","9":"instock","10":"shipping-taxable","11":"product-type-simple"},"_links":{"self":[{"href":"https:\/\/www.smmarbleinlay.com\/de\/wp-json\/wp\/v2\/product\/1857","targetHints":{"allow":["GET"]}}],"collection":[{"href":"https:\/\/www.smmarbleinlay.com\/de\/wp-json\/wp\/v2\/product"}],"about":[{"href":"https:\/\/www.smmarbleinlay.com\/de\/wp-json\/wp\/v2\/types\/product"}],"wp:featuredmedia":[{"embeddable":true,"href":"https:\/\/www.smmarbleinlay.com\/de\/wp-json\/wp\/v2\/media\/1858"}],"wp:attachment":[{"href":"https:\/\/www.smmarbleinlay.com\/de\/wp-json\/wp\/v2\/media?parent=1857"}],"wp:term":[{"taxonomy":"product_brand","embeddable":true,"href":"https:\/\/www.smmarbleinlay.com\/de\/wp-json\/wp\/v2\/product_brand?post=1857"},{"taxonomy":"product_cat","embeddable":true,"href":"https:\/\/www.smmarbleinlay.com\/de\/wp-json\/wp\/v2\/product_cat?post=1857"},{"taxonomy":"product_tag","embeddable":true,"href":"https:\/\/www.smmarbleinlay.com\/de\/wp-json\/wp\/v2\/product_tag?post=1857"}],"curies":[{"name":"wp","href":"https:\/\/api.w.org\/{rel}","templated":true}]}}