{"id":1927,"date":"2025-04-08T14:13:57","date_gmt":"2025-04-08T06:13:57","guid":{"rendered":"https:\/\/www.smmarbleinlay.com\/?post_type=product&#038;p=1927"},"modified":"2025-04-09T16:40:34","modified_gmt":"2025-04-09T08:40:34","slug":"marble-inlay-floor-design-with-geometric-tile-medallion","status":"publish","type":"product","link":"https:\/\/www.smmarbleinlay.com\/de\/produkt\/marble-inlay-floor-design-with-geometric-tile-medallion\/","title":{"rendered":"Marmorintarsien-Bodengestaltung mit geometrischem Fliesenmedaillon"},"content":{"rendered":"<h2>Ein auff\u00e4lliges Meisterwerk der Intarsiengestaltung im Marmorboden<\/h2>\n<p>Erh\u00f6hen Sie Ihre Innenr\u00e4ume mit einem k\u00fchnen und anspruchsvollen Marmorintarsien-Bodendesign mit geometrischem Fliesenmedaillon, bei dem Pr\u00e4zision auf Kunstfertigkeit trifft.<\/p>\n<p>Dieser eingelegte Marmorboden ist mehr als nur eine Oberfl\u00e4che - er ist ein visuelles Statement, das klassische Eleganz mit moderner Sensibilit\u00e4t verbindet und sich perfekt f\u00fcr luxuri\u00f6se H\u00e4user und gro\u00dfe Eingangsbereiche eignet.<\/p>\n<h2>Hochwertiger Naturmarmor f\u00fcr zeitlose Qualit\u00e4t<\/h2>\n<p>Dieser Marmorboden wird aus hochwertigem, handverlesenem Naturmarmor hergestellt.<\/p>\n<p>Marmor ist bekannt f\u00fcr seine Langlebigkeit und seine raffinierte Struktur und bleibt ein bevorzugtes Material f\u00fcr exklusive Innenr\u00e4ume.<\/p>\n<p>Die glatte, polierte Oberfl\u00e4che ist nicht nur \u00e4sthetisch ansprechend, sondern auch langlebig und damit ideal f\u00fcr stark frequentierte Bereiche wie Foyers und Flure.<\/p>\n<h2>Kompliziertes geometrisches Marmorintarsien-Design<\/h2>\n<p>Das Herzst\u00fcck dieses Designs liegt in der sorgf\u00e4ltigen Marmorintarsie, die von geometrischen Mustern und Art-D\u00e9co-Einfl\u00fcssen inspiriert ist.<\/p>\n<p>Jedes Bodenmarmor-Medaillon weist k\u00fchne Halbkreise und klare lineare Akzente auf, die durch die traditionelle Pietra dure-Technik nahtlos integriert werden.<\/p>\n<p>Das Ergebnis ist ein rhythmisches, ausgewogenes Muster, das das Auge anzieht und den Raum belebt.<\/p>\n<h2>Anspruchsvolle monochrome Palette<\/h2>\n<p>Das Farbschema kombiniert tiefschwarzen Marmor mit zarten wei\u00dfen und grauen Intarsien und schafft so einen starken visuellen Kontrast und Eleganz.<\/p>\n<p>Diese kontrastreiche Palette hebt nicht nur die Details der einzelnen Marmorintarsien hervor, sondern passt auch zu modernen und klassischen Einrichtungen.<\/p>\n<p>Das Gesamtbild ist schlicht, zeitlos und unglaublich vielseitig.<\/p>\n<h2>Ideal f\u00fcr gro\u00dfe Eing\u00e4nge und elegante Innenr\u00e4ume<\/h2>\n<p>Dieser Marmorboden eignet sich besonders gut f\u00fcr luxuri\u00f6se Eingangsbereiche, formelle Wohnzimmer und repr\u00e4sentative Treppenabs\u00e4tze.<\/p>\n<p>Die Anordnung der Marmormedaillons auf dem Boden schafft einen nat\u00fcrlichen Fluss, der die Besucher durch den Raum f\u00fchrt und einen bleibenden Eindruck hinterl\u00e4sst.<\/p>\n<p>Ob in Wohnvillen oder in gehobenen Hotelzimmern, dieses Design macht jeden Boden zu einem zentralen k\u00fcnstlerischen Element.<\/p>\n<h2>Beeindrucken durch Handwerk<\/h2>\n<p>Dieses von Meisterhandwerkern entworfene und gefertigte Marmorintarsien-Design zeigt die unvergleichliche Qualit\u00e4t und Liebe zum Detail, f\u00fcr die Stone Master bekannt ist.<\/p>\n<p>Jede Fliese wird nach Ma\u00df geschnitten und von Hand verlegt, um eine makellose Oberfl\u00e4che und ein wirklich ma\u00dfgeschneidertes Aussehen zu gew\u00e4hrleisten.<\/p>","protected":false},"excerpt":{"rendered":"<p>Versch\u00f6nern Sie Ihren Raum mit diesem atemberaubenden Marmorintarsien-Bodenmuster mit geometrischem Fliesenmedaillon, das aus hochwertigem Naturstein gefertigt ist.<\/p>\n<p>Mit seinem k\u00fchnen Design aus Marmorintarsien mit klaren Linien und halbkreisf\u00f6rmigen Mustern verleiht dieser Marmorboden mit Intarsien zeitloser Eleganz einen modernen Touch.<\/p>\n<p>Das kontrastreiche Marmordesign in Schwarz, Wei\u00df und Grau verleiht dem Boden Tiefe und Raffinesse und eignet sich perfekt f\u00fcr luxuri\u00f6se Eingangsbereiche, Foyers oder formelle R\u00e4ume.<\/p>\n<p>Jedes Bodenmarmormedaillon wird pr\u00e4zise geschnitten und von Hand verlegt, um ein makelloses Finish zu erzielen, das meisterhafte Handwerkskunst widerspiegelt. Ideal f\u00fcr gehobene Wohnungen und Boutique-Interieurs.<\/p>\n<p><strong>Artikel Nummer: <\/strong>FLM4G012<\/p>\n<p><strong>Material:<\/strong>\u00a0Mable, Edelstein. (Marmor Inlay Materialien k\u00f6nnen angepasst werden)<\/p>\n<p><strong>Gr\u00f6\u00dfe:<\/strong>\u00a0Ma\u00dfgeschneiderte Gr\u00f6\u00dfe (Gr\u00f6\u00dfe der Marmoreinlage)<\/p>\n<p><strong>Entwurf:<\/strong>\u00a0Standard- oder kundenspezifische Marmordesigns<\/p>\n<p><strong>Anwendung:<\/strong>\u00a0Luxusvillen und -wohnungen, Hotels und Resorts, Gesch\u00e4ftsr\u00e4ume,<\/p>\n<p>\u00d6ffentliche R\u00e4ume, Treppenh\u00e4user &amp; Flure, Eingang &amp; Foyer, Pietra Dura Art Floor,<\/p>\n<p>High-End-Clubs und Privatclubs, Showrooms und Ausstellungsr\u00e4ume,<\/p>\n<p>Boutiquen, Museum, Kirche, Moschee, etc.<\/p>","protected":false},"featured_media":1928,"template":"","meta":{"_joinchat":[]},"product_brand":[],"product_cat":[21],"product_tag":[],"class_list":{"0":"post-1927","1":"product","2":"type-product","3":"status-publish","4":"has-post-thumbnail","6":"product_cat-contemporary-marble-inlay-flooring","8":"first","9":"instock","10":"shipping-taxable","11":"product-type-simple"},"_links":{"self":[{"href":"https:\/\/www.smmarbleinlay.com\/de\/wp-json\/wp\/v2\/product\/1927","targetHints":{"allow":["GET"]}}],"collection":[{"href":"https:\/\/www.smmarbleinlay.com\/de\/wp-json\/wp\/v2\/product"}],"about":[{"href":"https:\/\/www.smmarbleinlay.com\/de\/wp-json\/wp\/v2\/types\/product"}],"wp:featuredmedia":[{"embeddable":true,"href":"https:\/\/www.smmarbleinlay.com\/de\/wp-json\/wp\/v2\/media\/1928"}],"wp:attachment":[{"href":"https:\/\/www.smmarbleinlay.com\/de\/wp-json\/wp\/v2\/media?parent=1927"}],"wp:term":[{"taxonomy":"product_brand","embeddable":true,"href":"https:\/\/www.smmarbleinlay.com\/de\/wp-json\/wp\/v2\/product_brand?post=1927"},{"taxonomy":"product_cat","embeddable":true,"href":"https:\/\/www.smmarbleinlay.com\/de\/wp-json\/wp\/v2\/product_cat?post=1927"},{"taxonomy":"product_tag","embeddable":true,"href":"https:\/\/www.smmarbleinlay.com\/de\/wp-json\/wp\/v2\/product_tag?post=1927"}],"curies":[{"name":"wp","href":"https:\/\/api.w.org\/{rel}","templated":true}]}}