{"id":2171,"date":"2025-05-12T16:12:58","date_gmt":"2025-05-12T08:12:58","guid":{"rendered":"https:\/\/www.smmarbleinlay.com\/?post_type=product&#038;p=2171"},"modified":"2025-05-13T16:03:55","modified_gmt":"2025-05-13T08:03:55","slug":"marble-inlay-flooring-custom-medallion-design","status":"publish","type":"product","link":"https:\/\/www.smmarbleinlay.com\/de\/produkt\/marble-inlay-flooring-custom-medallion-design\/","title":{"rendered":"Marmor-Intarsien-Fu\u00dfb\u00f6den Benutzerdefiniertes Medaillon-Design"},"content":{"rendered":"<h2>Luxuri\u00f6ser Marmor-Intarsien-Bodenbelag Individuelle Medaillon-Design-Ideen<\/h2>\n<p>Versch\u00f6nern Sie Ihre Innenr\u00e4ume mit diesem luxuri\u00f6sen, ma\u00dfgefertigten Marmorintarsien-Meisterwerk von Stone Master - eine harmonische Mischung aus klassischer Eleganz und \u00fcberlegener Handwerkskunst. Mit seinem aufw\u00e4ndigen Medaillon-Design aus Naturstein ist dieser Bodenbelag ein Zeugnis f\u00fcr die zeitlose Anziehungskraft von Intarsien-Design und traditioneller Kunstfertigkeit. Er eignet sich perfekt f\u00fcr gehobene Villen, Foyers und formelle S\u00e4le und verleiht ihnen ein unverwechselbares Gef\u00fchl von Prestige und Erhabenheit.<\/p>\n<h2>Die Kunst der Marmorintarsien Fu\u00dfb\u00f6den Custome Medaillon Designs: Hochwertige Materialien und Handwerkskunst<\/h2>\n<p>Diese elegante Marmorintarsie wird in Handarbeit aus einer Auswahl hochwertiger Materialien hergestellt, darunter italienischer Marmor, Halbedelsteine und exotische Edelsteine. Jede Komponente wird nicht nur wegen ihrer nat\u00fcrlichen Sch\u00f6nheit ausgew\u00e4hlt, sondern auch wegen ihrer Haltbarkeit und Verarbeitbarkeit, damit die Intarsie \u00fcber Jahrzehnte hinweg lebendig bleibt. Die reichhaltigen Texturen und Maserungen dieser Steine verleihen dem gesamten Intarsiendesign Tiefe und Dimension.<\/p>\n<p>Stone Master verwendet modernste Wasserstrahltechnik, um jeden Stein mit hoher Pr\u00e4zision zu schneiden. Die St\u00fccke werden dann von geschickten Handwerkern mit traditionellen Intarsienmethoden zusammengesetzt, um sicherzustellen, dass jedes Fliesenmedaillon Museumsqualit\u00e4tsstandards erreicht. Unser \u00fcber 25-j\u00e4hriges Know-how in der Herstellung von Medaillons und Marmorintarsien gew\u00e4hrleistet, dass jedes Detail ein Meisterwerk ist.<\/p>\n<p>Dieses elegante Design mit Marmorintarsien wird in Handarbeit aus einer erlesenen Auswahl an erstklassigen Naturmaterialien hergestellt. Das Herzst\u00fcck ist feinster Qualit\u00e4tsmarmor, der f\u00fcr seine dauerhafte Sch\u00f6nheit, seine glatte Textur und seine nat\u00fcrliche Aderung gesch\u00e4tzt wird, die in jedem St\u00fcck ein einzigartiges Muster erzeugt. Erg\u00e4nzt wird der Marmor durch handgeschliffene Intarsien aus Halbedelsteinen, luxuri\u00f6sen Steinen wie Onyx, Lapislazuli und Perlmutt sowie anderen seltenen dekorativen Mineralien, die f\u00fcr ihre leuchtenden Farben und ihren visuellen Reichtum bekannt sind.<\/p>\n<p>Diese Materialien werden nicht nur wegen ihrer optischen Wirkung ausgew\u00e4hlt, sondern auch wegen ihrer hervorragenden Verarbeitbarkeit - sie lassen sich pr\u00e4zise schneiden, formen und in komplexe Intarsienmuster einpassen. Die inh\u00e4renten Qualit\u00e4ten dieser Natursteine - wie Haltbarkeit, Lichtdurchl\u00e4ssigkeit und Vielfalt der Texturen - erm\u00f6glichen es unseren Handwerkern, komplizierte Intarsienarbeiten auszuf\u00fchren und gleichzeitig die strukturelle Integrit\u00e4t der Oberfl\u00e4che zu erhalten. Jeder Stein tr\u00e4gt seine eigene \u00e4sthetische Handschrift zum Gesamtdesign der Intarsie bei, so dass ein luxuri\u00f6ses und dauerhaftes Bodenmedaillon entsteht.<\/p>\n<p>Stone Master verbindet traditionelle Handwerkskunst mit moderner Innovation. Mit Hilfe der hochpr\u00e4zisen Wasserstrahltechnik wird jedes einzelne Teil detailgetreu zugeschnitten, bevor es von Hand zusammengesetzt wird. Unser Team erfahrener Kunsthandwerker f\u00fchrt die Intarsienarbeiten mit Geduld, Genauigkeit und einem Auge f\u00fcr Harmonie aus, in dem sich jahrzehntelange Erfahrung widerspiegelt. Das Endergebnis ist ein Bodenbelag mit Marmorintarsien, der die nat\u00fcrliche Eleganz des Steins zelebriert und ihn in ein k\u00fcnstlerisches Herzst\u00fcck f\u00fcr jeden Innenraum verwandelt.<\/p>\n<h2>Zeitlose \u00c4sthetik bei Marmor-Intarsienb\u00f6den: Symbolik und Farbe in diesem Fliesenmedaillon<\/h2>\n<p>Das zentrale Medaillon-Design dieses Marmor-Intarsien-Bodens erinnert an klassische europ\u00e4ische Motive, reich an floralen Schn\u00f6rkeln, Akanthusbl\u00e4ttern und symmetrischen Wirbeln. Die Farbpalette umfasst warmes Gold, Waldgr\u00fcn, sanftes Blau und Terrakotta, die einen sch\u00f6nen Kontrast zu einem neutralen beigen Untergrund bilden. Diese raffinierte Farbzusammenstellung harmoniert nicht nur mit verschiedenen Einrichtungspaletten, sondern unterstreicht auch die r\u00e4umliche Eleganz.<\/p>\n<p>Die radiale Symmetrie des Intarsien-Designs steht symbolisch f\u00fcr Harmonie und Gleichgewicht - perfekt f\u00fcr gro\u00dfe Eing\u00e4nge oder Versammlungsr\u00e4ume, in denen Symmetrie Willkommen und Ordnung bedeutet. Die \u00e4u\u00dferen floralen Umrandungen betonen das zentrale, ma\u00dfgefertigte Medaillon und erzeugen einen k\u00f6niglichen Effekt, der an die Bodenkunst der Renaissance erinnert.<\/p>\n<p>Der hier gezeigte Marmorintarsien-Boden pr\u00e4sentiert ein meisterhaft komponiertes Fliesenmedaillon, das sowohl visuelle Harmonie als auch symbolische Tiefe verk\u00f6rpert.<\/p>\n<p>Das Herzst\u00fcck des Entwurfs ist eine symmetrische Medaillonstruktur, die Gleichgewicht, Einheit und klassische Ordnung repr\u00e4sentieren soll.<\/p>\n<p>Das Design des Medaillons ist von der Architektur der Renaissance inspiriert, wo Geometrie und Symmetrie die Harmonie der Natur und des Universums widerspiegeln sollten.<\/p>\n<p>Florale Motive, geschwungene Akanthusbl\u00e4tter und ornamentale Schn\u00f6rkel strahlen von der Mitte aus und bilden eine dynamische und doch zusammenh\u00e4ngende Komposition.<\/p>\n<p>Diese organischen Elemente symbolisieren Wachstum, Vitalit\u00e4t und Eleganz - zeitlose Qualit\u00e4ten, die jede Bodengestaltung aufwerten.<\/p>\n<p>Die Farbpalette wurde sorgf\u00e4ltig ausgew\u00e4hlt, um W\u00e4rme und Opulenz zu vermitteln und gleichzeitig vielseitig f\u00fcr eine Vielzahl von Einrichtungsstilen geeignet zu sein.<\/p>\n<p>Satte Goldt\u00f6ne gepaart mit erdigen Terrakottat\u00f6nen suggerieren Luxus und Tradition.<\/p>\n<p>Zarte Gr\u00fcnt\u00f6ne und sanfte Blaut\u00f6ne bilden einen k\u00fchlenden Kontrast und verst\u00e4rken das Gef\u00fchl von r\u00e4umlicher Offenheit und Ruhe.<\/p>\n<p>Der beige- oder cremefarbene Hintergrund bietet eine neutrale Leinwand, auf der das Medaillon-Design gut zur Geltung kommt, ohne den Raum zu \u00fcberw\u00e4ltigen.<\/p>\n<p>Jeder Farbton wird von Naturstein abgeleitet, was Authentizit\u00e4t und einen einzigartigen Charakter jeder Installation gew\u00e4hrleistet.<\/p>\n<p>Diese Kombination aus Farbe und Form sorgt daf\u00fcr, dass das Fliesenmedaillon ein zeitloser Mittelpunkt bleibt, der \u00fcber Trends hinausgeht und sich sowohl an klassische als auch an moderne Innenr\u00e4ume anpasst.<\/p>\n<p>Die kunstvollen Details des Intarsien-Designs erh\u00f6hen nicht nur den \u00e4sthetischen Wert des Raumes, sondern spiegeln auch kulturelle Raffinesse und pers\u00f6nlichen Geschmack wider.<\/p>\n<p>Ob in einem Foyer, einem Esszimmer oder einem luxuri\u00f6sen Flur, dieser Marmorboden bringt Tiefe, Symbolik und raffinierte Eleganz in die Umgebung.<\/p>\n<h2>Fachm\u00e4nnische Einlegearbeiten und Wasserstrahl-Design Pr\u00e4zision<\/h2>\n<p>Das Herzst\u00fcck dieses Designs ist eine nahtlose Verschmelzung von Tradition und Technologie. Das Grunddesign wird digital abgebildet und mit fortschrittlichen Wasserstrahl-Designsystemen geschnitten, was eine \u00e4u\u00dferst pr\u00e4zise Ausf\u00fchrung komplexer Kurven und ineinandergreifender Elemente erm\u00f6glicht. Es folgt die sorgf\u00e4ltige Einlegearbeit durch Steinmetzmeister, die mit ihrer Liebe zum Detail daf\u00fcr sorgen, dass jedes Element einwandfrei passt.<\/p>\n<p>Unser Verfahren bewahrt die traditionelle Seele von Marmorintarsienb\u00f6den und garantiert gleichzeitig moderne Haltbarkeit und gleichbleibende Qualit\u00e4t. Das Ergebnis ist ein St\u00fcck, das nicht nur dekorativ ist, sondern \u00fcber Generationen hinweg Bestand hat.<\/p>\n<p>Jedes Projekt mit Marmorintarsien bei Stone Master spiegelt fachm\u00e4nnische Handwerkskunst und fortschrittliche Wasserstrahltechnik wider.<\/p>\n<p>Unser Prozess beginnt mit hochaufl\u00f6senden digitalen Layouts, um komplexe Intarsienmuster mit absoluter Genauigkeit abzubilden.<\/p>\n<p>Hochmoderne Wasserstrahlmaschinen werden dann eingesetzt, um jedes St\u00fcck Marmor, Edelstein oder Luxusstein mit ultrafeiner Pr\u00e4zision zu schneiden.<\/p>\n<p>Diese Technologie erm\u00f6glicht komplizierte Kurven, scharfe Winkel und feine Details, die mit der Hand allein unm\u00f6glich zu erreichen w\u00e4ren.<\/p>\n<p>Das Wasserstrahlschneiden gew\u00e4hrleistet eine perfekte Passform zwischen den einzelnen Komponenten, wodurch L\u00fccken minimiert werden und die Festigkeit der gesamten Bodeneinlage erhalten bleibt.<\/p>\n<p>Nach dem Zuschnitt der einzelnen Elemente \u00fcbernehmen unsere geschickten Handwerker die Fertigstellung der Einlegearbeiten mit au\u00dfergew\u00f6hnlicher Liebe zum Detail.<\/p>\n<p>Jedes St\u00fcck wird sorgf\u00e4ltig von Hand platziert, um die Ausrichtung, Konsistenz und k\u00fcnstlerische Harmonie des gesamten Medaillon-Designs zu gew\u00e4hrleisten.<\/p>\n<p>Die nahtlose Verbindung von Technologie und traditioneller Handwerkskunst f\u00fchrt zu pr\u00e4zisen und ausdrucksstarken Marmorintarsien-Designs.<\/p>\n<p>Einlegearbeiten dieses Kalibers erfordern nicht nur technisches Geschick, sondern auch ein k\u00fcnstlerisches Auge f\u00fcr Muster, Proportionen und Ausgewogenheit.<\/p>\n<p>Unsere Handwerker k\u00f6nnen auf jahrelange Erfahrung zur\u00fcckgreifen, um das Design zu interpretieren, Steint\u00f6ne abzustimmen und den nat\u00fcrlichen Fluss des Fliesenmedaillons zu verbessern.<\/p>\n<p>Die durch das Wasserstrahldesign erreichte Pr\u00e4zision garantiert die langfristige Stabilit\u00e4t und visuelle Integrit\u00e4t jedes individuell angefertigten Medaillons.<\/p>\n<p>Dieses Verfahren erm\u00f6glicht individuelle Muster, von klassischen Motiven bis hin zu modernen geometrischen Anordnungen, die alle mit einer einwandfreien Ausf\u00fchrung realisiert werden.<\/p>\n<p>Ob als Blickfang f\u00fcr einen gro\u00dfen Eingang oder als raffiniertes Detail in einer Luxusvilla - unsere Marmorintarsienb\u00f6den sind Ausdruck dauerhafter Qualit\u00e4t und Innovation.<\/p>\n<h2>Vielseitige Anwendung von ma\u00dfgefertigten Medaillons in modernen Innenr\u00e4umen<\/h2>\n<p>Dieses atemberaubende Fliesenmedaillon l\u00e4sst sich in eine Vielzahl von luxuri\u00f6sen Einrichtungen integrieren:<\/p>\n<ul>\n<li>Foyers und Eingangsbereiche: Beeindrucken Sie Ihre G\u00e4ste mit einem pr\u00e4chtigen Mittelst\u00fcck im Medaillon-Design, das den Ton f\u00fcr Ihr gesamtes Haus angibt.<\/li>\n<li>Wohn- und Esszimmer: Definieren Sie Zonen in gro\u00dfen, offen gestalteten R\u00e4umen und verleihen Sie ihnen einen zeitlosen Charakter.<\/li>\n<li>Hotel-Lobbys und kommerzielle R\u00e4ume: Schaffen Sie ikonische, denkw\u00fcrdige Eing\u00e4nge, die Luxus ausstrahlen.<\/li>\n<li>Aufzug-Lobbys und Flure: Versch\u00f6nern Sie schmale Bereiche oder \u00dcbergangsbereiche mit komplizierten Intarsien-Designdetails.<\/li>\n<li>Tempel und kulturelle St\u00e4tten: Respektvolle Einbindung k\u00fcnstlerischer Traditionen durch heilige Geometrie und symbolische Motive.<\/li>\n<\/ul>\n<p>Wo auch immer es platziert wird, dieses ma\u00dfgefertigte Medaillon wertet die umgebende Architektur auf und erg\u00e4nzt sowohl klassische als auch moderne Innenr\u00e4ume.<\/p>\n<p>Ma\u00dfgefertigte Medaillons haben sich von klassischen europ\u00e4ischen Landg\u00fctern zu integralen Gestaltungselementen in der zeitgen\u00f6ssischen Innenarchitektur entwickelt.<\/p>\n<p>Die Sch\u00f6nheit eines Bodenmedaillons mit Marmorintarsien liegt nicht nur in seinem \u00e4sthetischen Wert, sondern auch in seiner F\u00e4higkeit, sich nahtlos in eine Vielzahl von Einrichtungsstilen einzuf\u00fcgen.<\/p>\n<p>In modernen Villen und Luxusresidenzen werden Fliesenmedaillons oft in gro\u00dfen Eingangshallen angebracht, um einen atemberaubenden ersten Eindruck zu vermitteln.<\/p>\n<p>Die kreisf\u00f6rmige Symmetrie des Medaillon-Designs lenkt den Blick nach innen und f\u00fchrt die G\u00e4ste zum zentralen Mittelpunkt des Raumes.<\/p>\n<p>Dadurch kommen Marmorintarsienb\u00f6den besonders gut in Foyers, Rotunden und zentralen Wohnr\u00e4umen zur Geltung, die einen optischen Anker ben\u00f6tigen.<\/p>\n<p>Einlegearbeiten k\u00f6nnen auf die architektonische Sprache des Hauses abgestimmt werden - ob neoklassisch, minimalistisch, Art d\u00e9co oder mediterran.<\/p>\n<p>So kann ein Medaillon mit verschn\u00f6rkelten Blumenmustern zu einem barock inspirierten Interieur passen, w\u00e4hrend ein geometrisches Intarsiendesign nahtlos in eine moderne, minimalistische Wohnung passt.<\/p>\n<p>Ma\u00dfgefertigte Medaillons finden auch unter Kronleuchtern, Kuppeln oder anderen \u00dcberkopf-Elementen ideale Verwendung, um die r\u00e4umliche Hierarchie zu betonen.<\/p>\n<p>In Esszimmern oder unter runden Deckenvouten verleihen sie dem Raum einen Hauch von Raffinesse, der das Gesamterlebnis steigert.<\/p>\n<p>Ein weiteres beliebtes Einsatzgebiet sind Marmorflure, in denen Intarsienmuster rhythmisch wiederholt werden k\u00f6nnen, um die Bewegung durch das Haus zu leiten.<\/p>\n<p>Dieser Rhythmus schafft einen koh\u00e4renten Innenraumfluss und erh\u00e4lt gleichzeitig das visuelle Interesse und den Reichtum in jedem Abschnitt des Korridors.<\/p>\n<p>In offenen Grundrissen helfen Fliesenmedaillons bei der Abgrenzung von Bereichen, ohne dass physische Trennw\u00e4nde erforderlich sind.<\/p>\n<p>So grenzt beispielsweise ein Intarsienmedaillon unter einem Esstisch den Essbereich dezent von den umliegenden Lounge- oder K\u00fcchenbereichen ab.<\/p>\n<p>Intarsien-Marmorb\u00f6den werden auch h\u00e4ufig in Badezimmern und Wellnessbereichen verwendet, wo dekorative Steindesigns das Licht reflektieren und eine Atmosph\u00e4re von ruhigem Luxus schaffen.<\/p>\n<p>Dank der Wasserbest\u00e4ndigkeit des Marmors und der Pr\u00e4zision der Wasserstrahltechnik profitieren diese R\u00e4ume sowohl von der Funktion als auch von der Form.<\/p>\n<p>In gewerblichen Objekten wie Hotels, Boutiquen und Galerien werden zunehmend Marmorintarsien verwendet, um ein Gef\u00fchl von Exklusivit\u00e4t und Markenidentit\u00e4t zu vermitteln.<\/p>\n<p>Ein gut gestaltetes Medaillon in einer Hotellobby oder im Eingangsbereich einer Boutique vermittelt Eleganz, Best\u00e4ndigkeit und Liebe zum Detail.<\/p>\n<p>Kundenspezifische Logos oder Monogramme k\u00f6nnen in die Einlegearbeiten eingebettet werden, wodurch ein sehr pers\u00f6nliches und unvergessliches Markenerlebnis entsteht.<\/p>\n<p>Auch in B\u00fcror\u00e4umen und Sitzungss\u00e4len werden Intarsienb\u00f6den verwendet, um die Eleganz des Unternehmens zu unterstreichen.<\/p>\n<h2>Dekorative Wirkung mit Marmor-Intarsienb\u00f6den<\/h2>\n<p>Wenn Sie Ihren Raum mit Marmorintarsien wie diesem Bodenbelag ausstatten, verleiht er dem Interieur sofort ein majest\u00e4tisches Flair. Der Boden wird zu einem Kunstwerk, das die Blicke auf sich zieht und Pr\u00e4senz zeigt, ohne den Raum zu erdr\u00fccken. Der Reichtum des Materials, die Finesse der Intarsienarbeit und die Sch\u00f6nheit des Medaillon-Designs erz\u00e4hlen eine Geschichte von Eleganz und Raffinesse.<\/p>\n<p>Ganz gleich, ob Sie sich f\u00fcr dieses St\u00fcck als Blickfang oder als Teil eines gr\u00f6\u00dferen Marmorintarsien-Bodenbelags entscheiden, es bietet einen architektonischen Wow-Faktor, den nur wenige andere Designelemente erreichen k\u00f6nnen.<\/p>\n<h2>Bestellen Sie Ihr individuelles Marmor-Inlay-Fliesenmedaillon noch heute<\/h2>\n<p>Bei Stone Master haben wir uns auf vollst\u00e4ndig anpassbare Marmorintarsienprojekte spezialisiert. Jedes Element Ihres Fliesenmedaillons - von der Farbe bis zum Motiv, von der Gr\u00f6\u00dfe bis zur Form - kann auf Ihre Vorstellungen zugeschnitten werden. Setzen Sie sich noch heute mit uns in Verbindung, um mit unserem fachkundigen Designteam zusammenzuarbeiten und Ihr pers\u00f6nliches Intarsien-Design zum Leben zu erwecken.<\/p>\n<p>&nbsp;<\/p>","protected":false},"excerpt":{"rendered":"<p>Marmor-Intarsienfu\u00dfboden Artikelnummer: FL5H011<\/p>\n<p>Material Marmor: Mable, Edelstein. (Material kann angepasst werden)<\/p>\n<p>Ma\u00dfgeschneiderte Marmorintarsien Gr\u00f6\u00dfe: Ma\u00dfgeschneiderte Gr\u00f6\u00dfe<\/p>\n<p>Marmor-Design: Standard- oder kundenspezifische Designs<\/p>\n<p>Luxusraum Anwendung: Luxusvillen und -wohnungen, Hotels und Resorts, Gesch\u00e4ftsr\u00e4ume,<\/p>\n<p>\u00d6ffentliche R\u00e4ume, Treppenh\u00e4user und Flure, Eingang und Foyer,<\/p>\n<p>High-End-Clubs und Privatclubs, Showrooms und Ausstellungsr\u00e4ume,<\/p>\n<p>Boutiquen, Museum, Kirche, Moschee, etc.<\/p>","protected":false},"featured_media":2172,"template":"","meta":{"_joinchat":[]},"product_brand":[],"product_cat":[20],"product_tag":[],"class_list":{"0":"post-2171","1":"product","2":"type-product","3":"status-publish","4":"has-post-thumbnail","6":"product_cat-classic-marble-inlay-flooring","8":"first","9":"instock","10":"shipping-taxable","11":"product-type-simple"},"_links":{"self":[{"href":"https:\/\/www.smmarbleinlay.com\/de\/wp-json\/wp\/v2\/product\/2171","targetHints":{"allow":["GET"]}}],"collection":[{"href":"https:\/\/www.smmarbleinlay.com\/de\/wp-json\/wp\/v2\/product"}],"about":[{"href":"https:\/\/www.smmarbleinlay.com\/de\/wp-json\/wp\/v2\/types\/product"}],"wp:featuredmedia":[{"embeddable":true,"href":"https:\/\/www.smmarbleinlay.com\/de\/wp-json\/wp\/v2\/media\/2172"}],"wp:attachment":[{"href":"https:\/\/www.smmarbleinlay.com\/de\/wp-json\/wp\/v2\/media?parent=2171"}],"wp:term":[{"taxonomy":"product_brand","embeddable":true,"href":"https:\/\/www.smmarbleinlay.com\/de\/wp-json\/wp\/v2\/product_brand?post=2171"},{"taxonomy":"product_cat","embeddable":true,"href":"https:\/\/www.smmarbleinlay.com\/de\/wp-json\/wp\/v2\/product_cat?post=2171"},{"taxonomy":"product_tag","embeddable":true,"href":"https:\/\/www.smmarbleinlay.com\/de\/wp-json\/wp\/v2\/product_tag?post=2171"}],"curies":[{"name":"wp","href":"https:\/\/api.w.org\/{rel}","templated":true}]}}